{"id":24179,"date":"2024-05-30T15:09:06","date_gmt":"2024-05-30T13:09:06","guid":{"rendered":"https:\/\/vendingoutlet.org\/?post_type=product&#038;p=24179"},"modified":"2024-10-24T13:34:20","modified_gmt":"2024-10-24T11:34:20","slug":"cashflow-560-mdb-e","status":"publish","type":"product","link":"https:\/\/vendingoutlet.org\/en\/termek\/cashflow-560-mdb-e\/","title":{"rendered":"Cashflow 560 Mdb \/ \u20ac"},"content":{"rendered":"<p class=\"cs95E872D0\"><span class=\"cs1B16EEB5\">\u00a0<\/span><\/p>","protected":false},"excerpt":{"rendered":"<p>\u00a0<\/p>","protected":false},"featured_media":26456,"template":"","meta":{"_acf_changed":false,"content-type":""},"location":[],"product_brand":[],"product_cat":[40],"product_tag":[],"class_list":{"0":"post-24179","1":"product","2":"type-product","3":"status-publish","4":"has-post-thumbnail","6":"product_cat-penzvizsgalo-rendszerek","8":"first","9":"outofstock","10":"shipping-taxable","11":"product-type-simple"},"acf":[],"yoast_head":"<!-- This site is optimized with the Yoast SEO plugin v27.4 - https:\/\/yoast.com\/product\/yoast-seo-wordpress\/ -->\n<title>Cashflow 560 Mdb \/ \u20ac - Vendingoutlet<\/title>\n<meta name=\"robots\" content=\"index, follow, max-snippet:-1, max-image-preview:large, max-video-preview:-1\" \/>\n<link rel=\"canonical\" href=\"https:\/\/vendingoutlet.org\/en\/product-2\/cashflow-560-mdb-e\/\" \/>\n<meta property=\"og:locale\" content=\"en_US\" \/>\n<meta property=\"og:type\" content=\"article\" \/>\n<meta property=\"og:title\" content=\"Cashflow 560 Mdb \/ \u20ac - Vendingoutlet\" \/>\n<meta property=\"og:description\" content=\"\u00a0\" \/>\n<meta property=\"og:url\" content=\"https:\/\/vendingoutlet.org\/en\/product-2\/cashflow-560-mdb-e\/\" \/>\n<meta property=\"og:site_name\" content=\"Vendingoutlet\" \/>\n<meta property=\"article:modified_time\" content=\"2024-10-24T11:34:20+00:00\" \/>\n<meta property=\"og:image\" content=\"https:\/\/vendingoutlet.org\/wp-content\/uploads\/2024\/01\/Cashflow-560.jpg\" \/>\n\t<meta property=\"og:image:width\" content=\"1000\" \/>\n\t<meta property=\"og:image:height\" content=\"1000\" \/>\n\t<meta property=\"og:image:type\" content=\"image\/jpeg\" \/>\n<meta name=\"twitter:card\" content=\"summary_large_image\" \/>\n<script type=\"application\/ld+json\" class=\"yoast-schema-graph\">{\"@context\":\"https:\\\/\\\/schema.org\",\"@graph\":[{\"@type\":\"WebPage\",\"@id\":\"https:\\\/\\\/vendingoutlet.org\\\/termek\\\/cashflow-560-mdb-e\\\/\",\"url\":\"https:\\\/\\\/vendingoutlet.org\\\/termek\\\/cashflow-560-mdb-e\\\/\",\"name\":\"Cashflow 560 Mdb \\\/ \u20ac - Vendingoutlet\",\"isPartOf\":{\"@id\":\"https:\\\/\\\/vendingoutlet.org\\\/#website\"},\"primaryImageOfPage\":{\"@id\":\"https:\\\/\\\/vendingoutlet.org\\\/termek\\\/cashflow-560-mdb-e\\\/#primaryimage\"},\"image\":{\"@id\":\"https:\\\/\\\/vendingoutlet.org\\\/termek\\\/cashflow-560-mdb-e\\\/#primaryimage\"},\"thumbnailUrl\":\"https:\\\/\\\/vendingoutlet.org\\\/wp-content\\\/uploads\\\/2024\\\/01\\\/Cashflow-560.jpg\",\"datePublished\":\"2024-05-30T13:09:06+00:00\",\"dateModified\":\"2024-10-24T11:34:20+00:00\",\"breadcrumb\":{\"@id\":\"https:\\\/\\\/vendingoutlet.org\\\/termek\\\/cashflow-560-mdb-e\\\/#breadcrumb\"},\"inLanguage\":\"en-US\",\"potentialAction\":[{\"@type\":\"ReadAction\",\"target\":[\"https:\\\/\\\/vendingoutlet.org\\\/termek\\\/cashflow-560-mdb-e\\\/\"]}]},{\"@type\":\"ImageObject\",\"inLanguage\":\"en-US\",\"@id\":\"https:\\\/\\\/vendingoutlet.org\\\/termek\\\/cashflow-560-mdb-e\\\/#primaryimage\",\"url\":\"https:\\\/\\\/vendingoutlet.org\\\/wp-content\\\/uploads\\\/2024\\\/01\\\/Cashflow-560.jpg\",\"contentUrl\":\"https:\\\/\\\/vendingoutlet.org\\\/wp-content\\\/uploads\\\/2024\\\/01\\\/Cashflow-560.jpg\",\"width\":1000,\"height\":1000},{\"@type\":\"BreadcrumbList\",\"@id\":\"https:\\\/\\\/vendingoutlet.org\\\/termek\\\/cashflow-560-mdb-e\\\/#breadcrumb\",\"itemListElement\":[{\"@type\":\"ListItem\",\"position\":1,\"name\":\"Kezd\u0151lap\",\"item\":\"https:\\\/\\\/vendingoutlet.org\\\/\"},{\"@type\":\"ListItem\",\"position\":2,\"name\":\"Term\u00e9kek\",\"item\":\"https:\\\/\\\/vendingoutlet.org\\\/shop\\\/\"},{\"@type\":\"ListItem\",\"position\":3,\"name\":\"Cashflow 560 Mdb \\\/ \u20ac\"}]},{\"@type\":\"WebSite\",\"@id\":\"https:\\\/\\\/vendingoutlet.org\\\/#website\",\"url\":\"https:\\\/\\\/vendingoutlet.org\\\/\",\"name\":\"Vendingoutlet\",\"description\":\"Haszn\u00e1lt \u00e1rus\u00edt\u00f3 automat\u00e1k \u00e9rt\u00e9kes\u00edt\u00e9se\",\"publisher\":{\"@id\":\"https:\\\/\\\/vendingoutlet.org\\\/#organization\"},\"potentialAction\":[{\"@type\":\"SearchAction\",\"target\":{\"@type\":\"EntryPoint\",\"urlTemplate\":\"https:\\\/\\\/vendingoutlet.org\\\/?s={search_term_string}\"},\"query-input\":{\"@type\":\"PropertyValueSpecification\",\"valueRequired\":true,\"valueName\":\"search_term_string\"}}],\"inLanguage\":\"en-US\"},{\"@type\":\"Organization\",\"@id\":\"https:\\\/\\\/vendingoutlet.org\\\/#organization\",\"name\":\"Vendingoutlet\",\"url\":\"https:\\\/\\\/vendingoutlet.org\\\/\",\"logo\":{\"@type\":\"ImageObject\",\"inLanguage\":\"en-US\",\"@id\":\"https:\\\/\\\/vendingoutlet.org\\\/#\\\/schema\\\/logo\\\/image\\\/\",\"url\":\"https:\\\/\\\/vendingoutlet.org\\\/wp-content\\\/uploads\\\/2023\\\/04\\\/loho-blue.svg\",\"contentUrl\":\"https:\\\/\\\/vendingoutlet.org\\\/wp-content\\\/uploads\\\/2023\\\/04\\\/loho-blue.svg\",\"width\":349,\"height\":77,\"caption\":\"Vendingoutlet\"},\"image\":{\"@id\":\"https:\\\/\\\/vendingoutlet.org\\\/#\\\/schema\\\/logo\\\/image\\\/\"}}]}<\/script>\n<!-- \/ Yoast SEO plugin. -->","yoast_head_json":{"title":"Cashflow 560 Mdb \/ \u20ac - Vendingoutlet","robots":{"index":"index","follow":"follow","max-snippet":"max-snippet:-1","max-image-preview":"max-image-preview:large","max-video-preview":"max-video-preview:-1"},"canonical":"https:\/\/vendingoutlet.org\/en\/product-2\/cashflow-560-mdb-e\/","og_locale":"en_US","og_type":"article","og_title":"Cashflow 560 Mdb \/ \u20ac - Vendingoutlet","og_description":"\u00a0","og_url":"https:\/\/vendingoutlet.org\/en\/product-2\/cashflow-560-mdb-e\/","og_site_name":"Vendingoutlet","article_modified_time":"2024-10-24T11:34:20+00:00","og_image":[{"width":1000,"height":1000,"url":"https:\/\/vendingoutlet.org\/wp-content\/uploads\/2024\/01\/Cashflow-560.jpg","type":"image\/jpeg"}],"twitter_card":"summary_large_image","schema":{"@context":"https:\/\/schema.org","@graph":[{"@type":"WebPage","@id":"https:\/\/vendingoutlet.org\/termek\/cashflow-560-mdb-e\/","url":"https:\/\/vendingoutlet.org\/termek\/cashflow-560-mdb-e\/","name":"Cashflow 560 Mdb \/ \u20ac - Vendingoutlet","isPartOf":{"@id":"https:\/\/vendingoutlet.org\/#website"},"primaryImageOfPage":{"@id":"https:\/\/vendingoutlet.org\/termek\/cashflow-560-mdb-e\/#primaryimage"},"image":{"@id":"https:\/\/vendingoutlet.org\/termek\/cashflow-560-mdb-e\/#primaryimage"},"thumbnailUrl":"https:\/\/vendingoutlet.org\/wp-content\/uploads\/2024\/01\/Cashflow-560.jpg","datePublished":"2024-05-30T13:09:06+00:00","dateModified":"2024-10-24T11:34:20+00:00","breadcrumb":{"@id":"https:\/\/vendingoutlet.org\/termek\/cashflow-560-mdb-e\/#breadcrumb"},"inLanguage":"en-US","potentialAction":[{"@type":"ReadAction","target":["https:\/\/vendingoutlet.org\/termek\/cashflow-560-mdb-e\/"]}]},{"@type":"ImageObject","inLanguage":"en-US","@id":"https:\/\/vendingoutlet.org\/termek\/cashflow-560-mdb-e\/#primaryimage","url":"https:\/\/vendingoutlet.org\/wp-content\/uploads\/2024\/01\/Cashflow-560.jpg","contentUrl":"https:\/\/vendingoutlet.org\/wp-content\/uploads\/2024\/01\/Cashflow-560.jpg","width":1000,"height":1000},{"@type":"BreadcrumbList","@id":"https:\/\/vendingoutlet.org\/termek\/cashflow-560-mdb-e\/#breadcrumb","itemListElement":[{"@type":"ListItem","position":1,"name":"Kezd\u0151lap","item":"https:\/\/vendingoutlet.org\/"},{"@type":"ListItem","position":2,"name":"Term\u00e9kek","item":"https:\/\/vendingoutlet.org\/shop\/"},{"@type":"ListItem","position":3,"name":"Cashflow 560 Mdb \/ \u20ac"}]},{"@type":"WebSite","@id":"https:\/\/vendingoutlet.org\/#website","url":"https:\/\/vendingoutlet.org\/","name":"Vendingoutlet","description":"Haszn\u00e1lt \u00e1rus\u00edt\u00f3 automat\u00e1k \u00e9rt\u00e9kes\u00edt\u00e9se","publisher":{"@id":"https:\/\/vendingoutlet.org\/#organization"},"potentialAction":[{"@type":"SearchAction","target":{"@type":"EntryPoint","urlTemplate":"https:\/\/vendingoutlet.org\/?s={search_term_string}"},"query-input":{"@type":"PropertyValueSpecification","valueRequired":true,"valueName":"search_term_string"}}],"inLanguage":"en-US"},{"@type":"Organization","@id":"https:\/\/vendingoutlet.org\/#organization","name":"Vendingoutlet","url":"https:\/\/vendingoutlet.org\/","logo":{"@type":"ImageObject","inLanguage":"en-US","@id":"https:\/\/vendingoutlet.org\/#\/schema\/logo\/image\/","url":"https:\/\/vendingoutlet.org\/wp-content\/uploads\/2023\/04\/loho-blue.svg","contentUrl":"https:\/\/vendingoutlet.org\/wp-content\/uploads\/2023\/04\/loho-blue.svg","width":349,"height":77,"caption":"Vendingoutlet"},"image":{"@id":"https:\/\/vendingoutlet.org\/#\/schema\/logo\/image\/"}}]}},"locations":[],"_links":{"self":[{"href":"https:\/\/vendingoutlet.org\/en\/wp-json\/wp\/v2\/product\/24179","targetHints":{"allow":["GET"]}}],"collection":[{"href":"https:\/\/vendingoutlet.org\/en\/wp-json\/wp\/v2\/product"}],"about":[{"href":"https:\/\/vendingoutlet.org\/en\/wp-json\/wp\/v2\/types\/product"}],"wp:featuredmedia":[{"embeddable":true,"href":"https:\/\/vendingoutlet.org\/en\/wp-json\/wp\/v2\/media\/26456"}],"wp:attachment":[{"href":"https:\/\/vendingoutlet.org\/en\/wp-json\/wp\/v2\/media?parent=24179"}],"wp:term":[{"taxonomy":"location","embeddable":true,"href":"https:\/\/vendingoutlet.org\/en\/wp-json\/wp\/v2\/location?post=24179"},{"taxonomy":"product_brand","embeddable":true,"href":"https:\/\/vendingoutlet.org\/en\/wp-json\/wp\/v2\/product_brand?post=24179"},{"taxonomy":"product_cat","embeddable":true,"href":"https:\/\/vendingoutlet.org\/en\/wp-json\/wp\/v2\/product_cat?post=24179"},{"taxonomy":"product_tag","embeddable":true,"href":"https:\/\/vendingoutlet.org\/en\/wp-json\/wp\/v2\/product_tag?post=24179"}],"curies":[{"name":"wp","href":"https:\/\/api.w.org\/{rel}","templated":true}]}}