{"id":23642,"date":"2024-05-31T11:10:36","date_gmt":"2024-05-31T09:10:36","guid":{"rendered":"https:\/\/vendingoutlet.org\/?post_type=product&#038;p=23642"},"modified":"2024-05-31T11:10:36","modified_gmt":"2024-05-31T09:10:36","slug":"bianchi-bvm-676-163-slave-fekete-2","status":"publish","type":"product","link":"https:\/\/vendingoutlet.org\/en\/termek\/bianchi-bvm-676-163-slave-fekete-2\/","title":{"rendered":"Bianchi BVM 676 \/ 163 Slave \u2013 Black"},"content":{"rendered":"","protected":false},"excerpt":{"rendered":"","protected":false},"featured_media":26466,"template":"","meta":{"_acf_changed":false,"content-type":""},"location":[],"product_brand":[],"product_cat":[20],"product_tag":[],"class_list":{"0":"post-23642","1":"product","2":"type-product","3":"status-publish","4":"has-post-thumbnail","6":"product_cat-spiralos-snack-automatak","8":"first","9":"outofstock","10":"shipping-taxable","11":"product-type-simple"},"acf":[],"yoast_head":"<!-- This site is optimized with the Yoast SEO plugin v27.3 - https:\/\/yoast.com\/product\/yoast-seo-wordpress\/ -->\n<title>Bianchi BVM 676 \/ 163 Slave - Fekete - Vendingoutlet<\/title>\n<meta name=\"robots\" content=\"index, follow, max-snippet:-1, max-image-preview:large, max-video-preview:-1\" \/>\n<link rel=\"canonical\" href=\"https:\/\/vendingoutlet.org\/en\/product-2\/bianchi-bvm-676-163-slave-fekete-2\/\" \/>\n<meta property=\"og:locale\" content=\"en_US\" \/>\n<meta property=\"og:type\" content=\"article\" \/>\n<meta property=\"og:title\" content=\"Bianchi BVM 676 \/ 163 Slave - Fekete - Vendingoutlet\" \/>\n<meta property=\"og:url\" content=\"https:\/\/vendingoutlet.org\/en\/product-2\/bianchi-bvm-676-163-slave-fekete-2\/\" \/>\n<meta property=\"og:site_name\" content=\"Vendingoutlet\" \/>\n<meta property=\"og:image\" content=\"https:\/\/vendingoutlet.org\/wp-content\/uploads\/2023\/08\/676per163-sl-scaled.jpg\" \/>\n\t<meta property=\"og:image:width\" content=\"2560\" \/>\n\t<meta property=\"og:image:height\" content=\"2560\" \/>\n\t<meta property=\"og:image:type\" content=\"image\/jpeg\" \/>\n<meta name=\"twitter:card\" content=\"summary_large_image\" \/>\n<script type=\"application\/ld+json\" class=\"yoast-schema-graph\">{\"@context\":\"https:\\\/\\\/schema.org\",\"@graph\":[{\"@type\":\"WebPage\",\"@id\":\"https:\\\/\\\/vendingoutlet.org\\\/termek\\\/bianchi-bvm-676-163-slave-fekete-2\\\/\",\"url\":\"https:\\\/\\\/vendingoutlet.org\\\/termek\\\/bianchi-bvm-676-163-slave-fekete-2\\\/\",\"name\":\"Bianchi BVM 676 \\\/ 163 Slave - Fekete - Vendingoutlet\",\"isPartOf\":{\"@id\":\"https:\\\/\\\/vendingoutlet.org\\\/#website\"},\"primaryImageOfPage\":{\"@id\":\"https:\\\/\\\/vendingoutlet.org\\\/termek\\\/bianchi-bvm-676-163-slave-fekete-2\\\/#primaryimage\"},\"image\":{\"@id\":\"https:\\\/\\\/vendingoutlet.org\\\/termek\\\/bianchi-bvm-676-163-slave-fekete-2\\\/#primaryimage\"},\"thumbnailUrl\":\"https:\\\/\\\/vendingoutlet.org\\\/wp-content\\\/uploads\\\/2023\\\/08\\\/676per163-sl-scaled.jpg\",\"datePublished\":\"2024-05-31T09:10:36+00:00\",\"breadcrumb\":{\"@id\":\"https:\\\/\\\/vendingoutlet.org\\\/termek\\\/bianchi-bvm-676-163-slave-fekete-2\\\/#breadcrumb\"},\"inLanguage\":\"en-US\",\"potentialAction\":[{\"@type\":\"ReadAction\",\"target\":[\"https:\\\/\\\/vendingoutlet.org\\\/termek\\\/bianchi-bvm-676-163-slave-fekete-2\\\/\"]}]},{\"@type\":\"ImageObject\",\"inLanguage\":\"en-US\",\"@id\":\"https:\\\/\\\/vendingoutlet.org\\\/termek\\\/bianchi-bvm-676-163-slave-fekete-2\\\/#primaryimage\",\"url\":\"https:\\\/\\\/vendingoutlet.org\\\/wp-content\\\/uploads\\\/2023\\\/08\\\/676per163-sl-scaled.jpg\",\"contentUrl\":\"https:\\\/\\\/vendingoutlet.org\\\/wp-content\\\/uploads\\\/2023\\\/08\\\/676per163-sl-scaled.jpg\",\"width\":2560,\"height\":2560},{\"@type\":\"BreadcrumbList\",\"@id\":\"https:\\\/\\\/vendingoutlet.org\\\/termek\\\/bianchi-bvm-676-163-slave-fekete-2\\\/#breadcrumb\",\"itemListElement\":[{\"@type\":\"ListItem\",\"position\":1,\"name\":\"Kezd\u0151lap\",\"item\":\"https:\\\/\\\/vendingoutlet.org\\\/\"},{\"@type\":\"ListItem\",\"position\":2,\"name\":\"Term\u00e9kek\",\"item\":\"https:\\\/\\\/vendingoutlet.org\\\/shop\\\/\"},{\"@type\":\"ListItem\",\"position\":3,\"name\":\"Bianchi BVM 676 \\\/ 163 Slave &#8211; Fekete\"}]},{\"@type\":\"WebSite\",\"@id\":\"https:\\\/\\\/vendingoutlet.org\\\/#website\",\"url\":\"https:\\\/\\\/vendingoutlet.org\\\/\",\"name\":\"Vendingoutlet\",\"description\":\"Haszn\u00e1lt \u00e1rus\u00edt\u00f3 automat\u00e1k \u00e9rt\u00e9kes\u00edt\u00e9se\",\"publisher\":{\"@id\":\"https:\\\/\\\/vendingoutlet.org\\\/#organization\"},\"potentialAction\":[{\"@type\":\"SearchAction\",\"target\":{\"@type\":\"EntryPoint\",\"urlTemplate\":\"https:\\\/\\\/vendingoutlet.org\\\/?s={search_term_string}\"},\"query-input\":{\"@type\":\"PropertyValueSpecification\",\"valueRequired\":true,\"valueName\":\"search_term_string\"}}],\"inLanguage\":\"en-US\"},{\"@type\":\"Organization\",\"@id\":\"https:\\\/\\\/vendingoutlet.org\\\/#organization\",\"name\":\"Vendingoutlet\",\"url\":\"https:\\\/\\\/vendingoutlet.org\\\/\",\"logo\":{\"@type\":\"ImageObject\",\"inLanguage\":\"en-US\",\"@id\":\"https:\\\/\\\/vendingoutlet.org\\\/#\\\/schema\\\/logo\\\/image\\\/\",\"url\":\"https:\\\/\\\/vendingoutlet.org\\\/wp-content\\\/uploads\\\/2023\\\/04\\\/loho-blue.svg\",\"contentUrl\":\"https:\\\/\\\/vendingoutlet.org\\\/wp-content\\\/uploads\\\/2023\\\/04\\\/loho-blue.svg\",\"width\":349,\"height\":77,\"caption\":\"Vendingoutlet\"},\"image\":{\"@id\":\"https:\\\/\\\/vendingoutlet.org\\\/#\\\/schema\\\/logo\\\/image\\\/\"}}]}<\/script>\n<!-- \/ Yoast SEO plugin. -->","yoast_head_json":{"title":"Bianchi BVM 676 \/ 163 Slave - Fekete - Vendingoutlet","robots":{"index":"index","follow":"follow","max-snippet":"max-snippet:-1","max-image-preview":"max-image-preview:large","max-video-preview":"max-video-preview:-1"},"canonical":"https:\/\/vendingoutlet.org\/en\/product-2\/bianchi-bvm-676-163-slave-fekete-2\/","og_locale":"en_US","og_type":"article","og_title":"Bianchi BVM 676 \/ 163 Slave - Fekete - Vendingoutlet","og_url":"https:\/\/vendingoutlet.org\/en\/product-2\/bianchi-bvm-676-163-slave-fekete-2\/","og_site_name":"Vendingoutlet","og_image":[{"width":2560,"height":2560,"url":"https:\/\/vendingoutlet.org\/wp-content\/uploads\/2023\/08\/676per163-sl-scaled.jpg","type":"image\/jpeg"}],"twitter_card":"summary_large_image","schema":{"@context":"https:\/\/schema.org","@graph":[{"@type":"WebPage","@id":"https:\/\/vendingoutlet.org\/termek\/bianchi-bvm-676-163-slave-fekete-2\/","url":"https:\/\/vendingoutlet.org\/termek\/bianchi-bvm-676-163-slave-fekete-2\/","name":"Bianchi BVM 676 \/ 163 Slave - Fekete - Vendingoutlet","isPartOf":{"@id":"https:\/\/vendingoutlet.org\/#website"},"primaryImageOfPage":{"@id":"https:\/\/vendingoutlet.org\/termek\/bianchi-bvm-676-163-slave-fekete-2\/#primaryimage"},"image":{"@id":"https:\/\/vendingoutlet.org\/termek\/bianchi-bvm-676-163-slave-fekete-2\/#primaryimage"},"thumbnailUrl":"https:\/\/vendingoutlet.org\/wp-content\/uploads\/2023\/08\/676per163-sl-scaled.jpg","datePublished":"2024-05-31T09:10:36+00:00","breadcrumb":{"@id":"https:\/\/vendingoutlet.org\/termek\/bianchi-bvm-676-163-slave-fekete-2\/#breadcrumb"},"inLanguage":"en-US","potentialAction":[{"@type":"ReadAction","target":["https:\/\/vendingoutlet.org\/termek\/bianchi-bvm-676-163-slave-fekete-2\/"]}]},{"@type":"ImageObject","inLanguage":"en-US","@id":"https:\/\/vendingoutlet.org\/termek\/bianchi-bvm-676-163-slave-fekete-2\/#primaryimage","url":"https:\/\/vendingoutlet.org\/wp-content\/uploads\/2023\/08\/676per163-sl-scaled.jpg","contentUrl":"https:\/\/vendingoutlet.org\/wp-content\/uploads\/2023\/08\/676per163-sl-scaled.jpg","width":2560,"height":2560},{"@type":"BreadcrumbList","@id":"https:\/\/vendingoutlet.org\/termek\/bianchi-bvm-676-163-slave-fekete-2\/#breadcrumb","itemListElement":[{"@type":"ListItem","position":1,"name":"Kezd\u0151lap","item":"https:\/\/vendingoutlet.org\/"},{"@type":"ListItem","position":2,"name":"Term\u00e9kek","item":"https:\/\/vendingoutlet.org\/shop\/"},{"@type":"ListItem","position":3,"name":"Bianchi BVM 676 \/ 163 Slave &#8211; Fekete"}]},{"@type":"WebSite","@id":"https:\/\/vendingoutlet.org\/#website","url":"https:\/\/vendingoutlet.org\/","name":"Vendingoutlet","description":"Haszn\u00e1lt \u00e1rus\u00edt\u00f3 automat\u00e1k \u00e9rt\u00e9kes\u00edt\u00e9se","publisher":{"@id":"https:\/\/vendingoutlet.org\/#organization"},"potentialAction":[{"@type":"SearchAction","target":{"@type":"EntryPoint","urlTemplate":"https:\/\/vendingoutlet.org\/?s={search_term_string}"},"query-input":{"@type":"PropertyValueSpecification","valueRequired":true,"valueName":"search_term_string"}}],"inLanguage":"en-US"},{"@type":"Organization","@id":"https:\/\/vendingoutlet.org\/#organization","name":"Vendingoutlet","url":"https:\/\/vendingoutlet.org\/","logo":{"@type":"ImageObject","inLanguage":"en-US","@id":"https:\/\/vendingoutlet.org\/#\/schema\/logo\/image\/","url":"https:\/\/vendingoutlet.org\/wp-content\/uploads\/2023\/04\/loho-blue.svg","contentUrl":"https:\/\/vendingoutlet.org\/wp-content\/uploads\/2023\/04\/loho-blue.svg","width":349,"height":77,"caption":"Vendingoutlet"},"image":{"@id":"https:\/\/vendingoutlet.org\/#\/schema\/logo\/image\/"}}]}},"locations":[],"_links":{"self":[{"href":"https:\/\/vendingoutlet.org\/en\/wp-json\/wp\/v2\/product\/23642","targetHints":{"allow":["GET"]}}],"collection":[{"href":"https:\/\/vendingoutlet.org\/en\/wp-json\/wp\/v2\/product"}],"about":[{"href":"https:\/\/vendingoutlet.org\/en\/wp-json\/wp\/v2\/types\/product"}],"wp:featuredmedia":[{"embeddable":true,"href":"https:\/\/vendingoutlet.org\/en\/wp-json\/wp\/v2\/media\/26466"}],"wp:attachment":[{"href":"https:\/\/vendingoutlet.org\/en\/wp-json\/wp\/v2\/media?parent=23642"}],"wp:term":[{"taxonomy":"location","embeddable":true,"href":"https:\/\/vendingoutlet.org\/en\/wp-json\/wp\/v2\/location?post=23642"},{"taxonomy":"product_brand","embeddable":true,"href":"https:\/\/vendingoutlet.org\/en\/wp-json\/wp\/v2\/product_brand?post=23642"},{"taxonomy":"product_cat","embeddable":true,"href":"https:\/\/vendingoutlet.org\/en\/wp-json\/wp\/v2\/product_cat?post=23642"},{"taxonomy":"product_tag","embeddable":true,"href":"https:\/\/vendingoutlet.org\/en\/wp-json\/wp\/v2\/product_tag?post=23642"}],"curies":[{"name":"wp","href":"https:\/\/api.w.org\/{rel}","templated":true}]}}