{"id":23640,"date":"2024-06-13T15:38:31","date_gmt":"2024-06-13T13:38:31","guid":{"rendered":"https:\/\/vendingoutlet.org\/?post_type=product&#038;p=23640"},"modified":"2026-03-23T13:02:37","modified_gmt":"2026-03-23T12:02:37","slug":"fas-faster-900","status":"publish","type":"product","link":"https:\/\/vendingoutlet.org\/en\/termek\/fas-faster-900\/","title":{"rendered":"FAS Faster 900"},"content":{"rendered":"<p>&nbsp;<\/p>\n<table class=\"cs2D2816FE\" style=\"border-collapse: collapse;\" border=\"0\" width=\"236\" cellspacing=\"0\" cellpadding=\"0\">\n<tbody>\n<tr style=\"height: 15pt;\">\n<td class=\"cs68FBB989\" nowrap=\"nowrap\">\n<p class=\"cs95E872D0\"><span class=\"cs97EF4E27\">\u00a0<\/span><\/p>\n<\/td>\n<td class=\"csD0BF92FC\" nowrap=\"nowrap\">\n<p class=\"cs2E86D3A6\"><span class=\"cs97EF4E27\">\u00a0<\/span><\/p>\n<\/td>\n<\/tr>\n<tr style=\"height: 15pt;\">\n<td class=\"cs49328890\" nowrap=\"nowrap\">\n<p class=\"cs1157FFE2\"><span class=\"cs9E3C48E3\">FAS Faster 900<\/span><\/p>\n<\/td>\n<td class=\"csB139A713\" nowrap=\"nowrap\">\n<p class=\"cs95E872D0\"><span class=\"cs9E3C48E3\">\u00a0&#8211; MAGYAR<\/span><\/p>\n<\/td>\n<\/tr>\n<tr style=\"height: 15pt;\">\n<td class=\"cs49328890\" nowrap=\"nowrap\">\n<p class=\"cs95E872D0\"><span class=\"cs97EF4E27\">\u00a0<\/span><\/p>\n<\/td>\n<td class=\"csB139A713\" nowrap=\"nowrap\">\n<p class=\"cs2E86D3A6\"><span class=\"cs97EF4E27\">\u00a0<\/span><\/p>\n<\/td>\n<\/tr>\n<tr style=\"height: 15pt;\">\n<td class=\"csB72F4E42\" nowrap=\"nowrap\">\n<p class=\"csFE765C2D\"><span class=\"cs6C6DAD11\">Structural characteristics<\/span><\/p>\n<\/td>\n<td class=\"cs476BC804\" nowrap=\"nowrap\">\n<p class=\"cs75908371\"><span class=\"cs6C6DAD11\">\u00a0<\/span><\/p>\n<\/td>\n<\/tr>\n<tr style=\"height: 15.75pt;\">\n<td class=\"csD07CCFC9\" nowrap=\"nowrap\">\n<p class=\"cs95E872D0\"><span class=\"cs97EF4E27\">Dimensions (W x H x D)<\/span><\/p>\n<\/td>\n<td class=\"csB139A713\" valign=\"bottom\" nowrap=\"nowrap\">\n<p class=\"cs2E86D3A6\"><span class=\"cs97EF4E27\">90 x 183 x 79 cm<\/span><\/p>\n<\/td>\n<\/tr>\n<tr style=\"height: 15.75pt;\">\n<td class=\"csD07CCFC9\" nowrap=\"nowrap\">\n<p class=\"cs95E872D0\"><span class=\"cs97EF4E27\">Weight<\/span><\/p>\n<\/td>\n<td class=\"csA1AC8594\" valign=\"bottom\" nowrap=\"nowrap\">\n<p class=\"cs2E86D3A6\"><span class=\"cs97EF4E27\">270 kg<\/span><\/p>\n<\/td>\n<\/tr>\n<tr style=\"height: 15pt;\">\n<td class=\"cs49328890\" nowrap=\"nowrap\">\n<p class=\"cs95E872D0\"><span class=\"cs97EF4E27\">\u00a0<\/span><\/p>\n<\/td>\n<td class=\"csB139A713\" nowrap=\"nowrap\">\n<p class=\"cs2E86D3A6\"><span class=\"cs97EF4E27\">\u00a0<\/span><\/p>\n<\/td>\n<\/tr>\n<tr style=\"height: 15pt;\">\n<td class=\"csB72F4E42\" nowrap=\"nowrap\">\n<p class=\"csFE765C2D\"><span class=\"cs6C6DAD11\">Elektronikus\u00a0 jellemz\u0151k<\/span><\/p>\n<\/td>\n<td class=\"cs476BC804\" nowrap=\"nowrap\">\n<p class=\"cs75908371\"><span class=\"cs6C6DAD11\">\u00a0<\/span><\/p>\n<\/td>\n<\/tr>\n<tr style=\"height: 15.75pt;\">\n<td class=\"csD07CCFC9\" nowrap=\"nowrap\">\n<p class=\"cs95E872D0\"><span class=\"cs97EF4E27\">Power supply<\/span><\/p>\n<\/td>\n<td class=\"cs6C293238\" nowrap=\"nowrap\">\n<p class=\"cs2E86D3A6\"><span class=\"cs97EF4E27\">230 V \/ 50 Hz<\/span><\/p>\n<\/td>\n<\/tr>\n<tr style=\"height: 15.75pt;\">\n<td class=\"csD07CCFC9\" nowrap=\"nowrap\">\n<p class=\"cs95E872D0\"><span class=\"cs97EF4E27\">Energy consumption<\/span><\/p>\n<\/td>\n<td class=\"cs6C293238\" valign=\"bottom\" nowrap=\"nowrap\">\n<p class=\"cs2E86D3A6\"><span class=\"cs97EF4E27\">\u00a0<\/span><\/p>\n<\/td>\n<\/tr>\n<tr style=\"height: 15pt;\">\n<td class=\"cs49328890\" nowrap=\"nowrap\">\n<p class=\"cs95E872D0\"><span class=\"cs97EF4E27\">\u00a0<\/span><\/p>\n<\/td>\n<td class=\"csB139A713\" nowrap=\"nowrap\">\n<p class=\"cs2E86D3A6\"><span class=\"cs97EF4E27\">\u00a0<\/span><\/p>\n<\/td>\n<\/tr>\n<tr style=\"height: 15pt;\">\n<td class=\"csB72F4E42\" nowrap=\"nowrap\">\n<p class=\"csFE765C2D\"><span class=\"cs6C6DAD11\">Water connection<\/span><\/p>\n<\/td>\n<td class=\"cs476BC804\" nowrap=\"nowrap\">\n<p class=\"cs75908371\"><span class=\"cs6C6DAD11\">\u00a0<\/span><\/p>\n<\/td>\n<\/tr>\n<tr style=\"height: 15.75pt;\">\n<td class=\"csD07CCFC9\" nowrap=\"nowrap\">\n<p class=\"cs95E872D0\"><span class=\"cs97EF4E27\">\u00a0<\/span><\/p>\n<\/td>\n<td class=\"cs6C293238\" valign=\"bottom\" nowrap=\"nowrap\">\n<p class=\"cs2E86D3A6\"><span class=\"cs97EF4E27\">\u00a0<\/span><\/p>\n<\/td>\n<\/tr>\n<tr style=\"height: 15pt;\">\n<td class=\"cs49328890\" nowrap=\"nowrap\">\n<p class=\"cs95E872D0\"><span class=\"cs97EF4E27\">Water supply<\/span><\/p>\n<\/td>\n<td class=\"csB139A713\" valign=\"bottom\" nowrap=\"nowrap\">\n<p class=\"cs2E86D3A6\"><span class=\"cs97EF4E27\">\u00a0<\/span><\/p>\n<\/td>\n<\/tr>\n<tr style=\"height: 27pt;\">\n<td class=\"csD07CCFC9\" nowrap=\"nowrap\">\n<p class=\"cs95E872D0\"><span class=\"cs97EF4E27\">\u00a0<\/span><\/p>\n<\/td>\n<td class=\"cs428AAFD6\" valign=\"bottom\">\n<p class=\"cs2E86D3A6\"><span class=\"cs97EF4E27\">\u00a0<\/span><\/p>\n<\/td>\n<\/tr>\n<tr style=\"height: 15.75pt;\">\n<td class=\"csD07CCFC9\" nowrap=\"nowrap\">\n<p class=\"cs95E872D0\"><span class=\"cs97EF4E27\">Separate water tank<\/span><\/p>\n<\/td>\n<td class=\"csA1AC8594\" valign=\"bottom\" nowrap=\"nowrap\">\n<p class=\"cs2E86D3A6\"><span class=\"cs97EF4E27\">\u00a0<\/span><\/p>\n<\/td>\n<\/tr>\n<tr style=\"height: 15pt;\">\n<td class=\"cs49328890\" nowrap=\"nowrap\">\n<p class=\"cs95E872D0\"><span class=\"cs97EF4E27\">\u00a0<\/span><\/p>\n<\/td>\n<td class=\"csB139A713\" nowrap=\"nowrap\">\n<p class=\"cs2E86D3A6\"><span class=\"cs97EF4E27\">\u00a0<\/span><\/p>\n<\/td>\n<\/tr>\n<tr style=\"height: 15pt;\">\n<td class=\"csB72F4E42\" nowrap=\"nowrap\">\n<p class=\"csFE765C2D\"><span class=\"cs6C6DAD11\">Other features<\/span><\/p>\n<\/td>\n<td class=\"cs476BC804\" nowrap=\"nowrap\">\n<p class=\"cs75908371\"><span class=\"cs6C6DAD11\">\u00a0<\/span><\/p>\n<\/td>\n<\/tr>\n<tr style=\"height: 15.75pt;\">\n<td class=\"csD07CCFC9\" nowrap=\"nowrap\">\n<p class=\"cs95E872D0\"><span class=\"cs97EF4E27\">Cups (70-71 mm)<\/span><\/p>\n<\/td>\n<td class=\"cs6C293238\" valign=\"bottom\" nowrap=\"nowrap\">\n<p class=\"cs2E86D3A6\"><span class=\"cs97EF4E27\">\u00a0<\/span><\/p>\n<\/td>\n<\/tr>\n<tr style=\"height: 15.75pt;\">\n<td class=\"csD07CCFC9\" nowrap=\"nowrap\">\n<p class=\"cs95E872D0\"><span class=\"cs97EF4E27\">Mixers<\/span><\/p>\n<\/td>\n<td class=\"cs6C293238\" valign=\"bottom\" nowrap=\"nowrap\">\n<p class=\"cs2E86D3A6\"><span class=\"cs97EF4E27\">\u00a0<\/span><\/p>\n<\/td>\n<\/tr>\n<tr style=\"height: 15.75pt;\">\n<td class=\"csD07CCFC9\" nowrap=\"nowrap\">\n<p class=\"cs95E872D0\"><span class=\"cs97EF4E27\">Coffee bean container<\/span><\/p>\n<\/td>\n<td class=\"cs6C293238\" valign=\"bottom\" nowrap=\"nowrap\">\n<p class=\"cs2E86D3A6\"><span class=\"cs97EF4E27\">\u00a0<\/span><\/p>\n<\/td>\n<\/tr>\n<tr style=\"height: 15.75pt;\">\n<td class=\"csD07CCFC9\" nowrap=\"nowrap\">\n<p class=\"cs95E872D0\"><span class=\"cs97EF4E27\">Instant container<\/span><\/p>\n<\/td>\n<td class=\"cs6C293238\" valign=\"bottom\" nowrap=\"nowrap\">\n<p class=\"cs2E86D3A6\"><span class=\"cs97EF4E27\">\u00a0<\/span><\/p>\n<\/td>\n<\/tr>\n<tr style=\"height: 15.75pt;\">\n<td class=\"csD07CCFC9\" nowrap=\"nowrap\">\n<p class=\"cs95E872D0\"><span class=\"cs97EF4E27\">Sugar container<\/span><\/p>\n<\/td>\n<td class=\"cs6C293238\" valign=\"bottom\" nowrap=\"nowrap\">\n<p class=\"cs2E86D3A6\"><span class=\"cs97EF4E27\">\u00a0<\/span><\/p>\n<\/td>\n<\/tr>\n<\/tbody>\n<\/table>\n<p class=\"cs95E872D0\"><span class=\"cs1B16EEB5\">\u00a0<\/span><\/p>","protected":false},"excerpt":{"rendered":"<p>&nbsp; \u00a0 \u00a0 FAS Faster 900 \u00a0&#8211; MAGYAR \u00a0 \u00a0 Struktur\u00e1lis jellemz\u0151k \u00a0 M\u00e9retek (Sz x Ma x M\u00e9) 90 x 183 x 79 cm S\u00faly 270 kg \u00a0 \u00a0 Elektronikus\u00a0 jellemz\u0151k \u00a0 T\u00e1pegys\u00e9g 230 V \/ 50 Hz Energiafogyaszt\u00e1s \u00a0 \u00a0 \u00a0 V\u00edzcsatlakoz\u00e1s \u00a0 \u00a0 \u00a0 V\u00edzell\u00e1t\u00e1s \u00a0 \u00a0 \u00a0 K\u00fcl\u00f6n\u00e1ll\u00f3 v\u00edztart\u00e1ly \u00a0 \u00a0 &#8230; <a title=\"FAS Faster 900\" class=\"read-more\" href=\"https:\/\/vendingoutlet.org\/en\/termek\/fas-faster-900\/\" aria-label=\"Read more about FAS Faster 900\">Read more<\/a><\/p>","protected":false},"featured_media":29157,"template":"","meta":{"_acf_changed":false,"content-type":""},"location":[],"product_brand":[],"product_cat":[20],"product_tag":[],"class_list":{"0":"post-23640","1":"product","2":"type-product","3":"status-publish","4":"has-post-thumbnail","6":"product_cat-spiralos-snack-automatak","8":"first","9":"outofstock","10":"shipping-taxable","11":"product-type-simple"},"acf":[],"yoast_head":"<!-- This site is optimized with the Yoast SEO plugin v27.3 - https:\/\/yoast.com\/product\/yoast-seo-wordpress\/ -->\n<title>FAS Faster 900 - Vendingoutlet<\/title>\n<meta name=\"robots\" content=\"index, follow, max-snippet:-1, max-image-preview:large, max-video-preview:-1\" \/>\n<link rel=\"canonical\" href=\"https:\/\/vendingoutlet.org\/en\/product-2\/fas-faster-900\/\" \/>\n<meta property=\"og:locale\" content=\"en_US\" \/>\n<meta property=\"og:type\" content=\"article\" \/>\n<meta property=\"og:title\" content=\"FAS Faster 900 - Vendingoutlet\" \/>\n<meta property=\"og:description\" content=\"&nbsp; \u00a0 \u00a0 FAS Faster 900 \u00a0&#8211; MAGYAR \u00a0 \u00a0 Struktur\u00e1lis jellemz\u0151k \u00a0 M\u00e9retek (Sz x Ma x M\u00e9) 90 x 183 x 79 cm S\u00faly 270 kg \u00a0 \u00a0 Elektronikus\u00a0 jellemz\u0151k \u00a0 T\u00e1pegys\u00e9g 230 V \/ 50 Hz Energiafogyaszt\u00e1s \u00a0 \u00a0 \u00a0 V\u00edzcsatlakoz\u00e1s \u00a0 \u00a0 \u00a0 V\u00edzell\u00e1t\u00e1s \u00a0 \u00a0 \u00a0 K\u00fcl\u00f6n\u00e1ll\u00f3 v\u00edztart\u00e1ly \u00a0 \u00a0 ... Read more\" \/>\n<meta property=\"og:url\" content=\"https:\/\/vendingoutlet.org\/en\/product-2\/fas-faster-900\/\" \/>\n<meta property=\"og:site_name\" content=\"Vendingoutlet\" \/>\n<meta property=\"article:modified_time\" content=\"2026-03-23T12:02:37+00:00\" \/>\n<meta property=\"og:image\" content=\"https:\/\/vendingoutlet.org\/wp-content\/uploads\/2024\/06\/Fas_Easy_6000.png\" \/>\n\t<meta property=\"og:image:width\" content=\"1080\" \/>\n\t<meta property=\"og:image:height\" content=\"1080\" \/>\n\t<meta property=\"og:image:type\" content=\"image\/png\" \/>\n<meta name=\"twitter:card\" content=\"summary_large_image\" \/>\n<script type=\"application\/ld+json\" class=\"yoast-schema-graph\">{\"@context\":\"https:\\\/\\\/schema.org\",\"@graph\":[{\"@type\":\"WebPage\",\"@id\":\"https:\\\/\\\/vendingoutlet.org\\\/termek\\\/fas-faster-900\\\/\",\"url\":\"https:\\\/\\\/vendingoutlet.org\\\/termek\\\/fas-faster-900\\\/\",\"name\":\"FAS Faster 900 - Vendingoutlet\",\"isPartOf\":{\"@id\":\"https:\\\/\\\/vendingoutlet.org\\\/#website\"},\"primaryImageOfPage\":{\"@id\":\"https:\\\/\\\/vendingoutlet.org\\\/termek\\\/fas-faster-900\\\/#primaryimage\"},\"image\":{\"@id\":\"https:\\\/\\\/vendingoutlet.org\\\/termek\\\/fas-faster-900\\\/#primaryimage\"},\"thumbnailUrl\":\"https:\\\/\\\/vendingoutlet.org\\\/wp-content\\\/uploads\\\/2024\\\/06\\\/Fas_Easy_6000.png\",\"datePublished\":\"2024-06-13T13:38:31+00:00\",\"dateModified\":\"2026-03-23T12:02:37+00:00\",\"breadcrumb\":{\"@id\":\"https:\\\/\\\/vendingoutlet.org\\\/termek\\\/fas-faster-900\\\/#breadcrumb\"},\"inLanguage\":\"en-US\",\"potentialAction\":[{\"@type\":\"ReadAction\",\"target\":[\"https:\\\/\\\/vendingoutlet.org\\\/termek\\\/fas-faster-900\\\/\"]}]},{\"@type\":\"ImageObject\",\"inLanguage\":\"en-US\",\"@id\":\"https:\\\/\\\/vendingoutlet.org\\\/termek\\\/fas-faster-900\\\/#primaryimage\",\"url\":\"https:\\\/\\\/vendingoutlet.org\\\/wp-content\\\/uploads\\\/2024\\\/06\\\/Fas_Easy_6000.png\",\"contentUrl\":\"https:\\\/\\\/vendingoutlet.org\\\/wp-content\\\/uploads\\\/2024\\\/06\\\/Fas_Easy_6000.png\",\"width\":1080,\"height\":1080},{\"@type\":\"BreadcrumbList\",\"@id\":\"https:\\\/\\\/vendingoutlet.org\\\/termek\\\/fas-faster-900\\\/#breadcrumb\",\"itemListElement\":[{\"@type\":\"ListItem\",\"position\":1,\"name\":\"Kezd\u0151lap\",\"item\":\"https:\\\/\\\/vendingoutlet.org\\\/\"},{\"@type\":\"ListItem\",\"position\":2,\"name\":\"Term\u00e9kek\",\"item\":\"https:\\\/\\\/vendingoutlet.org\\\/shop\\\/\"},{\"@type\":\"ListItem\",\"position\":3,\"name\":\"FAS Faster 900\"}]},{\"@type\":\"WebSite\",\"@id\":\"https:\\\/\\\/vendingoutlet.org\\\/#website\",\"url\":\"https:\\\/\\\/vendingoutlet.org\\\/\",\"name\":\"Vendingoutlet\",\"description\":\"Haszn\u00e1lt \u00e1rus\u00edt\u00f3 automat\u00e1k \u00e9rt\u00e9kes\u00edt\u00e9se\",\"publisher\":{\"@id\":\"https:\\\/\\\/vendingoutlet.org\\\/#organization\"},\"potentialAction\":[{\"@type\":\"SearchAction\",\"target\":{\"@type\":\"EntryPoint\",\"urlTemplate\":\"https:\\\/\\\/vendingoutlet.org\\\/?s={search_term_string}\"},\"query-input\":{\"@type\":\"PropertyValueSpecification\",\"valueRequired\":true,\"valueName\":\"search_term_string\"}}],\"inLanguage\":\"en-US\"},{\"@type\":\"Organization\",\"@id\":\"https:\\\/\\\/vendingoutlet.org\\\/#organization\",\"name\":\"Vendingoutlet\",\"url\":\"https:\\\/\\\/vendingoutlet.org\\\/\",\"logo\":{\"@type\":\"ImageObject\",\"inLanguage\":\"en-US\",\"@id\":\"https:\\\/\\\/vendingoutlet.org\\\/#\\\/schema\\\/logo\\\/image\\\/\",\"url\":\"https:\\\/\\\/vendingoutlet.org\\\/wp-content\\\/uploads\\\/2023\\\/04\\\/loho-blue.svg\",\"contentUrl\":\"https:\\\/\\\/vendingoutlet.org\\\/wp-content\\\/uploads\\\/2023\\\/04\\\/loho-blue.svg\",\"width\":349,\"height\":77,\"caption\":\"Vendingoutlet\"},\"image\":{\"@id\":\"https:\\\/\\\/vendingoutlet.org\\\/#\\\/schema\\\/logo\\\/image\\\/\"}}]}<\/script>\n<!-- \/ Yoast SEO plugin. -->","yoast_head_json":{"title":"FAS Faster 900 - Vendingoutlet","robots":{"index":"index","follow":"follow","max-snippet":"max-snippet:-1","max-image-preview":"max-image-preview:large","max-video-preview":"max-video-preview:-1"},"canonical":"https:\/\/vendingoutlet.org\/en\/product-2\/fas-faster-900\/","og_locale":"en_US","og_type":"article","og_title":"FAS Faster 900 - Vendingoutlet","og_description":"&nbsp; \u00a0 \u00a0 FAS Faster 900 \u00a0&#8211; MAGYAR \u00a0 \u00a0 Struktur\u00e1lis jellemz\u0151k \u00a0 M\u00e9retek (Sz x Ma x M\u00e9) 90 x 183 x 79 cm S\u00faly 270 kg \u00a0 \u00a0 Elektronikus\u00a0 jellemz\u0151k \u00a0 T\u00e1pegys\u00e9g 230 V \/ 50 Hz Energiafogyaszt\u00e1s \u00a0 \u00a0 \u00a0 V\u00edzcsatlakoz\u00e1s \u00a0 \u00a0 \u00a0 V\u00edzell\u00e1t\u00e1s \u00a0 \u00a0 \u00a0 K\u00fcl\u00f6n\u00e1ll\u00f3 v\u00edztart\u00e1ly \u00a0 \u00a0 ... Read more","og_url":"https:\/\/vendingoutlet.org\/en\/product-2\/fas-faster-900\/","og_site_name":"Vendingoutlet","article_modified_time":"2026-03-23T12:02:37+00:00","og_image":[{"width":1080,"height":1080,"url":"https:\/\/vendingoutlet.org\/wp-content\/uploads\/2024\/06\/Fas_Easy_6000.png","type":"image\/png"}],"twitter_card":"summary_large_image","schema":{"@context":"https:\/\/schema.org","@graph":[{"@type":"WebPage","@id":"https:\/\/vendingoutlet.org\/termek\/fas-faster-900\/","url":"https:\/\/vendingoutlet.org\/termek\/fas-faster-900\/","name":"FAS Faster 900 - Vendingoutlet","isPartOf":{"@id":"https:\/\/vendingoutlet.org\/#website"},"primaryImageOfPage":{"@id":"https:\/\/vendingoutlet.org\/termek\/fas-faster-900\/#primaryimage"},"image":{"@id":"https:\/\/vendingoutlet.org\/termek\/fas-faster-900\/#primaryimage"},"thumbnailUrl":"https:\/\/vendingoutlet.org\/wp-content\/uploads\/2024\/06\/Fas_Easy_6000.png","datePublished":"2024-06-13T13:38:31+00:00","dateModified":"2026-03-23T12:02:37+00:00","breadcrumb":{"@id":"https:\/\/vendingoutlet.org\/termek\/fas-faster-900\/#breadcrumb"},"inLanguage":"en-US","potentialAction":[{"@type":"ReadAction","target":["https:\/\/vendingoutlet.org\/termek\/fas-faster-900\/"]}]},{"@type":"ImageObject","inLanguage":"en-US","@id":"https:\/\/vendingoutlet.org\/termek\/fas-faster-900\/#primaryimage","url":"https:\/\/vendingoutlet.org\/wp-content\/uploads\/2024\/06\/Fas_Easy_6000.png","contentUrl":"https:\/\/vendingoutlet.org\/wp-content\/uploads\/2024\/06\/Fas_Easy_6000.png","width":1080,"height":1080},{"@type":"BreadcrumbList","@id":"https:\/\/vendingoutlet.org\/termek\/fas-faster-900\/#breadcrumb","itemListElement":[{"@type":"ListItem","position":1,"name":"Kezd\u0151lap","item":"https:\/\/vendingoutlet.org\/"},{"@type":"ListItem","position":2,"name":"Term\u00e9kek","item":"https:\/\/vendingoutlet.org\/shop\/"},{"@type":"ListItem","position":3,"name":"FAS Faster 900"}]},{"@type":"WebSite","@id":"https:\/\/vendingoutlet.org\/#website","url":"https:\/\/vendingoutlet.org\/","name":"Vendingoutlet","description":"Haszn\u00e1lt \u00e1rus\u00edt\u00f3 automat\u00e1k \u00e9rt\u00e9kes\u00edt\u00e9se","publisher":{"@id":"https:\/\/vendingoutlet.org\/#organization"},"potentialAction":[{"@type":"SearchAction","target":{"@type":"EntryPoint","urlTemplate":"https:\/\/vendingoutlet.org\/?s={search_term_string}"},"query-input":{"@type":"PropertyValueSpecification","valueRequired":true,"valueName":"search_term_string"}}],"inLanguage":"en-US"},{"@type":"Organization","@id":"https:\/\/vendingoutlet.org\/#organization","name":"Vendingoutlet","url":"https:\/\/vendingoutlet.org\/","logo":{"@type":"ImageObject","inLanguage":"en-US","@id":"https:\/\/vendingoutlet.org\/#\/schema\/logo\/image\/","url":"https:\/\/vendingoutlet.org\/wp-content\/uploads\/2023\/04\/loho-blue.svg","contentUrl":"https:\/\/vendingoutlet.org\/wp-content\/uploads\/2023\/04\/loho-blue.svg","width":349,"height":77,"caption":"Vendingoutlet"},"image":{"@id":"https:\/\/vendingoutlet.org\/#\/schema\/logo\/image\/"}}]}},"locations":[],"_links":{"self":[{"href":"https:\/\/vendingoutlet.org\/en\/wp-json\/wp\/v2\/product\/23640","targetHints":{"allow":["GET"]}}],"collection":[{"href":"https:\/\/vendingoutlet.org\/en\/wp-json\/wp\/v2\/product"}],"about":[{"href":"https:\/\/vendingoutlet.org\/en\/wp-json\/wp\/v2\/types\/product"}],"wp:featuredmedia":[{"embeddable":true,"href":"https:\/\/vendingoutlet.org\/en\/wp-json\/wp\/v2\/media\/29157"}],"wp:attachment":[{"href":"https:\/\/vendingoutlet.org\/en\/wp-json\/wp\/v2\/media?parent=23640"}],"wp:term":[{"taxonomy":"location","embeddable":true,"href":"https:\/\/vendingoutlet.org\/en\/wp-json\/wp\/v2\/location?post=23640"},{"taxonomy":"product_brand","embeddable":true,"href":"https:\/\/vendingoutlet.org\/en\/wp-json\/wp\/v2\/product_brand?post=23640"},{"taxonomy":"product_cat","embeddable":true,"href":"https:\/\/vendingoutlet.org\/en\/wp-json\/wp\/v2\/product_cat?post=23640"},{"taxonomy":"product_tag","embeddable":true,"href":"https:\/\/vendingoutlet.org\/en\/wp-json\/wp\/v2\/product_tag?post=23640"}],"curies":[{"name":"wp","href":"https:\/\/api.w.org\/{rel}","templated":true}]}}