{"id":23611,"date":"2023-09-13T13:58:19","date_gmt":"2023-09-13T11:58:19","guid":{"rendered":"https:\/\/vendingoutlet.org\/?post_type=product&#038;p=23611"},"modified":"2025-04-14T12:41:23","modified_gmt":"2025-04-14T10:41:23","slug":"necta-astro-2x-espresso-szamkodos","status":"publish","type":"product","link":"https:\/\/vendingoutlet.org\/en\/termek\/necta-astro-2x-espresso-szamkodos\/","title":{"rendered":"Necta Astro 2X Espresso \u2013 numeric"},"content":{"rendered":"<table class=\"cs2D2816FE\" border=\"0\" cellspacing=\"0\" cellpadding=\"0\" style=\"border-collapse:collapse\">\n<tr>\n<td class=\"cs8E6E8B30\" valign=\"top\">\n<p class=\"cs95E872D0\"><span class=\"cs1B16EEB5\">Width<\/span><\/p>\n<\/td>\n<td class=\"cs8E6E8B30\" valign=\"top\">\n<p class=\"cs95E872D0\"><span class=\"csBB6B59F5\">65cm<\/span><\/p>\n<\/td>\n<\/tr>\n<tr>\n<td class=\"cs8E6E8B30\" valign=\"top\">\n<p class=\"cs95E872D0\"><span class=\"csBB6B59F5\">Depth<\/span><\/p>\n<\/td>\n<td class=\"cs8E6E8B30\" valign=\"top\">\n<p class=\"cs95E872D0\"><span class=\"csBB6B59F5\">75cm<\/span><\/p>\n<\/td>\n<\/tr>\n<tr>\n<td class=\"cs8E6E8B30\" valign=\"top\">\n<p class=\"cs95E872D0\"><span class=\"csBB6B59F5\">Height<\/span><\/p>\n<\/td>\n<td class=\"cs8E6E8B30\" valign=\"top\">\n<p class=\"cs95E872D0\"><span class=\"csBB6B59F5\">183cm<\/span><\/p>\n<\/td>\n<\/tr>\n<tr>\n<td class=\"cs8E6E8B30\" valign=\"top\">\n<p class=\"cs95E872D0\"><span class=\"csBB6B59F5\">Weight<\/span><\/p>\n<\/td>\n<td class=\"cs8E6E8B30\" valign=\"top\">\n<p class=\"cs95E872D0\"><span class=\"csBB6B59F5\">170kg<\/span><\/p>\n<\/td>\n<\/tr>\n<tr>\n<td class=\"cs8E6E8B30\" valign=\"top\">\n<p class=\"cs95E872D0\"><span class=\"csBB6B59F5\">Voltage<\/span><\/p>\n<\/td>\n<td class=\"cs8E6E8B30\" valign=\"top\">\n<p class=\"cs95E872D0\"><span class=\"csBB6B59F5\">230V<\/span><\/p>\n<\/td>\n<\/tr>\n<tr>\n<td class=\"cs8E6E8B30\" valign=\"top\">\n<p class=\"cs95E872D0\"><span class=\"csBB6B59F5\">Max power consumption<\/span><\/p>\n<\/td>\n<td class=\"cs8E6E8B30\" valign=\"top\">\n<p class=\"cs95E872D0\"><span class=\"csBB6B59F5\">2400W<\/span><\/p>\n<\/td>\n<\/tr>\n<tr>\n<td class=\"cs8E6E8B30\" valign=\"top\">\n<p class=\"cs95E872D0\"><span class=\"csBB6B59F5\">Water connection<\/span><\/p>\n<\/td>\n<td class=\"cs8E6E8B30\" valign=\"top\">\n<p class=\"cs95E872D0\"><span class=\"csBB6B59F5\">K\u00fcls\u0151<\/span><\/p>\n<\/td>\n<\/tr>\n<tr>\n<td class=\"cs8E6E8B30\" valign=\"top\">\n<p class=\"cs95E872D0\"><span class=\"csBB6B59F5\">Number canisters<\/span><\/p>\n<\/td>\n<td class=\"cs8E6E8B30\" valign=\"top\">\n<p class=\"cs95E872D0\"><span class=\"csBB6B59F5\">7<\/span><\/p>\n<\/td>\n<\/tr>\n<\/table>\n<p class=\"cs2478469\"><span class=\"csBB6B59F5\">\u00a0<\/span><\/p>","protected":false},"excerpt":{"rendered":"<p>Sz\u00e9less\u00e9g 65cm M\u00e9lys\u00e9g 75cm Magass\u00e1g 183cm S\u00faly 170kg Fesz\u00fclts\u00e9g 230V Maxim\u00e1lis energiafogyaszt\u00e1s 2400W V\u00edzcsatlakoz\u00e1s K\u00fcls\u0151 Tart\u00e1lyok sz\u00e1ma 7 \u00a0<\/p>","protected":false},"featured_media":25002,"template":"","meta":{"_acf_changed":false,"content-type":""},"location":[],"product_brand":[],"product_cat":[39],"product_tag":[],"class_list":{"0":"post-23611","1":"product","2":"type-product","3":"status-publish","4":"has-post-thumbnail","6":"product_cat-kave-automatak","8":"first","9":"outofstock","10":"shipping-taxable","11":"product-type-simple"},"acf":[],"yoast_head":"<!-- This site is optimized with the Yoast SEO plugin v27.3 - https:\/\/yoast.com\/product\/yoast-seo-wordpress\/ -->\n<title>Necta Astro 2X Espresso - sz\u00e1mk\u00f3dos - Vendingoutlet<\/title>\n<meta name=\"robots\" content=\"index, follow, max-snippet:-1, max-image-preview:large, max-video-preview:-1\" \/>\n<link rel=\"canonical\" href=\"https:\/\/vendingoutlet.org\/en\/product-2\/necta-astro-2x-espresso-szamkodos\/\" \/>\n<meta property=\"og:locale\" content=\"en_US\" \/>\n<meta property=\"og:type\" content=\"article\" \/>\n<meta property=\"og:title\" content=\"Necta Astro 2X Espresso - sz\u00e1mk\u00f3dos - Vendingoutlet\" \/>\n<meta property=\"og:description\" content=\"Sz\u00e9less\u00e9g 65cm M\u00e9lys\u00e9g 75cm Magass\u00e1g 183cm S\u00faly 170kg Fesz\u00fclts\u00e9g 230V Maxim\u00e1lis energiafogyaszt\u00e1s 2400W V\u00edzcsatlakoz\u00e1s K\u00fcls\u0151 Tart\u00e1lyok sz\u00e1ma 7 \u00a0\" \/>\n<meta property=\"og:url\" content=\"https:\/\/vendingoutlet.org\/en\/product-2\/necta-astro-2x-espresso-szamkodos\/\" \/>\n<meta property=\"og:site_name\" content=\"Vendingoutlet\" \/>\n<meta property=\"article:modified_time\" content=\"2025-04-14T10:41:23+00:00\" \/>\n<meta property=\"og:image\" content=\"https:\/\/vendingoutlet.org\/wp-content\/uploads\/2023\/09\/Necta-Astro-2x-szamkod-scaled.jpg\" \/>\n\t<meta property=\"og:image:width\" content=\"2560\" \/>\n\t<meta property=\"og:image:height\" content=\"2560\" \/>\n\t<meta property=\"og:image:type\" content=\"image\/jpeg\" \/>\n<meta name=\"twitter:card\" content=\"summary_large_image\" \/>\n<script type=\"application\/ld+json\" class=\"yoast-schema-graph\">{\"@context\":\"https:\\\/\\\/schema.org\",\"@graph\":[{\"@type\":\"WebPage\",\"@id\":\"https:\\\/\\\/vendingoutlet.org\\\/termek\\\/necta-astro-2x-espresso-szamkodos\\\/\",\"url\":\"https:\\\/\\\/vendingoutlet.org\\\/termek\\\/necta-astro-2x-espresso-szamkodos\\\/\",\"name\":\"Necta Astro 2X Espresso - sz\u00e1mk\u00f3dos - Vendingoutlet\",\"isPartOf\":{\"@id\":\"https:\\\/\\\/vendingoutlet.org\\\/#website\"},\"primaryImageOfPage\":{\"@id\":\"https:\\\/\\\/vendingoutlet.org\\\/termek\\\/necta-astro-2x-espresso-szamkodos\\\/#primaryimage\"},\"image\":{\"@id\":\"https:\\\/\\\/vendingoutlet.org\\\/termek\\\/necta-astro-2x-espresso-szamkodos\\\/#primaryimage\"},\"thumbnailUrl\":\"https:\\\/\\\/vendingoutlet.org\\\/wp-content\\\/uploads\\\/2023\\\/09\\\/Necta-Astro-2x-szamkod-scaled.jpg\",\"datePublished\":\"2023-09-13T11:58:19+00:00\",\"dateModified\":\"2025-04-14T10:41:23+00:00\",\"breadcrumb\":{\"@id\":\"https:\\\/\\\/vendingoutlet.org\\\/termek\\\/necta-astro-2x-espresso-szamkodos\\\/#breadcrumb\"},\"inLanguage\":\"en-US\",\"potentialAction\":[{\"@type\":\"ReadAction\",\"target\":[\"https:\\\/\\\/vendingoutlet.org\\\/termek\\\/necta-astro-2x-espresso-szamkodos\\\/\"]}]},{\"@type\":\"ImageObject\",\"inLanguage\":\"en-US\",\"@id\":\"https:\\\/\\\/vendingoutlet.org\\\/termek\\\/necta-astro-2x-espresso-szamkodos\\\/#primaryimage\",\"url\":\"https:\\\/\\\/vendingoutlet.org\\\/wp-content\\\/uploads\\\/2023\\\/09\\\/Necta-Astro-2x-szamkod-scaled.jpg\",\"contentUrl\":\"https:\\\/\\\/vendingoutlet.org\\\/wp-content\\\/uploads\\\/2023\\\/09\\\/Necta-Astro-2x-szamkod-scaled.jpg\",\"width\":2560,\"height\":2560},{\"@type\":\"BreadcrumbList\",\"@id\":\"https:\\\/\\\/vendingoutlet.org\\\/termek\\\/necta-astro-2x-espresso-szamkodos\\\/#breadcrumb\",\"itemListElement\":[{\"@type\":\"ListItem\",\"position\":1,\"name\":\"Kezd\u0151lap\",\"item\":\"https:\\\/\\\/vendingoutlet.org\\\/\"},{\"@type\":\"ListItem\",\"position\":2,\"name\":\"Term\u00e9kek\",\"item\":\"https:\\\/\\\/vendingoutlet.org\\\/shop\\\/\"},{\"@type\":\"ListItem\",\"position\":3,\"name\":\"Necta Astro 2X Espresso &#8211; sz\u00e1mk\u00f3dos\"}]},{\"@type\":\"WebSite\",\"@id\":\"https:\\\/\\\/vendingoutlet.org\\\/#website\",\"url\":\"https:\\\/\\\/vendingoutlet.org\\\/\",\"name\":\"Vendingoutlet\",\"description\":\"Haszn\u00e1lt \u00e1rus\u00edt\u00f3 automat\u00e1k \u00e9rt\u00e9kes\u00edt\u00e9se\",\"publisher\":{\"@id\":\"https:\\\/\\\/vendingoutlet.org\\\/#organization\"},\"potentialAction\":[{\"@type\":\"SearchAction\",\"target\":{\"@type\":\"EntryPoint\",\"urlTemplate\":\"https:\\\/\\\/vendingoutlet.org\\\/?s={search_term_string}\"},\"query-input\":{\"@type\":\"PropertyValueSpecification\",\"valueRequired\":true,\"valueName\":\"search_term_string\"}}],\"inLanguage\":\"en-US\"},{\"@type\":\"Organization\",\"@id\":\"https:\\\/\\\/vendingoutlet.org\\\/#organization\",\"name\":\"Vendingoutlet\",\"url\":\"https:\\\/\\\/vendingoutlet.org\\\/\",\"logo\":{\"@type\":\"ImageObject\",\"inLanguage\":\"en-US\",\"@id\":\"https:\\\/\\\/vendingoutlet.org\\\/#\\\/schema\\\/logo\\\/image\\\/\",\"url\":\"https:\\\/\\\/vendingoutlet.org\\\/wp-content\\\/uploads\\\/2023\\\/04\\\/loho-blue.svg\",\"contentUrl\":\"https:\\\/\\\/vendingoutlet.org\\\/wp-content\\\/uploads\\\/2023\\\/04\\\/loho-blue.svg\",\"width\":349,\"height\":77,\"caption\":\"Vendingoutlet\"},\"image\":{\"@id\":\"https:\\\/\\\/vendingoutlet.org\\\/#\\\/schema\\\/logo\\\/image\\\/\"}}]}<\/script>\n<!-- \/ Yoast SEO plugin. -->","yoast_head_json":{"title":"Necta Astro 2X Espresso - sz\u00e1mk\u00f3dos - Vendingoutlet","robots":{"index":"index","follow":"follow","max-snippet":"max-snippet:-1","max-image-preview":"max-image-preview:large","max-video-preview":"max-video-preview:-1"},"canonical":"https:\/\/vendingoutlet.org\/en\/product-2\/necta-astro-2x-espresso-szamkodos\/","og_locale":"en_US","og_type":"article","og_title":"Necta Astro 2X Espresso - sz\u00e1mk\u00f3dos - Vendingoutlet","og_description":"Sz\u00e9less\u00e9g 65cm M\u00e9lys\u00e9g 75cm Magass\u00e1g 183cm S\u00faly 170kg Fesz\u00fclts\u00e9g 230V Maxim\u00e1lis energiafogyaszt\u00e1s 2400W V\u00edzcsatlakoz\u00e1s K\u00fcls\u0151 Tart\u00e1lyok sz\u00e1ma 7 \u00a0","og_url":"https:\/\/vendingoutlet.org\/en\/product-2\/necta-astro-2x-espresso-szamkodos\/","og_site_name":"Vendingoutlet","article_modified_time":"2025-04-14T10:41:23+00:00","og_image":[{"width":2560,"height":2560,"url":"https:\/\/vendingoutlet.org\/wp-content\/uploads\/2023\/09\/Necta-Astro-2x-szamkod-scaled.jpg","type":"image\/jpeg"}],"twitter_card":"summary_large_image","schema":{"@context":"https:\/\/schema.org","@graph":[{"@type":"WebPage","@id":"https:\/\/vendingoutlet.org\/termek\/necta-astro-2x-espresso-szamkodos\/","url":"https:\/\/vendingoutlet.org\/termek\/necta-astro-2x-espresso-szamkodos\/","name":"Necta Astro 2X Espresso - sz\u00e1mk\u00f3dos - Vendingoutlet","isPartOf":{"@id":"https:\/\/vendingoutlet.org\/#website"},"primaryImageOfPage":{"@id":"https:\/\/vendingoutlet.org\/termek\/necta-astro-2x-espresso-szamkodos\/#primaryimage"},"image":{"@id":"https:\/\/vendingoutlet.org\/termek\/necta-astro-2x-espresso-szamkodos\/#primaryimage"},"thumbnailUrl":"https:\/\/vendingoutlet.org\/wp-content\/uploads\/2023\/09\/Necta-Astro-2x-szamkod-scaled.jpg","datePublished":"2023-09-13T11:58:19+00:00","dateModified":"2025-04-14T10:41:23+00:00","breadcrumb":{"@id":"https:\/\/vendingoutlet.org\/termek\/necta-astro-2x-espresso-szamkodos\/#breadcrumb"},"inLanguage":"en-US","potentialAction":[{"@type":"ReadAction","target":["https:\/\/vendingoutlet.org\/termek\/necta-astro-2x-espresso-szamkodos\/"]}]},{"@type":"ImageObject","inLanguage":"en-US","@id":"https:\/\/vendingoutlet.org\/termek\/necta-astro-2x-espresso-szamkodos\/#primaryimage","url":"https:\/\/vendingoutlet.org\/wp-content\/uploads\/2023\/09\/Necta-Astro-2x-szamkod-scaled.jpg","contentUrl":"https:\/\/vendingoutlet.org\/wp-content\/uploads\/2023\/09\/Necta-Astro-2x-szamkod-scaled.jpg","width":2560,"height":2560},{"@type":"BreadcrumbList","@id":"https:\/\/vendingoutlet.org\/termek\/necta-astro-2x-espresso-szamkodos\/#breadcrumb","itemListElement":[{"@type":"ListItem","position":1,"name":"Kezd\u0151lap","item":"https:\/\/vendingoutlet.org\/"},{"@type":"ListItem","position":2,"name":"Term\u00e9kek","item":"https:\/\/vendingoutlet.org\/shop\/"},{"@type":"ListItem","position":3,"name":"Necta Astro 2X Espresso &#8211; sz\u00e1mk\u00f3dos"}]},{"@type":"WebSite","@id":"https:\/\/vendingoutlet.org\/#website","url":"https:\/\/vendingoutlet.org\/","name":"Vendingoutlet","description":"Haszn\u00e1lt \u00e1rus\u00edt\u00f3 automat\u00e1k \u00e9rt\u00e9kes\u00edt\u00e9se","publisher":{"@id":"https:\/\/vendingoutlet.org\/#organization"},"potentialAction":[{"@type":"SearchAction","target":{"@type":"EntryPoint","urlTemplate":"https:\/\/vendingoutlet.org\/?s={search_term_string}"},"query-input":{"@type":"PropertyValueSpecification","valueRequired":true,"valueName":"search_term_string"}}],"inLanguage":"en-US"},{"@type":"Organization","@id":"https:\/\/vendingoutlet.org\/#organization","name":"Vendingoutlet","url":"https:\/\/vendingoutlet.org\/","logo":{"@type":"ImageObject","inLanguage":"en-US","@id":"https:\/\/vendingoutlet.org\/#\/schema\/logo\/image\/","url":"https:\/\/vendingoutlet.org\/wp-content\/uploads\/2023\/04\/loho-blue.svg","contentUrl":"https:\/\/vendingoutlet.org\/wp-content\/uploads\/2023\/04\/loho-blue.svg","width":349,"height":77,"caption":"Vendingoutlet"},"image":{"@id":"https:\/\/vendingoutlet.org\/#\/schema\/logo\/image\/"}}]}},"locations":[],"_links":{"self":[{"href":"https:\/\/vendingoutlet.org\/en\/wp-json\/wp\/v2\/product\/23611","targetHints":{"allow":["GET"]}}],"collection":[{"href":"https:\/\/vendingoutlet.org\/en\/wp-json\/wp\/v2\/product"}],"about":[{"href":"https:\/\/vendingoutlet.org\/en\/wp-json\/wp\/v2\/types\/product"}],"wp:featuredmedia":[{"embeddable":true,"href":"https:\/\/vendingoutlet.org\/en\/wp-json\/wp\/v2\/media\/25002"}],"wp:attachment":[{"href":"https:\/\/vendingoutlet.org\/en\/wp-json\/wp\/v2\/media?parent=23611"}],"wp:term":[{"taxonomy":"location","embeddable":true,"href":"https:\/\/vendingoutlet.org\/en\/wp-json\/wp\/v2\/location?post=23611"},{"taxonomy":"product_brand","embeddable":true,"href":"https:\/\/vendingoutlet.org\/en\/wp-json\/wp\/v2\/product_brand?post=23611"},{"taxonomy":"product_cat","embeddable":true,"href":"https:\/\/vendingoutlet.org\/en\/wp-json\/wp\/v2\/product_cat?post=23611"},{"taxonomy":"product_tag","embeddable":true,"href":"https:\/\/vendingoutlet.org\/en\/wp-json\/wp\/v2\/product_tag?post=23611"}],"curies":[{"name":"wp","href":"https:\/\/api.w.org\/{rel}","templated":true}]}}