{"id":23419,"date":"2024-06-12T14:34:02","date_gmt":"2024-06-12T12:34:02","guid":{"rendered":"https:\/\/vendingoutlet.org\/?post_type=product&#038;p=23419"},"modified":"2026-04-14T15:09:48","modified_gmt":"2026-04-14T13:09:48","slug":"saeco-cristallo-600-espresso-fekete","status":"publish","type":"product","link":"https:\/\/vendingoutlet.org\/en\/termek\/saeco-cristallo-600-espresso-fekete\/","title":{"rendered":"Saeco Cristallo 600 Espresso \u2013 Black"},"content":{"rendered":"<table class=\"cs9CFAC74A\" border=\"0\" cellspacing=\"0\" cellpadding=\"0\" width=\"464\" style=\"border-collapse:collapse\">\n<tr style=\"height:15pt\">\n<td class=\"cs7B438C2E\" valign=\"bottom\" nowrap>\n<p class=\"cs95E872D0\"><span class=\"cs97EF4E27\">\u00a0<\/span><\/p>\n<\/td>\n<td class=\"cs18D7C780\" valign=\"bottom\" nowrap>\n<p class=\"cs2E86D3A6\"><span class=\"cs97EF4E27\">\u00a0<\/span><\/p>\n<\/td>\n<\/tr>\n<tr style=\"height:15pt\">\n<td class=\"cs4A48C4BF\" colspan=\"2\" nowrap>\n<p class=\"cs2E86D3A6\"><span class=\"cs9E3C48E3\">Saeco Cristallo 600 ES, Fekete &#8211; MAGYAR<\/span><\/p>\n<\/td>\n<\/tr>\n<tr style=\"height:15pt\">\n<td class=\"csE54EA8DC\" nowrap>\n<p class=\"cs95E872D0\"><span class=\"cs97EF4E27\">\u00a0<\/span><\/p>\n<\/td>\n<td class=\"csB113673D\" valign=\"bottom\" nowrap>\n<p class=\"cs2E86D3A6\"><span class=\"cs97EF4E27\">\u00a0<\/span><\/p>\n<\/td>\n<\/tr>\n<tr style=\"height:15pt\">\n<td class=\"cs3D11E37A\" valign=\"bottom\" nowrap>\n<p class=\"cs95E872D0\"><span class=\"cs97EF4E27\">Structural characteristics<\/span><\/p>\n<\/td>\n<td class=\"cs1D25AF0C\" valign=\"bottom\" nowrap>\n<p class=\"cs2E86D3A6\"><span class=\"cs97EF4E27\">\u00a0<\/span><\/p>\n<\/td>\n<\/tr>\n<tr style=\"height:15pt\">\n<td class=\"cs57C287A2\" nowrap>\n<p class=\"cs95E872D0\"><span class=\"cs97EF4E27\">M\u00e9retek (Sz\u00e9 x Ma x M\u00e9)<\/span><\/p>\n<\/td>\n<td class=\"cs982D878\" valign=\"bottom\" nowrap>\n<p class=\"cs2E86D3A6\"><span class=\"cs97EF4E27\">58 x 183 x 60 cm<\/span><\/p>\n<\/td>\n<\/tr>\n<tr style=\"height:15pt\">\n<td class=\"cs57C287A2\" valign=\"bottom\" nowrap>\n<p class=\"cs95E872D0\"><span class=\"cs97EF4E27\">Weight<\/span><\/p>\n<\/td>\n<td class=\"cs982D878\" valign=\"bottom\" nowrap>\n<p class=\"cs2E86D3A6\"><span class=\"cs97EF4E27\">102 kg<\/span><\/p>\n<\/td>\n<\/tr>\n<tr style=\"height:15pt\">\n<td class=\"csE54EA8DC\" valign=\"bottom\" nowrap>\n<p class=\"cs95E872D0\"><span class=\"cs97EF4E27\">\u00a0<\/span><\/p>\n<\/td>\n<td class=\"csB113673D\" valign=\"bottom\" nowrap>\n<p class=\"cs2E86D3A6\"><span class=\"cs97EF4E27\">\u00a0<\/span><\/p>\n<\/td>\n<\/tr>\n<tr style=\"height:15pt\">\n<td class=\"cs3D11E37A\" valign=\"bottom\" nowrap>\n<p class=\"cs95E872D0\"><span class=\"cs97EF4E27\">Electronic characteristics<\/span><\/p>\n<\/td>\n<td class=\"cs1D25AF0C\" valign=\"bottom\" nowrap>\n<p class=\"cs2E86D3A6\"><span class=\"cs97EF4E27\">\u00a0<\/span><\/p>\n<\/td>\n<\/tr>\n<tr style=\"height:15pt\">\n<td class=\"cs57C287A2\" valign=\"bottom\" nowrap>\n<p class=\"cs95E872D0\"><span class=\"cs97EF4E27\">Power supply<\/span><\/p>\n<\/td>\n<td class=\"cs982D878\" valign=\"bottom\" nowrap>\n<p class=\"cs2E86D3A6\"><span class=\"cs97EF4E27\">230 V \/ 50 Hz<\/span><\/p>\n<\/td>\n<\/tr>\n<tr style=\"height:15pt\">\n<td class=\"cs57C287A2\" valign=\"bottom\" nowrap>\n<p class=\"cs95E872D0\"><span class=\"cs97EF4E27\">Energy consumption<\/span><\/p>\n<\/td>\n<td class=\"cs982D878\" valign=\"bottom\" nowrap>\n<p class=\"cs2E86D3A6\"><span class=\"cs97EF4E27\">1250 W<\/span><\/p>\n<\/td>\n<\/tr>\n<tr style=\"height:15pt\">\n<td class=\"csE54EA8DC\" valign=\"bottom\" nowrap>\n<p class=\"cs95E872D0\"><span class=\"cs97EF4E27\">\u00a0<\/span><\/p>\n<\/td>\n<td class=\"csB113673D\" valign=\"bottom\" nowrap>\n<p class=\"cs2E86D3A6\"><span class=\"cs97EF4E27\">\u00a0<\/span><\/p>\n<\/td>\n<\/tr>\n<tr style=\"height:15pt\">\n<td class=\"cs3D11E37A\" valign=\"bottom\" nowrap>\n<p class=\"cs95E872D0\"><span class=\"cs97EF4E27\">Water connection<\/span><\/p>\n<\/td>\n<td class=\"cs1D25AF0C\" valign=\"bottom\" nowrap>\n<p class=\"cs2E86D3A6\"><span class=\"cs97EF4E27\">\u00a0<\/span><\/p>\n<\/td>\n<\/tr>\n<tr style=\"height:15pt\">\n<td class=\"cs57C287A2\" valign=\"bottom\" nowrap>\n<p class=\"cs95E872D0\"><span class=\"cs97EF4E27\">Water connection<\/span><\/p>\n<\/td>\n<td class=\"cs982D878\" valign=\"bottom\" nowrap>\n<p class=\"cs2E86D3A6\"><span class=\"cs97EF4E27\">3\/4 &#8221; (1-8 bar)<\/span><\/p>\n<\/td>\n<\/tr>\n<tr style=\"height:15pt\">\n<td class=\"csE54EA8DC\" valign=\"bottom\" nowrap>\n<p class=\"cs95E872D0\"><span class=\"cs97EF4E27\">Water supply<\/span><\/p>\n<\/td>\n<td class=\"csB113673D\" valign=\"bottom\" nowrap>\n<p class=\"cs2E86D3A6\"><span class=\"cs97EF4E27\">Standard: water supply<\/span><\/p>\n<\/td>\n<\/tr>\n<tr style=\"height:23.25pt\">\n<td class=\"cs57C287A2\" valign=\"bottom\" nowrap>\n<p class=\"cs95E872D0\"><span class=\"cs97EF4E27\">\u00a0<\/span><\/p>\n<\/td>\n<td class=\"cs982D878\" valign=\"bottom\">\n<p class=\"cs2E86D3A6\"><span class=\"cs97EF4E27\">Opcion\u00e1lis: k\u00fcl\u00f6n\u00e1ll\u00f3 v\u00edztart\u00e1ly k\u00e9szlet<\/span><\/p>\n<\/td>\n<\/tr>\n<tr style=\"height:15pt\">\n<td class=\"cs57C287A2\" valign=\"bottom\" nowrap>\n<p class=\"cs95E872D0\"><span class=\"cs97EF4E27\">Separate water tank<\/span><\/p>\n<\/td>\n<td class=\"cs982D878\" valign=\"bottom\" nowrap>\n<p class=\"cs2E86D3A6\"><span class=\"cs97EF4E27\">1 tart\u00e1ly (20 l)<\/span><\/p>\n<\/td>\n<\/tr>\n<tr style=\"height:15pt\">\n<td class=\"csE54EA8DC\" valign=\"bottom\" nowrap>\n<p class=\"cs95E872D0\"><span class=\"cs97EF4E27\">\u00a0<\/span><\/p>\n<\/td>\n<td class=\"csB113673D\" valign=\"bottom\" nowrap>\n<p class=\"cs2E86D3A6\"><span class=\"cs97EF4E27\">\u00a0<\/span><\/p>\n<\/td>\n<\/tr>\n<tr style=\"height:15pt\">\n<td class=\"cs3D11E37A\" valign=\"bottom\" nowrap>\n<p class=\"cs95E872D0\"><span class=\"cs97EF4E27\">Other features<\/span><\/p>\n<\/td>\n<td class=\"cs1D25AF0C\" valign=\"bottom\" nowrap>\n<p class=\"cs2E86D3A6\"><span class=\"cs97EF4E27\">\u00a0<\/span><\/p>\n<\/td>\n<\/tr>\n<tr style=\"height:15pt\">\n<td class=\"cs57C287A2\" valign=\"bottom\" nowrap>\n<p class=\"cs95E872D0\"><span class=\"cs97EF4E27\">Cs\u00e9sz\u00e9k (73-74 mm)<\/span><\/p>\n<\/td>\n<td class=\"cs982D878\" valign=\"bottom\" nowrap>\n<p class=\"cs2E86D3A6\"><span class=\"cs97EF4E27\">550<\/span><\/p>\n<\/td>\n<\/tr>\n<tr style=\"height:15pt\">\n<td class=\"cs57C287A2\" valign=\"bottom\" nowrap>\n<p class=\"cs95E872D0\"><span class=\"cs97EF4E27\">Mixers<\/span><\/p>\n<\/td>\n<td class=\"cs982D878\" valign=\"bottom\" nowrap>\n<p class=\"cs2E86D3A6\"><span class=\"cs97EF4E27\">550<\/span><\/p>\n<\/td>\n<\/tr>\n<tr style=\"height:15pt\">\n<td class=\"cs57C287A2\" valign=\"bottom\" nowrap>\n<p class=\"cs95E872D0\"><span class=\"cs97EF4E27\">Coffee bean container<\/span><\/p>\n<\/td>\n<td class=\"cs982D878\" valign=\"bottom\" nowrap>\n<p class=\"cs2E86D3A6\"><span class=\"cs97EF4E27\">1<\/span><\/p>\n<\/td>\n<\/tr>\n<tr style=\"height:15pt\">\n<td class=\"cs57C287A2\" valign=\"bottom\" nowrap>\n<p class=\"cs95E872D0\"><span class=\"cs97EF4E27\">Instant container<\/span><\/p>\n<\/td>\n<td class=\"cs982D878\" valign=\"bottom\" nowrap>\n<p class=\"cs2E86D3A6\"><span class=\"cs97EF4E27\">5<\/span><\/p>\n<\/td>\n<\/tr>\n<tr style=\"height:15.75pt\">\n<td class=\"cs57C287A2\" valign=\"bottom\" nowrap>\n<p class=\"cs95E872D0\"><span class=\"cs97EF4E27\">Sugar container<\/span><\/p>\n<\/td>\n<td class=\"cs982D878\" valign=\"bottom\" nowrap>\n<p class=\"cs2E86D3A6\"><span class=\"cs97EF4E27\">1<\/span><\/p>\n<\/td>\n<\/tr>\n<\/table>\n<p class=\"cs2478469\"><span class=\"csBB6B59F5\">\u00a0<\/span><\/p>","protected":false},"excerpt":{"rendered":"<p>\u00a0 \u00a0 Saeco Cristallo 600 ES, Fekete &#8211; MAGYAR \u00a0 \u00a0 Struktur\u00e1lis jellemz\u0151k \u00a0 M\u00e9retek (Sz\u00e9 x Ma x M\u00e9) 58 x 183 x 60 cm S\u00faly 102 kg \u00a0 \u00a0 Elektronikus jellemz\u0151k \u00a0 T\u00e1pegys\u00e9g 230 V \/ 50 Hz Energiafogyaszt\u00e1s 1250 W \u00a0 \u00a0 V\u00edzcsatlakoz\u00e1s \u00a0 V\u00edzcsatlakoz\u00e1s 3\/4 &#8221; (1-8 bar) V\u00edzell\u00e1t\u00e1s Szabv\u00e1ny: v\u00edzell\u00e1t\u00e1s &#8230; <a title=\"Saeco Cristallo 600 Espresso &#8211; Fekete\" class=\"read-more\" href=\"https:\/\/vendingoutlet.org\/en\/termek\/saeco-cristallo-600-espresso-fekete\/\" aria-label=\"Read more about Saeco Cristallo 600 Espresso &#8211; Fekete\">Read more<\/a><\/p>","protected":false},"featured_media":27785,"template":"","meta":{"_acf_changed":false,"content-type":""},"location":[],"product_brand":[],"product_cat":[39],"product_tag":[],"class_list":{"0":"post-23419","1":"product","2":"type-product","3":"status-publish","4":"has-post-thumbnail","6":"product_cat-kave-automatak","8":"first","9":"outofstock","10":"shipping-taxable","11":"product-type-simple"},"acf":[],"yoast_head":"<!-- This site is optimized with the Yoast SEO plugin v27.4 - https:\/\/yoast.com\/product\/yoast-seo-wordpress\/ -->\n<title>Saeco Cristallo 600 Espresso - Fekete - Vendingoutlet<\/title>\n<meta name=\"robots\" content=\"index, follow, max-snippet:-1, max-image-preview:large, max-video-preview:-1\" \/>\n<link rel=\"canonical\" href=\"https:\/\/vendingoutlet.org\/en\/product-2\/saeco-cristallo-600-espresso-fekete\/\" \/>\n<meta property=\"og:locale\" content=\"en_US\" \/>\n<meta property=\"og:type\" content=\"article\" \/>\n<meta property=\"og:title\" content=\"Saeco Cristallo 600 Espresso - Fekete - Vendingoutlet\" \/>\n<meta property=\"og:description\" content=\"\u00a0 \u00a0 Saeco Cristallo 600 ES, Fekete &#8211; MAGYAR \u00a0 \u00a0 Struktur\u00e1lis jellemz\u0151k \u00a0 M\u00e9retek (Sz\u00e9 x Ma x M\u00e9) 58 x 183 x 60 cm S\u00faly 102 kg \u00a0 \u00a0 Elektronikus jellemz\u0151k \u00a0 T\u00e1pegys\u00e9g 230 V \/ 50 Hz Energiafogyaszt\u00e1s 1250 W \u00a0 \u00a0 V\u00edzcsatlakoz\u00e1s \u00a0 V\u00edzcsatlakoz\u00e1s 3\/4 &#8221; (1-8 bar) V\u00edzell\u00e1t\u00e1s Szabv\u00e1ny: v\u00edzell\u00e1t\u00e1s ... Read more\" \/>\n<meta property=\"og:url\" content=\"https:\/\/vendingoutlet.org\/en\/product-2\/saeco-cristallo-600-espresso-fekete\/\" \/>\n<meta property=\"og:site_name\" content=\"Vendingoutlet\" \/>\n<meta property=\"article:modified_time\" content=\"2026-04-14T13:09:48+00:00\" \/>\n<meta property=\"og:image\" content=\"https:\/\/vendingoutlet.org\/wp-content\/uploads\/2024\/06\/Cristallo_600_ES_Fekete-1-1024x1024.png\" \/>\n\t<meta property=\"og:image:width\" content=\"1024\" \/>\n\t<meta property=\"og:image:height\" content=\"1024\" \/>\n\t<meta property=\"og:image:type\" content=\"image\/png\" \/>\n<meta name=\"twitter:card\" content=\"summary_large_image\" \/>\n<script type=\"application\/ld+json\" class=\"yoast-schema-graph\">{\"@context\":\"https:\\\/\\\/schema.org\",\"@graph\":[{\"@type\":\"WebPage\",\"@id\":\"https:\\\/\\\/vendingoutlet.org\\\/termek\\\/saeco-cristallo-600-espresso-fekete\\\/\",\"url\":\"https:\\\/\\\/vendingoutlet.org\\\/termek\\\/saeco-cristallo-600-espresso-fekete\\\/\",\"name\":\"Saeco Cristallo 600 Espresso - Fekete - Vendingoutlet\",\"isPartOf\":{\"@id\":\"https:\\\/\\\/vendingoutlet.org\\\/#website\"},\"primaryImageOfPage\":{\"@id\":\"https:\\\/\\\/vendingoutlet.org\\\/termek\\\/saeco-cristallo-600-espresso-fekete\\\/#primaryimage\"},\"image\":{\"@id\":\"https:\\\/\\\/vendingoutlet.org\\\/termek\\\/saeco-cristallo-600-espresso-fekete\\\/#primaryimage\"},\"thumbnailUrl\":\"https:\\\/\\\/vendingoutlet.org\\\/wp-content\\\/uploads\\\/2024\\\/06\\\/Cristallo_600_ES_Fekete-1.png\",\"datePublished\":\"2024-06-12T12:34:02+00:00\",\"dateModified\":\"2026-04-14T13:09:48+00:00\",\"breadcrumb\":{\"@id\":\"https:\\\/\\\/vendingoutlet.org\\\/termek\\\/saeco-cristallo-600-espresso-fekete\\\/#breadcrumb\"},\"inLanguage\":\"en-US\",\"potentialAction\":[{\"@type\":\"ReadAction\",\"target\":[\"https:\\\/\\\/vendingoutlet.org\\\/termek\\\/saeco-cristallo-600-espresso-fekete\\\/\"]}]},{\"@type\":\"ImageObject\",\"inLanguage\":\"en-US\",\"@id\":\"https:\\\/\\\/vendingoutlet.org\\\/termek\\\/saeco-cristallo-600-espresso-fekete\\\/#primaryimage\",\"url\":\"https:\\\/\\\/vendingoutlet.org\\\/wp-content\\\/uploads\\\/2024\\\/06\\\/Cristallo_600_ES_Fekete-1.png\",\"contentUrl\":\"https:\\\/\\\/vendingoutlet.org\\\/wp-content\\\/uploads\\\/2024\\\/06\\\/Cristallo_600_ES_Fekete-1.png\",\"width\":2980,\"height\":2980},{\"@type\":\"BreadcrumbList\",\"@id\":\"https:\\\/\\\/vendingoutlet.org\\\/termek\\\/saeco-cristallo-600-espresso-fekete\\\/#breadcrumb\",\"itemListElement\":[{\"@type\":\"ListItem\",\"position\":1,\"name\":\"Kezd\u0151lap\",\"item\":\"https:\\\/\\\/vendingoutlet.org\\\/\"},{\"@type\":\"ListItem\",\"position\":2,\"name\":\"Term\u00e9kek\",\"item\":\"https:\\\/\\\/vendingoutlet.org\\\/shop\\\/\"},{\"@type\":\"ListItem\",\"position\":3,\"name\":\"Saeco Cristallo 600 Espresso &#8211; Fekete\"}]},{\"@type\":\"WebSite\",\"@id\":\"https:\\\/\\\/vendingoutlet.org\\\/#website\",\"url\":\"https:\\\/\\\/vendingoutlet.org\\\/\",\"name\":\"Vendingoutlet\",\"description\":\"Haszn\u00e1lt \u00e1rus\u00edt\u00f3 automat\u00e1k \u00e9rt\u00e9kes\u00edt\u00e9se\",\"publisher\":{\"@id\":\"https:\\\/\\\/vendingoutlet.org\\\/#organization\"},\"potentialAction\":[{\"@type\":\"SearchAction\",\"target\":{\"@type\":\"EntryPoint\",\"urlTemplate\":\"https:\\\/\\\/vendingoutlet.org\\\/?s={search_term_string}\"},\"query-input\":{\"@type\":\"PropertyValueSpecification\",\"valueRequired\":true,\"valueName\":\"search_term_string\"}}],\"inLanguage\":\"en-US\"},{\"@type\":\"Organization\",\"@id\":\"https:\\\/\\\/vendingoutlet.org\\\/#organization\",\"name\":\"Vendingoutlet\",\"url\":\"https:\\\/\\\/vendingoutlet.org\\\/\",\"logo\":{\"@type\":\"ImageObject\",\"inLanguage\":\"en-US\",\"@id\":\"https:\\\/\\\/vendingoutlet.org\\\/#\\\/schema\\\/logo\\\/image\\\/\",\"url\":\"https:\\\/\\\/vendingoutlet.org\\\/wp-content\\\/uploads\\\/2023\\\/04\\\/loho-blue.svg\",\"contentUrl\":\"https:\\\/\\\/vendingoutlet.org\\\/wp-content\\\/uploads\\\/2023\\\/04\\\/loho-blue.svg\",\"width\":349,\"height\":77,\"caption\":\"Vendingoutlet\"},\"image\":{\"@id\":\"https:\\\/\\\/vendingoutlet.org\\\/#\\\/schema\\\/logo\\\/image\\\/\"}}]}<\/script>\n<!-- \/ Yoast SEO plugin. -->","yoast_head_json":{"title":"Saeco Cristallo 600 Espresso - Fekete - Vendingoutlet","robots":{"index":"index","follow":"follow","max-snippet":"max-snippet:-1","max-image-preview":"max-image-preview:large","max-video-preview":"max-video-preview:-1"},"canonical":"https:\/\/vendingoutlet.org\/en\/product-2\/saeco-cristallo-600-espresso-fekete\/","og_locale":"en_US","og_type":"article","og_title":"Saeco Cristallo 600 Espresso - Fekete - Vendingoutlet","og_description":"\u00a0 \u00a0 Saeco Cristallo 600 ES, Fekete &#8211; MAGYAR \u00a0 \u00a0 Struktur\u00e1lis jellemz\u0151k \u00a0 M\u00e9retek (Sz\u00e9 x Ma x M\u00e9) 58 x 183 x 60 cm S\u00faly 102 kg \u00a0 \u00a0 Elektronikus jellemz\u0151k \u00a0 T\u00e1pegys\u00e9g 230 V \/ 50 Hz Energiafogyaszt\u00e1s 1250 W \u00a0 \u00a0 V\u00edzcsatlakoz\u00e1s \u00a0 V\u00edzcsatlakoz\u00e1s 3\/4 &#8221; (1-8 bar) V\u00edzell\u00e1t\u00e1s Szabv\u00e1ny: v\u00edzell\u00e1t\u00e1s ... Read more","og_url":"https:\/\/vendingoutlet.org\/en\/product-2\/saeco-cristallo-600-espresso-fekete\/","og_site_name":"Vendingoutlet","article_modified_time":"2026-04-14T13:09:48+00:00","og_image":[{"width":1024,"height":1024,"url":"https:\/\/vendingoutlet.org\/wp-content\/uploads\/2024\/06\/Cristallo_600_ES_Fekete-1-1024x1024.png","type":"image\/png"}],"twitter_card":"summary_large_image","schema":{"@context":"https:\/\/schema.org","@graph":[{"@type":"WebPage","@id":"https:\/\/vendingoutlet.org\/termek\/saeco-cristallo-600-espresso-fekete\/","url":"https:\/\/vendingoutlet.org\/termek\/saeco-cristallo-600-espresso-fekete\/","name":"Saeco Cristallo 600 Espresso - Fekete - Vendingoutlet","isPartOf":{"@id":"https:\/\/vendingoutlet.org\/#website"},"primaryImageOfPage":{"@id":"https:\/\/vendingoutlet.org\/termek\/saeco-cristallo-600-espresso-fekete\/#primaryimage"},"image":{"@id":"https:\/\/vendingoutlet.org\/termek\/saeco-cristallo-600-espresso-fekete\/#primaryimage"},"thumbnailUrl":"https:\/\/vendingoutlet.org\/wp-content\/uploads\/2024\/06\/Cristallo_600_ES_Fekete-1.png","datePublished":"2024-06-12T12:34:02+00:00","dateModified":"2026-04-14T13:09:48+00:00","breadcrumb":{"@id":"https:\/\/vendingoutlet.org\/termek\/saeco-cristallo-600-espresso-fekete\/#breadcrumb"},"inLanguage":"en-US","potentialAction":[{"@type":"ReadAction","target":["https:\/\/vendingoutlet.org\/termek\/saeco-cristallo-600-espresso-fekete\/"]}]},{"@type":"ImageObject","inLanguage":"en-US","@id":"https:\/\/vendingoutlet.org\/termek\/saeco-cristallo-600-espresso-fekete\/#primaryimage","url":"https:\/\/vendingoutlet.org\/wp-content\/uploads\/2024\/06\/Cristallo_600_ES_Fekete-1.png","contentUrl":"https:\/\/vendingoutlet.org\/wp-content\/uploads\/2024\/06\/Cristallo_600_ES_Fekete-1.png","width":2980,"height":2980},{"@type":"BreadcrumbList","@id":"https:\/\/vendingoutlet.org\/termek\/saeco-cristallo-600-espresso-fekete\/#breadcrumb","itemListElement":[{"@type":"ListItem","position":1,"name":"Kezd\u0151lap","item":"https:\/\/vendingoutlet.org\/"},{"@type":"ListItem","position":2,"name":"Term\u00e9kek","item":"https:\/\/vendingoutlet.org\/shop\/"},{"@type":"ListItem","position":3,"name":"Saeco Cristallo 600 Espresso &#8211; Fekete"}]},{"@type":"WebSite","@id":"https:\/\/vendingoutlet.org\/#website","url":"https:\/\/vendingoutlet.org\/","name":"Vendingoutlet","description":"Haszn\u00e1lt \u00e1rus\u00edt\u00f3 automat\u00e1k \u00e9rt\u00e9kes\u00edt\u00e9se","publisher":{"@id":"https:\/\/vendingoutlet.org\/#organization"},"potentialAction":[{"@type":"SearchAction","target":{"@type":"EntryPoint","urlTemplate":"https:\/\/vendingoutlet.org\/?s={search_term_string}"},"query-input":{"@type":"PropertyValueSpecification","valueRequired":true,"valueName":"search_term_string"}}],"inLanguage":"en-US"},{"@type":"Organization","@id":"https:\/\/vendingoutlet.org\/#organization","name":"Vendingoutlet","url":"https:\/\/vendingoutlet.org\/","logo":{"@type":"ImageObject","inLanguage":"en-US","@id":"https:\/\/vendingoutlet.org\/#\/schema\/logo\/image\/","url":"https:\/\/vendingoutlet.org\/wp-content\/uploads\/2023\/04\/loho-blue.svg","contentUrl":"https:\/\/vendingoutlet.org\/wp-content\/uploads\/2023\/04\/loho-blue.svg","width":349,"height":77,"caption":"Vendingoutlet"},"image":{"@id":"https:\/\/vendingoutlet.org\/#\/schema\/logo\/image\/"}}]}},"locations":[],"_links":{"self":[{"href":"https:\/\/vendingoutlet.org\/en\/wp-json\/wp\/v2\/product\/23419","targetHints":{"allow":["GET"]}}],"collection":[{"href":"https:\/\/vendingoutlet.org\/en\/wp-json\/wp\/v2\/product"}],"about":[{"href":"https:\/\/vendingoutlet.org\/en\/wp-json\/wp\/v2\/types\/product"}],"wp:featuredmedia":[{"embeddable":true,"href":"https:\/\/vendingoutlet.org\/en\/wp-json\/wp\/v2\/media\/27785"}],"wp:attachment":[{"href":"https:\/\/vendingoutlet.org\/en\/wp-json\/wp\/v2\/media?parent=23419"}],"wp:term":[{"taxonomy":"location","embeddable":true,"href":"https:\/\/vendingoutlet.org\/en\/wp-json\/wp\/v2\/location?post=23419"},{"taxonomy":"product_brand","embeddable":true,"href":"https:\/\/vendingoutlet.org\/en\/wp-json\/wp\/v2\/product_brand?post=23419"},{"taxonomy":"product_cat","embeddable":true,"href":"https:\/\/vendingoutlet.org\/en\/wp-json\/wp\/v2\/product_cat?post=23419"},{"taxonomy":"product_tag","embeddable":true,"href":"https:\/\/vendingoutlet.org\/en\/wp-json\/wp\/v2\/product_tag?post=23419"}],"curies":[{"name":"wp","href":"https:\/\/api.w.org\/{rel}","templated":true}]}}