{"id":23278,"date":"2023-08-30T13:43:16","date_gmt":"2023-08-30T11:43:16","guid":{"rendered":"https:\/\/vendingoutlet.org\/?post_type=product&#038;p=23278"},"modified":"2025-03-25T15:44:45","modified_gmt":"2025-03-25T14:44:45","slug":"necta-kikko-espresso","status":"publish","type":"product","link":"https:\/\/vendingoutlet.org\/en\/termek\/necta-kikko-espresso\/","title":{"rendered":"Necta Kikko Espresso"},"content":{"rendered":"<table class=\"cs2D2816FE\" border=\"0\" cellspacing=\"0\" cellpadding=\"0\" style=\"border-collapse:collapse\">\n<tr>\n<td class=\"cs8E6E8B30\" valign=\"top\">\n<p class=\"cs95E872D0\"><span class=\"cs1B16EEB5\">Width<\/span><\/p>\n<\/td>\n<td class=\"cs8E6E8B30\" valign=\"top\">\n<p class=\"cs95E872D0\"><span class=\"csBB6B59F5\">53,6cm<\/span><\/p>\n<\/td>\n<\/tr>\n<tr>\n<td class=\"cs8E6E8B30\" valign=\"top\">\n<p class=\"cs95E872D0\"><span class=\"csBB6B59F5\">Depth<\/span><\/p>\n<\/td>\n<td class=\"cs8E6E8B30\" valign=\"top\">\n<p class=\"cs95E872D0\"><span class=\"csBB6B59F5\">69,5cm<\/span><\/p>\n<\/td>\n<\/tr>\n<tr>\n<td class=\"cs8E6E8B30\" valign=\"top\">\n<p class=\"cs95E872D0\"><span class=\"csBB6B59F5\">Height<\/span><\/p>\n<\/td>\n<td class=\"cs8E6E8B30\" valign=\"top\">\n<p class=\"cs95E872D0\"><span class=\"csBB6B59F5\">170cm<\/span><\/p>\n<\/td>\n<\/tr>\n<tr>\n<td class=\"cs8E6E8B30\" valign=\"top\">\n<p class=\"cs95E872D0\"><span class=\"csBB6B59F5\">Weight<\/span><\/p>\n<\/td>\n<td class=\"cs8E6E8B30\" valign=\"top\">\n<p class=\"cs95E872D0\"><span class=\"csBB6B59F5\">114kg<\/span><\/p>\n<\/td>\n<\/tr>\n<tr>\n<td class=\"cs8E6E8B30\" valign=\"top\">\n<p class=\"cs95E872D0\"><span class=\"csBB6B59F5\">Voltage<\/span><\/p>\n<\/td>\n<td class=\"cs8E6E8B30\" valign=\"top\">\n<p class=\"cs95E872D0\"><span class=\"csBB6B59F5\">230V<\/span><\/p>\n<\/td>\n<\/tr>\n<tr>\n<td class=\"cs8E6E8B30\" valign=\"top\">\n<p class=\"cs95E872D0\"><span class=\"csBB6B59F5\">Max power consumption<\/span><\/p>\n<\/td>\n<td class=\"cs8E6E8B30\" valign=\"top\">\n<p class=\"cs95E872D0\"><span class=\"csBB6B59F5\">1800W<\/span><\/p>\n<\/td>\n<\/tr>\n<tr>\n<td class=\"cs8E6E8B30\" valign=\"top\">\n<p class=\"cs95E872D0\"><span class=\"csBB6B59F5\">Water connection<\/span><\/p>\n<\/td>\n<td class=\"cs8E6E8B30\" valign=\"top\">\n<p class=\"cs95E872D0\"><span class=\"csBB6B59F5\">plumbed<\/span><\/p>\n<\/td>\n<\/tr>\n<tr>\n<td class=\"cs8E6E8B30\" valign=\"top\">\n<p class=\"cs95E872D0\"><span class=\"csBB6B59F5\">Number canisters<\/span><\/p>\n<\/td>\n<td class=\"cs8E6E8B30\" valign=\"top\">\n<p class=\"cs95E872D0\"><span class=\"csBB6B59F5\">6<\/span><\/p>\n<\/td>\n<\/tr>\n<\/table>\n<p class=\"cs2478469\"><span class=\"csBB6B59F5\">\u00a0<\/span><\/p>","protected":false},"excerpt":{"rendered":"<p>Sz\u00e9less\u00e9g 53,6cm M\u00e9lys\u00e9g 69,5cm Magass\u00e1g 170cm S\u00faly 114kg Fesz\u00fclts\u00e9g 230V Maxim\u00e1lis energiafogyaszt\u00e1s 1800W V\u00edzcsatlakoz\u00e1s k\u00fcls\u0151 Tart\u00e1lyok sz\u00e1ma 6 \u00a0<\/p>","protected":false},"featured_media":24924,"template":"","meta":{"_acf_changed":false,"content-type":""},"location":[],"product_brand":[],"product_cat":[39],"product_tag":[],"class_list":{"0":"post-23278","1":"product","2":"type-product","3":"status-publish","4":"has-post-thumbnail","6":"product_cat-kave-automatak","8":"first","9":"outofstock","10":"shipping-taxable","11":"product-type-simple"},"acf":[],"yoast_head":"<!-- This site is optimized with the Yoast SEO plugin v27.3 - https:\/\/yoast.com\/product\/yoast-seo-wordpress\/ -->\n<title>Necta Kikko Espresso - Vendingoutlet<\/title>\n<meta name=\"robots\" content=\"index, follow, max-snippet:-1, max-image-preview:large, max-video-preview:-1\" \/>\n<link rel=\"canonical\" href=\"https:\/\/vendingoutlet.org\/en\/product-2\/necta-kikko-espresso\/\" \/>\n<meta property=\"og:locale\" content=\"en_US\" \/>\n<meta property=\"og:type\" content=\"article\" \/>\n<meta property=\"og:title\" content=\"Necta Kikko Espresso - Vendingoutlet\" \/>\n<meta property=\"og:description\" content=\"Sz\u00e9less\u00e9g 53,6cm M\u00e9lys\u00e9g 69,5cm Magass\u00e1g 170cm S\u00faly 114kg Fesz\u00fclts\u00e9g 230V Maxim\u00e1lis energiafogyaszt\u00e1s 1800W V\u00edzcsatlakoz\u00e1s k\u00fcls\u0151 Tart\u00e1lyok sz\u00e1ma 6 \u00a0\" \/>\n<meta property=\"og:url\" content=\"https:\/\/vendingoutlet.org\/en\/product-2\/necta-kikko-espresso\/\" \/>\n<meta property=\"og:site_name\" content=\"Vendingoutlet\" \/>\n<meta property=\"article:modified_time\" content=\"2025-03-25T14:44:45+00:00\" \/>\n<meta property=\"og:image\" content=\"https:\/\/vendingoutlet.org\/wp-content\/uploads\/2023\/08\/Necta-Kikko-ES-scaled.jpg\" \/>\n\t<meta property=\"og:image:width\" content=\"2560\" \/>\n\t<meta property=\"og:image:height\" content=\"2560\" \/>\n\t<meta property=\"og:image:type\" content=\"image\/jpeg\" \/>\n<meta name=\"twitter:card\" content=\"summary_large_image\" \/>\n<script type=\"application\/ld+json\" class=\"yoast-schema-graph\">{\"@context\":\"https:\\\/\\\/schema.org\",\"@graph\":[{\"@type\":\"WebPage\",\"@id\":\"https:\\\/\\\/vendingoutlet.org\\\/termek\\\/necta-kikko-espresso\\\/\",\"url\":\"https:\\\/\\\/vendingoutlet.org\\\/termek\\\/necta-kikko-espresso\\\/\",\"name\":\"Necta Kikko Espresso - Vendingoutlet\",\"isPartOf\":{\"@id\":\"https:\\\/\\\/vendingoutlet.org\\\/#website\"},\"primaryImageOfPage\":{\"@id\":\"https:\\\/\\\/vendingoutlet.org\\\/termek\\\/necta-kikko-espresso\\\/#primaryimage\"},\"image\":{\"@id\":\"https:\\\/\\\/vendingoutlet.org\\\/termek\\\/necta-kikko-espresso\\\/#primaryimage\"},\"thumbnailUrl\":\"https:\\\/\\\/vendingoutlet.org\\\/wp-content\\\/uploads\\\/2023\\\/08\\\/Necta-Kikko-ES-scaled.jpg\",\"datePublished\":\"2023-08-30T11:43:16+00:00\",\"dateModified\":\"2025-03-25T14:44:45+00:00\",\"breadcrumb\":{\"@id\":\"https:\\\/\\\/vendingoutlet.org\\\/termek\\\/necta-kikko-espresso\\\/#breadcrumb\"},\"inLanguage\":\"en-US\",\"potentialAction\":[{\"@type\":\"ReadAction\",\"target\":[\"https:\\\/\\\/vendingoutlet.org\\\/termek\\\/necta-kikko-espresso\\\/\"]}]},{\"@type\":\"ImageObject\",\"inLanguage\":\"en-US\",\"@id\":\"https:\\\/\\\/vendingoutlet.org\\\/termek\\\/necta-kikko-espresso\\\/#primaryimage\",\"url\":\"https:\\\/\\\/vendingoutlet.org\\\/wp-content\\\/uploads\\\/2023\\\/08\\\/Necta-Kikko-ES-scaled.jpg\",\"contentUrl\":\"https:\\\/\\\/vendingoutlet.org\\\/wp-content\\\/uploads\\\/2023\\\/08\\\/Necta-Kikko-ES-scaled.jpg\",\"width\":2560,\"height\":2560},{\"@type\":\"BreadcrumbList\",\"@id\":\"https:\\\/\\\/vendingoutlet.org\\\/termek\\\/necta-kikko-espresso\\\/#breadcrumb\",\"itemListElement\":[{\"@type\":\"ListItem\",\"position\":1,\"name\":\"Kezd\u0151lap\",\"item\":\"https:\\\/\\\/vendingoutlet.org\\\/\"},{\"@type\":\"ListItem\",\"position\":2,\"name\":\"Term\u00e9kek\",\"item\":\"https:\\\/\\\/vendingoutlet.org\\\/shop\\\/\"},{\"@type\":\"ListItem\",\"position\":3,\"name\":\"Necta Kikko Espresso\"}]},{\"@type\":\"WebSite\",\"@id\":\"https:\\\/\\\/vendingoutlet.org\\\/#website\",\"url\":\"https:\\\/\\\/vendingoutlet.org\\\/\",\"name\":\"Vendingoutlet\",\"description\":\"Haszn\u00e1lt \u00e1rus\u00edt\u00f3 automat\u00e1k \u00e9rt\u00e9kes\u00edt\u00e9se\",\"publisher\":{\"@id\":\"https:\\\/\\\/vendingoutlet.org\\\/#organization\"},\"potentialAction\":[{\"@type\":\"SearchAction\",\"target\":{\"@type\":\"EntryPoint\",\"urlTemplate\":\"https:\\\/\\\/vendingoutlet.org\\\/?s={search_term_string}\"},\"query-input\":{\"@type\":\"PropertyValueSpecification\",\"valueRequired\":true,\"valueName\":\"search_term_string\"}}],\"inLanguage\":\"en-US\"},{\"@type\":\"Organization\",\"@id\":\"https:\\\/\\\/vendingoutlet.org\\\/#organization\",\"name\":\"Vendingoutlet\",\"url\":\"https:\\\/\\\/vendingoutlet.org\\\/\",\"logo\":{\"@type\":\"ImageObject\",\"inLanguage\":\"en-US\",\"@id\":\"https:\\\/\\\/vendingoutlet.org\\\/#\\\/schema\\\/logo\\\/image\\\/\",\"url\":\"https:\\\/\\\/vendingoutlet.org\\\/wp-content\\\/uploads\\\/2023\\\/04\\\/loho-blue.svg\",\"contentUrl\":\"https:\\\/\\\/vendingoutlet.org\\\/wp-content\\\/uploads\\\/2023\\\/04\\\/loho-blue.svg\",\"width\":349,\"height\":77,\"caption\":\"Vendingoutlet\"},\"image\":{\"@id\":\"https:\\\/\\\/vendingoutlet.org\\\/#\\\/schema\\\/logo\\\/image\\\/\"}}]}<\/script>\n<!-- \/ Yoast SEO plugin. -->","yoast_head_json":{"title":"Necta Kikko Espresso - Vendingoutlet","robots":{"index":"index","follow":"follow","max-snippet":"max-snippet:-1","max-image-preview":"max-image-preview:large","max-video-preview":"max-video-preview:-1"},"canonical":"https:\/\/vendingoutlet.org\/en\/product-2\/necta-kikko-espresso\/","og_locale":"en_US","og_type":"article","og_title":"Necta Kikko Espresso - Vendingoutlet","og_description":"Sz\u00e9less\u00e9g 53,6cm M\u00e9lys\u00e9g 69,5cm Magass\u00e1g 170cm S\u00faly 114kg Fesz\u00fclts\u00e9g 230V Maxim\u00e1lis energiafogyaszt\u00e1s 1800W V\u00edzcsatlakoz\u00e1s k\u00fcls\u0151 Tart\u00e1lyok sz\u00e1ma 6 \u00a0","og_url":"https:\/\/vendingoutlet.org\/en\/product-2\/necta-kikko-espresso\/","og_site_name":"Vendingoutlet","article_modified_time":"2025-03-25T14:44:45+00:00","og_image":[{"width":2560,"height":2560,"url":"https:\/\/vendingoutlet.org\/wp-content\/uploads\/2023\/08\/Necta-Kikko-ES-scaled.jpg","type":"image\/jpeg"}],"twitter_card":"summary_large_image","schema":{"@context":"https:\/\/schema.org","@graph":[{"@type":"WebPage","@id":"https:\/\/vendingoutlet.org\/termek\/necta-kikko-espresso\/","url":"https:\/\/vendingoutlet.org\/termek\/necta-kikko-espresso\/","name":"Necta Kikko Espresso - Vendingoutlet","isPartOf":{"@id":"https:\/\/vendingoutlet.org\/#website"},"primaryImageOfPage":{"@id":"https:\/\/vendingoutlet.org\/termek\/necta-kikko-espresso\/#primaryimage"},"image":{"@id":"https:\/\/vendingoutlet.org\/termek\/necta-kikko-espresso\/#primaryimage"},"thumbnailUrl":"https:\/\/vendingoutlet.org\/wp-content\/uploads\/2023\/08\/Necta-Kikko-ES-scaled.jpg","datePublished":"2023-08-30T11:43:16+00:00","dateModified":"2025-03-25T14:44:45+00:00","breadcrumb":{"@id":"https:\/\/vendingoutlet.org\/termek\/necta-kikko-espresso\/#breadcrumb"},"inLanguage":"en-US","potentialAction":[{"@type":"ReadAction","target":["https:\/\/vendingoutlet.org\/termek\/necta-kikko-espresso\/"]}]},{"@type":"ImageObject","inLanguage":"en-US","@id":"https:\/\/vendingoutlet.org\/termek\/necta-kikko-espresso\/#primaryimage","url":"https:\/\/vendingoutlet.org\/wp-content\/uploads\/2023\/08\/Necta-Kikko-ES-scaled.jpg","contentUrl":"https:\/\/vendingoutlet.org\/wp-content\/uploads\/2023\/08\/Necta-Kikko-ES-scaled.jpg","width":2560,"height":2560},{"@type":"BreadcrumbList","@id":"https:\/\/vendingoutlet.org\/termek\/necta-kikko-espresso\/#breadcrumb","itemListElement":[{"@type":"ListItem","position":1,"name":"Kezd\u0151lap","item":"https:\/\/vendingoutlet.org\/"},{"@type":"ListItem","position":2,"name":"Term\u00e9kek","item":"https:\/\/vendingoutlet.org\/shop\/"},{"@type":"ListItem","position":3,"name":"Necta Kikko Espresso"}]},{"@type":"WebSite","@id":"https:\/\/vendingoutlet.org\/#website","url":"https:\/\/vendingoutlet.org\/","name":"Vendingoutlet","description":"Haszn\u00e1lt \u00e1rus\u00edt\u00f3 automat\u00e1k \u00e9rt\u00e9kes\u00edt\u00e9se","publisher":{"@id":"https:\/\/vendingoutlet.org\/#organization"},"potentialAction":[{"@type":"SearchAction","target":{"@type":"EntryPoint","urlTemplate":"https:\/\/vendingoutlet.org\/?s={search_term_string}"},"query-input":{"@type":"PropertyValueSpecification","valueRequired":true,"valueName":"search_term_string"}}],"inLanguage":"en-US"},{"@type":"Organization","@id":"https:\/\/vendingoutlet.org\/#organization","name":"Vendingoutlet","url":"https:\/\/vendingoutlet.org\/","logo":{"@type":"ImageObject","inLanguage":"en-US","@id":"https:\/\/vendingoutlet.org\/#\/schema\/logo\/image\/","url":"https:\/\/vendingoutlet.org\/wp-content\/uploads\/2023\/04\/loho-blue.svg","contentUrl":"https:\/\/vendingoutlet.org\/wp-content\/uploads\/2023\/04\/loho-blue.svg","width":349,"height":77,"caption":"Vendingoutlet"},"image":{"@id":"https:\/\/vendingoutlet.org\/#\/schema\/logo\/image\/"}}]}},"locations":[],"_links":{"self":[{"href":"https:\/\/vendingoutlet.org\/en\/wp-json\/wp\/v2\/product\/23278","targetHints":{"allow":["GET"]}}],"collection":[{"href":"https:\/\/vendingoutlet.org\/en\/wp-json\/wp\/v2\/product"}],"about":[{"href":"https:\/\/vendingoutlet.org\/en\/wp-json\/wp\/v2\/types\/product"}],"wp:featuredmedia":[{"embeddable":true,"href":"https:\/\/vendingoutlet.org\/en\/wp-json\/wp\/v2\/media\/24924"}],"wp:attachment":[{"href":"https:\/\/vendingoutlet.org\/en\/wp-json\/wp\/v2\/media?parent=23278"}],"wp:term":[{"taxonomy":"location","embeddable":true,"href":"https:\/\/vendingoutlet.org\/en\/wp-json\/wp\/v2\/location?post=23278"},{"taxonomy":"product_brand","embeddable":true,"href":"https:\/\/vendingoutlet.org\/en\/wp-json\/wp\/v2\/product_brand?post=23278"},{"taxonomy":"product_cat","embeddable":true,"href":"https:\/\/vendingoutlet.org\/en\/wp-json\/wp\/v2\/product_cat?post=23278"},{"taxonomy":"product_tag","embeddable":true,"href":"https:\/\/vendingoutlet.org\/en\/wp-json\/wp\/v2\/product_tag?post=23278"}],"curies":[{"name":"wp","href":"https:\/\/api.w.org\/{rel}","templated":true}]}}