{"id":23260,"date":"2023-09-27T14:58:27","date_gmt":"2023-09-27T12:58:27","guid":{"rendered":"https:\/\/vendingoutlet.org\/?post_type=product&#038;p=23260"},"modified":"2024-11-20T14:27:16","modified_gmt":"2024-11-20T13:27:16","slug":"necta-canto-plus-instant-szamkodos","status":"publish","type":"product","link":"https:\/\/vendingoutlet.org\/en\/termek\/necta-canto-plus-instant-szamkodos\/","title":{"rendered":"Necta Canto Plus Instant \u2013 Numeric"},"content":{"rendered":"<table class=\"cs2D2816FE\" border=\"0\" cellspacing=\"0\" cellpadding=\"0\" style=\"border-collapse:collapse\">\n<tr>\n<td class=\"cs8E6E8B30\" valign=\"top\">\n<p class=\"cs95E872D0\"><span class=\"cs1B16EEB5\">Width<\/span><\/p>\n<\/td>\n<td class=\"cs8E6E8B30\" valign=\"top\">\n<p class=\"cs95E872D0\"><span class=\"csBB6B59F5\">65cm<\/span><\/p>\n<\/td>\n<\/tr>\n<tr>\n<td class=\"cs8E6E8B30\" valign=\"top\">\n<p class=\"cs95E872D0\"><span class=\"csBB6B59F5\">Depth<\/span><\/p>\n<\/td>\n<td class=\"cs8E6E8B30\" valign=\"top\">\n<p class=\"cs95E872D0\"><span class=\"csBB6B59F5\">76cm<\/span><\/p>\n<\/td>\n<\/tr>\n<tr>\n<td class=\"cs8E6E8B30\" valign=\"top\">\n<p class=\"cs95E872D0\"><span class=\"csBB6B59F5\">Height<\/span><\/p>\n<\/td>\n<td class=\"cs8E6E8B30\" valign=\"top\">\n<p class=\"cs95E872D0\"><span class=\"csBB6B59F5\">183cm<\/span><\/p>\n<\/td>\n<\/tr>\n<tr>\n<td class=\"cs8E6E8B30\" valign=\"top\">\n<p class=\"cs95E872D0\"><span class=\"csBB6B59F5\">Weight<\/span><\/p>\n<\/td>\n<td class=\"cs8E6E8B30\" valign=\"top\">\n<p class=\"cs95E872D0\"><span class=\"csBB6B59F5\">170kg<\/span><\/p>\n<\/td>\n<\/tr>\n<tr>\n<td class=\"cs8E6E8B30\" valign=\"top\">\n<p class=\"cs95E872D0\"><span class=\"csBB6B59F5\">Voltage<\/span><\/p>\n<\/td>\n<td class=\"cs8E6E8B30\" valign=\"top\">\n<p class=\"cs95E872D0\"><span class=\"csBB6B59F5\">230V<\/span><\/p>\n<\/td>\n<\/tr>\n<tr>\n<td class=\"cs8E6E8B30\" valign=\"top\">\n<p class=\"cs95E872D0\"><span class=\"csBB6B59F5\">Max power consumption<\/span><\/p>\n<\/td>\n<td class=\"cs8E6E8B30\" valign=\"top\">\n<p class=\"cs95E872D0\"><span class=\"csBB6B59F5\">2250W<\/span><\/p>\n<\/td>\n<\/tr>\n<tr>\n<td class=\"cs8E6E8B30\" valign=\"top\">\n<p class=\"cs95E872D0\"><span class=\"csBB6B59F5\">Water connection<\/span><\/p>\n<\/td>\n<td class=\"cs8E6E8B30\" valign=\"top\">\n<p class=\"cs95E872D0\"><span class=\"csBB6B59F5\">K\u00fcls\u0151<\/span><\/p>\n<\/td>\n<\/tr>\n<tr>\n<td class=\"cs8E6E8B30\" valign=\"top\">\n<p class=\"cs95E872D0\"><span class=\"csBB6B59F5\">Number canisters<\/span><\/p>\n<\/td>\n<td class=\"cs8E6E8B30\" valign=\"top\">\n<p class=\"cs95E872D0\"><span class=\"csBB6B59F5\">6<\/span><\/p>\n<\/td>\n<\/tr>\n<\/table>\n<p class=\"cs2478469\"><span class=\"csBB6B59F5\">\u00a0<\/span><\/p>","protected":false},"excerpt":{"rendered":"<p>Sz\u00e9less\u00e9g 65cm M\u00e9lys\u00e9g 76cm Magass\u00e1g 183cm S\u00faly 170kg Fesz\u00fclts\u00e9g 230V Maxim\u00e1lis energiafogyaszt\u00e1s 2250W V\u00edzcsatlakoz\u00e1s K\u00fcls\u0151 Tart\u00e1lyok sz\u00e1ma 6 \u00a0<\/p>","protected":false},"featured_media":0,"template":"","meta":{"_acf_changed":false,"content-type":""},"location":[],"product_brand":[],"product_cat":[39],"product_tag":[],"class_list":{"0":"post-23260","1":"product","2":"type-product","3":"status-publish","5":"product_cat-kave-automatak","7":"first","8":"outofstock","9":"shipping-taxable","10":"product-type-simple"},"acf":[],"yoast_head":"<!-- This site is optimized with the Yoast SEO plugin v27.3 - https:\/\/yoast.com\/product\/yoast-seo-wordpress\/ -->\n<title>Necta Canto Plus Instant - sz\u00e1mk\u00f3dos - Vendingoutlet<\/title>\n<meta name=\"robots\" content=\"index, follow, max-snippet:-1, max-image-preview:large, max-video-preview:-1\" \/>\n<link rel=\"canonical\" href=\"https:\/\/vendingoutlet.org\/en\/product-2\/necta-canto-plus-instant-szamkodos\/\" \/>\n<meta property=\"og:locale\" content=\"en_US\" \/>\n<meta property=\"og:type\" content=\"article\" \/>\n<meta property=\"og:title\" content=\"Necta Canto Plus Instant - sz\u00e1mk\u00f3dos - Vendingoutlet\" \/>\n<meta property=\"og:description\" content=\"Sz\u00e9less\u00e9g 65cm M\u00e9lys\u00e9g 76cm Magass\u00e1g 183cm S\u00faly 170kg Fesz\u00fclts\u00e9g 230V Maxim\u00e1lis energiafogyaszt\u00e1s 2250W V\u00edzcsatlakoz\u00e1s K\u00fcls\u0151 Tart\u00e1lyok sz\u00e1ma 6 \u00a0\" \/>\n<meta property=\"og:url\" content=\"https:\/\/vendingoutlet.org\/en\/product-2\/necta-canto-plus-instant-szamkodos\/\" \/>\n<meta property=\"og:site_name\" content=\"Vendingoutlet\" \/>\n<meta property=\"article:modified_time\" content=\"2024-11-20T13:27:16+00:00\" \/>\n<meta name=\"twitter:card\" content=\"summary_large_image\" \/>\n<script type=\"application\/ld+json\" class=\"yoast-schema-graph\">{\"@context\":\"https:\\\/\\\/schema.org\",\"@graph\":[{\"@type\":\"WebPage\",\"@id\":\"https:\\\/\\\/vendingoutlet.org\\\/termek\\\/necta-canto-plus-instant-szamkodos\\\/\",\"url\":\"https:\\\/\\\/vendingoutlet.org\\\/termek\\\/necta-canto-plus-instant-szamkodos\\\/\",\"name\":\"Necta Canto Plus Instant - sz\u00e1mk\u00f3dos - Vendingoutlet\",\"isPartOf\":{\"@id\":\"https:\\\/\\\/vendingoutlet.org\\\/#website\"},\"datePublished\":\"2023-09-27T12:58:27+00:00\",\"dateModified\":\"2024-11-20T13:27:16+00:00\",\"breadcrumb\":{\"@id\":\"https:\\\/\\\/vendingoutlet.org\\\/termek\\\/necta-canto-plus-instant-szamkodos\\\/#breadcrumb\"},\"inLanguage\":\"en-US\",\"potentialAction\":[{\"@type\":\"ReadAction\",\"target\":[\"https:\\\/\\\/vendingoutlet.org\\\/termek\\\/necta-canto-plus-instant-szamkodos\\\/\"]}]},{\"@type\":\"BreadcrumbList\",\"@id\":\"https:\\\/\\\/vendingoutlet.org\\\/termek\\\/necta-canto-plus-instant-szamkodos\\\/#breadcrumb\",\"itemListElement\":[{\"@type\":\"ListItem\",\"position\":1,\"name\":\"Kezd\u0151lap\",\"item\":\"https:\\\/\\\/vendingoutlet.org\\\/\"},{\"@type\":\"ListItem\",\"position\":2,\"name\":\"Term\u00e9kek\",\"item\":\"https:\\\/\\\/vendingoutlet.org\\\/shop\\\/\"},{\"@type\":\"ListItem\",\"position\":3,\"name\":\"Necta Canto Plus Instant &#8211; sz\u00e1mk\u00f3dos\"}]},{\"@type\":\"WebSite\",\"@id\":\"https:\\\/\\\/vendingoutlet.org\\\/#website\",\"url\":\"https:\\\/\\\/vendingoutlet.org\\\/\",\"name\":\"Vendingoutlet\",\"description\":\"Haszn\u00e1lt \u00e1rus\u00edt\u00f3 automat\u00e1k \u00e9rt\u00e9kes\u00edt\u00e9se\",\"publisher\":{\"@id\":\"https:\\\/\\\/vendingoutlet.org\\\/#organization\"},\"potentialAction\":[{\"@type\":\"SearchAction\",\"target\":{\"@type\":\"EntryPoint\",\"urlTemplate\":\"https:\\\/\\\/vendingoutlet.org\\\/?s={search_term_string}\"},\"query-input\":{\"@type\":\"PropertyValueSpecification\",\"valueRequired\":true,\"valueName\":\"search_term_string\"}}],\"inLanguage\":\"en-US\"},{\"@type\":\"Organization\",\"@id\":\"https:\\\/\\\/vendingoutlet.org\\\/#organization\",\"name\":\"Vendingoutlet\",\"url\":\"https:\\\/\\\/vendingoutlet.org\\\/\",\"logo\":{\"@type\":\"ImageObject\",\"inLanguage\":\"en-US\",\"@id\":\"https:\\\/\\\/vendingoutlet.org\\\/#\\\/schema\\\/logo\\\/image\\\/\",\"url\":\"https:\\\/\\\/vendingoutlet.org\\\/wp-content\\\/uploads\\\/2023\\\/04\\\/loho-blue.svg\",\"contentUrl\":\"https:\\\/\\\/vendingoutlet.org\\\/wp-content\\\/uploads\\\/2023\\\/04\\\/loho-blue.svg\",\"width\":349,\"height\":77,\"caption\":\"Vendingoutlet\"},\"image\":{\"@id\":\"https:\\\/\\\/vendingoutlet.org\\\/#\\\/schema\\\/logo\\\/image\\\/\"}}]}<\/script>\n<!-- \/ Yoast SEO plugin. -->","yoast_head_json":{"title":"Necta Canto Plus Instant - sz\u00e1mk\u00f3dos - Vendingoutlet","robots":{"index":"index","follow":"follow","max-snippet":"max-snippet:-1","max-image-preview":"max-image-preview:large","max-video-preview":"max-video-preview:-1"},"canonical":"https:\/\/vendingoutlet.org\/en\/product-2\/necta-canto-plus-instant-szamkodos\/","og_locale":"en_US","og_type":"article","og_title":"Necta Canto Plus Instant - sz\u00e1mk\u00f3dos - Vendingoutlet","og_description":"Sz\u00e9less\u00e9g 65cm M\u00e9lys\u00e9g 76cm Magass\u00e1g 183cm S\u00faly 170kg Fesz\u00fclts\u00e9g 230V Maxim\u00e1lis energiafogyaszt\u00e1s 2250W V\u00edzcsatlakoz\u00e1s K\u00fcls\u0151 Tart\u00e1lyok sz\u00e1ma 6 \u00a0","og_url":"https:\/\/vendingoutlet.org\/en\/product-2\/necta-canto-plus-instant-szamkodos\/","og_site_name":"Vendingoutlet","article_modified_time":"2024-11-20T13:27:16+00:00","twitter_card":"summary_large_image","schema":{"@context":"https:\/\/schema.org","@graph":[{"@type":"WebPage","@id":"https:\/\/vendingoutlet.org\/termek\/necta-canto-plus-instant-szamkodos\/","url":"https:\/\/vendingoutlet.org\/termek\/necta-canto-plus-instant-szamkodos\/","name":"Necta Canto Plus Instant - sz\u00e1mk\u00f3dos - Vendingoutlet","isPartOf":{"@id":"https:\/\/vendingoutlet.org\/#website"},"datePublished":"2023-09-27T12:58:27+00:00","dateModified":"2024-11-20T13:27:16+00:00","breadcrumb":{"@id":"https:\/\/vendingoutlet.org\/termek\/necta-canto-plus-instant-szamkodos\/#breadcrumb"},"inLanguage":"en-US","potentialAction":[{"@type":"ReadAction","target":["https:\/\/vendingoutlet.org\/termek\/necta-canto-plus-instant-szamkodos\/"]}]},{"@type":"BreadcrumbList","@id":"https:\/\/vendingoutlet.org\/termek\/necta-canto-plus-instant-szamkodos\/#breadcrumb","itemListElement":[{"@type":"ListItem","position":1,"name":"Kezd\u0151lap","item":"https:\/\/vendingoutlet.org\/"},{"@type":"ListItem","position":2,"name":"Term\u00e9kek","item":"https:\/\/vendingoutlet.org\/shop\/"},{"@type":"ListItem","position":3,"name":"Necta Canto Plus Instant &#8211; sz\u00e1mk\u00f3dos"}]},{"@type":"WebSite","@id":"https:\/\/vendingoutlet.org\/#website","url":"https:\/\/vendingoutlet.org\/","name":"Vendingoutlet","description":"Haszn\u00e1lt \u00e1rus\u00edt\u00f3 automat\u00e1k \u00e9rt\u00e9kes\u00edt\u00e9se","publisher":{"@id":"https:\/\/vendingoutlet.org\/#organization"},"potentialAction":[{"@type":"SearchAction","target":{"@type":"EntryPoint","urlTemplate":"https:\/\/vendingoutlet.org\/?s={search_term_string}"},"query-input":{"@type":"PropertyValueSpecification","valueRequired":true,"valueName":"search_term_string"}}],"inLanguage":"en-US"},{"@type":"Organization","@id":"https:\/\/vendingoutlet.org\/#organization","name":"Vendingoutlet","url":"https:\/\/vendingoutlet.org\/","logo":{"@type":"ImageObject","inLanguage":"en-US","@id":"https:\/\/vendingoutlet.org\/#\/schema\/logo\/image\/","url":"https:\/\/vendingoutlet.org\/wp-content\/uploads\/2023\/04\/loho-blue.svg","contentUrl":"https:\/\/vendingoutlet.org\/wp-content\/uploads\/2023\/04\/loho-blue.svg","width":349,"height":77,"caption":"Vendingoutlet"},"image":{"@id":"https:\/\/vendingoutlet.org\/#\/schema\/logo\/image\/"}}]}},"locations":[],"_links":{"self":[{"href":"https:\/\/vendingoutlet.org\/en\/wp-json\/wp\/v2\/product\/23260","targetHints":{"allow":["GET"]}}],"collection":[{"href":"https:\/\/vendingoutlet.org\/en\/wp-json\/wp\/v2\/product"}],"about":[{"href":"https:\/\/vendingoutlet.org\/en\/wp-json\/wp\/v2\/types\/product"}],"wp:attachment":[{"href":"https:\/\/vendingoutlet.org\/en\/wp-json\/wp\/v2\/media?parent=23260"}],"wp:term":[{"taxonomy":"location","embeddable":true,"href":"https:\/\/vendingoutlet.org\/en\/wp-json\/wp\/v2\/location?post=23260"},{"taxonomy":"product_brand","embeddable":true,"href":"https:\/\/vendingoutlet.org\/en\/wp-json\/wp\/v2\/product_brand?post=23260"},{"taxonomy":"product_cat","embeddable":true,"href":"https:\/\/vendingoutlet.org\/en\/wp-json\/wp\/v2\/product_cat?post=23260"},{"taxonomy":"product_tag","embeddable":true,"href":"https:\/\/vendingoutlet.org\/en\/wp-json\/wp\/v2\/product_tag?post=23260"}],"curies":[{"name":"wp","href":"https:\/\/api.w.org\/{rel}","templated":true}]}}