{"id":25052,"date":"2023-09-18T08:19:12","date_gmt":"2023-09-18T06:19:12","guid":{"rendered":"https:\/\/vendingoutlet.org\/?page_id=25052"},"modified":"2023-09-18T08:19:13","modified_gmt":"2023-09-18T06:19:13","slug":"automata-felujitas","status":"publish","type":"page","link":"https:\/\/vendingoutlet.org\/en\/automata-felujitas\/","title":{"rendered":"Vending machine refurbishing"},"content":{"rendered":"<p><strong>Vending machine refurbishing<\/strong><\/p>\n\n\n\n<p><strong>Dear Prospective Clients!<\/strong><br><br>Due to the wide variety of our machines, it is difficult for us to work with and have a single renovation system, so we make individual quotes for the satisfaction of our prospective customers, depending on:<br><br>- the type of machine to be renewed&nbsp;<br>- quantity&nbsp;<br>- or the type of renovation!<br><br><strong>Contact us with confidence!<\/strong><\/p>","protected":false},"excerpt":{"rendered":"<p>Automata Fel\u00faj\u00edt\u00e1s Kedves Leend\u0151 \u00fcgyfeleink! Automat\u00e1ink sz\u00e9les v\u00e1laszt\u00e9ka miatt nehezen tudunk egys\u00e9ges fel\u00faj\u00edt\u00e1si rendszerrel dolgozni \u00e9s rendelkez\u00e9s\u00fckre \u00e1llni, ez\u00e9rt a leend\u0151 \u00fcgyfeleink megel\u00e9ged\u00e9se \u00e9rdek\u00e9ben egyedi \u00e1raj\u00e1nlatokat k\u00e9sz\u00edt\u00fcnk mely f\u00fcgg: &#8211; a fel\u00faj\u00edtand\u00f3 automata t\u00edpus\u00e1t\u00f3l&nbsp;&#8211; mennyis\u00e9g\u00e9t\u0151l&nbsp;&#8211; illetve a fel\u00faj\u00edt\u00e1s t\u00edpus\u00e1t\u00f3l is! Forduljanak hozz\u00e1nk bizalommal!<\/p>","protected":false},"author":2,"featured_media":0,"parent":0,"menu_order":0,"comment_status":"closed","ping_status":"closed","template":"","meta":{"_acf_changed":false,"content-type":"","footnotes":""},"class_list":["post-25052","page","type-page","status-publish"],"acf":[],"yoast_head":"<!-- This site is optimized with the Yoast SEO plugin v27.4 - https:\/\/yoast.com\/product\/yoast-seo-wordpress\/ -->\n<title>Automata fel\u00faj\u00edt\u00e1s - Vendingoutlet<\/title>\n<meta name=\"robots\" content=\"index, follow, max-snippet:-1, max-image-preview:large, max-video-preview:-1\" \/>\n<link rel=\"canonical\" href=\"https:\/\/vendingoutlet.org\/en\/automata-felujitas\/\" \/>\n<meta property=\"og:locale\" content=\"en_US\" \/>\n<meta property=\"og:type\" content=\"article\" \/>\n<meta property=\"og:title\" content=\"Automata fel\u00faj\u00edt\u00e1s - Vendingoutlet\" \/>\n<meta property=\"og:description\" content=\"Automata Fel\u00faj\u00edt\u00e1s Kedves Leend\u0151 \u00fcgyfeleink! Automat\u00e1ink sz\u00e9les v\u00e1laszt\u00e9ka miatt nehezen tudunk egys\u00e9ges fel\u00faj\u00edt\u00e1si rendszerrel dolgozni \u00e9s rendelkez\u00e9s\u00fckre \u00e1llni, ez\u00e9rt a leend\u0151 \u00fcgyfeleink megel\u00e9ged\u00e9se \u00e9rdek\u00e9ben egyedi \u00e1raj\u00e1nlatokat k\u00e9sz\u00edt\u00fcnk mely f\u00fcgg: &#8211; a fel\u00faj\u00edtand\u00f3 automata t\u00edpus\u00e1t\u00f3l&nbsp;&#8211; mennyis\u00e9g\u00e9t\u0151l&nbsp;&#8211; illetve a fel\u00faj\u00edt\u00e1s t\u00edpus\u00e1t\u00f3l is! Forduljanak hozz\u00e1nk bizalommal!\" \/>\n<meta property=\"og:url\" content=\"https:\/\/vendingoutlet.org\/en\/automata-felujitas\/\" \/>\n<meta property=\"og:site_name\" content=\"Vendingoutlet\" \/>\n<meta property=\"article:modified_time\" content=\"2023-09-18T06:19:13+00:00\" \/>\n<meta name=\"twitter:card\" content=\"summary_large_image\" \/>\n<script type=\"application\/ld+json\" class=\"yoast-schema-graph\">{\"@context\":\"https:\\\/\\\/schema.org\",\"@graph\":[{\"@type\":\"WebPage\",\"@id\":\"https:\\\/\\\/vendingoutlet.org\\\/automata-felujitas\\\/\",\"url\":\"https:\\\/\\\/vendingoutlet.org\\\/automata-felujitas\\\/\",\"name\":\"Automata fel\u00faj\u00edt\u00e1s - Vendingoutlet\",\"isPartOf\":{\"@id\":\"https:\\\/\\\/vendingoutlet.org\\\/#website\"},\"datePublished\":\"2023-09-18T06:19:12+00:00\",\"dateModified\":\"2023-09-18T06:19:13+00:00\",\"breadcrumb\":{\"@id\":\"https:\\\/\\\/vendingoutlet.org\\\/automata-felujitas\\\/#breadcrumb\"},\"inLanguage\":\"en-US\",\"potentialAction\":[{\"@type\":\"ReadAction\",\"target\":[\"https:\\\/\\\/vendingoutlet.org\\\/automata-felujitas\\\/\"]}]},{\"@type\":\"BreadcrumbList\",\"@id\":\"https:\\\/\\\/vendingoutlet.org\\\/automata-felujitas\\\/#breadcrumb\",\"itemListElement\":[{\"@type\":\"ListItem\",\"position\":1,\"name\":\"Kezd\u0151lap\",\"item\":\"https:\\\/\\\/vendingoutlet.org\\\/\"},{\"@type\":\"ListItem\",\"position\":2,\"name\":\"Automata fel\u00faj\u00edt\u00e1s\"}]},{\"@type\":\"WebSite\",\"@id\":\"https:\\\/\\\/vendingoutlet.org\\\/#website\",\"url\":\"https:\\\/\\\/vendingoutlet.org\\\/\",\"name\":\"Vendingoutlet\",\"description\":\"Haszn\u00e1lt \u00e1rus\u00edt\u00f3 automat\u00e1k \u00e9rt\u00e9kes\u00edt\u00e9se\",\"publisher\":{\"@id\":\"https:\\\/\\\/vendingoutlet.org\\\/#organization\"},\"potentialAction\":[{\"@type\":\"SearchAction\",\"target\":{\"@type\":\"EntryPoint\",\"urlTemplate\":\"https:\\\/\\\/vendingoutlet.org\\\/?s={search_term_string}\"},\"query-input\":{\"@type\":\"PropertyValueSpecification\",\"valueRequired\":true,\"valueName\":\"search_term_string\"}}],\"inLanguage\":\"en-US\"},{\"@type\":\"Organization\",\"@id\":\"https:\\\/\\\/vendingoutlet.org\\\/#organization\",\"name\":\"Vendingoutlet\",\"url\":\"https:\\\/\\\/vendingoutlet.org\\\/\",\"logo\":{\"@type\":\"ImageObject\",\"inLanguage\":\"en-US\",\"@id\":\"https:\\\/\\\/vendingoutlet.org\\\/#\\\/schema\\\/logo\\\/image\\\/\",\"url\":\"https:\\\/\\\/vendingoutlet.org\\\/wp-content\\\/uploads\\\/2023\\\/04\\\/loho-blue.svg\",\"contentUrl\":\"https:\\\/\\\/vendingoutlet.org\\\/wp-content\\\/uploads\\\/2023\\\/04\\\/loho-blue.svg\",\"width\":349,\"height\":77,\"caption\":\"Vendingoutlet\"},\"image\":{\"@id\":\"https:\\\/\\\/vendingoutlet.org\\\/#\\\/schema\\\/logo\\\/image\\\/\"}}]}<\/script>\n<!-- \/ Yoast SEO plugin. -->","yoast_head_json":{"title":"Automata fel\u00faj\u00edt\u00e1s - Vendingoutlet","robots":{"index":"index","follow":"follow","max-snippet":"max-snippet:-1","max-image-preview":"max-image-preview:large","max-video-preview":"max-video-preview:-1"},"canonical":"https:\/\/vendingoutlet.org\/en\/automata-felujitas\/","og_locale":"en_US","og_type":"article","og_title":"Automata fel\u00faj\u00edt\u00e1s - Vendingoutlet","og_description":"Automata Fel\u00faj\u00edt\u00e1s Kedves Leend\u0151 \u00fcgyfeleink! Automat\u00e1ink sz\u00e9les v\u00e1laszt\u00e9ka miatt nehezen tudunk egys\u00e9ges fel\u00faj\u00edt\u00e1si rendszerrel dolgozni \u00e9s rendelkez\u00e9s\u00fckre \u00e1llni, ez\u00e9rt a leend\u0151 \u00fcgyfeleink megel\u00e9ged\u00e9se \u00e9rdek\u00e9ben egyedi \u00e1raj\u00e1nlatokat k\u00e9sz\u00edt\u00fcnk mely f\u00fcgg: &#8211; a fel\u00faj\u00edtand\u00f3 automata t\u00edpus\u00e1t\u00f3l&nbsp;&#8211; mennyis\u00e9g\u00e9t\u0151l&nbsp;&#8211; illetve a fel\u00faj\u00edt\u00e1s t\u00edpus\u00e1t\u00f3l is! Forduljanak hozz\u00e1nk bizalommal!","og_url":"https:\/\/vendingoutlet.org\/en\/automata-felujitas\/","og_site_name":"Vendingoutlet","article_modified_time":"2023-09-18T06:19:13+00:00","twitter_card":"summary_large_image","schema":{"@context":"https:\/\/schema.org","@graph":[{"@type":"WebPage","@id":"https:\/\/vendingoutlet.org\/automata-felujitas\/","url":"https:\/\/vendingoutlet.org\/automata-felujitas\/","name":"Automata fel\u00faj\u00edt\u00e1s - Vendingoutlet","isPartOf":{"@id":"https:\/\/vendingoutlet.org\/#website"},"datePublished":"2023-09-18T06:19:12+00:00","dateModified":"2023-09-18T06:19:13+00:00","breadcrumb":{"@id":"https:\/\/vendingoutlet.org\/automata-felujitas\/#breadcrumb"},"inLanguage":"en-US","potentialAction":[{"@type":"ReadAction","target":["https:\/\/vendingoutlet.org\/automata-felujitas\/"]}]},{"@type":"BreadcrumbList","@id":"https:\/\/vendingoutlet.org\/automata-felujitas\/#breadcrumb","itemListElement":[{"@type":"ListItem","position":1,"name":"Kezd\u0151lap","item":"https:\/\/vendingoutlet.org\/"},{"@type":"ListItem","position":2,"name":"Automata fel\u00faj\u00edt\u00e1s"}]},{"@type":"WebSite","@id":"https:\/\/vendingoutlet.org\/#website","url":"https:\/\/vendingoutlet.org\/","name":"Vendingoutlet","description":"Haszn\u00e1lt \u00e1rus\u00edt\u00f3 automat\u00e1k \u00e9rt\u00e9kes\u00edt\u00e9se","publisher":{"@id":"https:\/\/vendingoutlet.org\/#organization"},"potentialAction":[{"@type":"SearchAction","target":{"@type":"EntryPoint","urlTemplate":"https:\/\/vendingoutlet.org\/?s={search_term_string}"},"query-input":{"@type":"PropertyValueSpecification","valueRequired":true,"valueName":"search_term_string"}}],"inLanguage":"en-US"},{"@type":"Organization","@id":"https:\/\/vendingoutlet.org\/#organization","name":"Vendingoutlet","url":"https:\/\/vendingoutlet.org\/","logo":{"@type":"ImageObject","inLanguage":"en-US","@id":"https:\/\/vendingoutlet.org\/#\/schema\/logo\/image\/","url":"https:\/\/vendingoutlet.org\/wp-content\/uploads\/2023\/04\/loho-blue.svg","contentUrl":"https:\/\/vendingoutlet.org\/wp-content\/uploads\/2023\/04\/loho-blue.svg","width":349,"height":77,"caption":"Vendingoutlet"},"image":{"@id":"https:\/\/vendingoutlet.org\/#\/schema\/logo\/image\/"}}]}},"_links":{"self":[{"href":"https:\/\/vendingoutlet.org\/en\/wp-json\/wp\/v2\/pages\/25052","targetHints":{"allow":["GET"]}}],"collection":[{"href":"https:\/\/vendingoutlet.org\/en\/wp-json\/wp\/v2\/pages"}],"about":[{"href":"https:\/\/vendingoutlet.org\/en\/wp-json\/wp\/v2\/types\/page"}],"author":[{"embeddable":true,"href":"https:\/\/vendingoutlet.org\/en\/wp-json\/wp\/v2\/users\/2"}],"replies":[{"embeddable":true,"href":"https:\/\/vendingoutlet.org\/en\/wp-json\/wp\/v2\/comments?post=25052"}],"version-history":[{"count":0,"href":"https:\/\/vendingoutlet.org\/en\/wp-json\/wp\/v2\/pages\/25052\/revisions"}],"wp:attachment":[{"href":"https:\/\/vendingoutlet.org\/en\/wp-json\/wp\/v2\/media?parent=25052"}],"curies":[{"name":"wp","href":"https:\/\/api.w.org\/{rel}","templated":true}]}}