{"id":26321,"date":"2024-06-13T15:35:47","date_gmt":"2024-06-13T13:35:47","guid":{"rendered":"https:\/\/vendingoutlet.org\/?post_type=product&#038;p=26321"},"modified":"2025-01-30T14:24:29","modified_gmt":"2025-01-30T13:24:29","slug":"necta-zenith-espressofb","status":"publish","type":"product","link":"https:\/\/vendingoutlet.org\/de\/termek\/necta-zenith-espressofb\/","title":{"rendered":"Necta Zenith Espresso+FB"},"content":{"rendered":"<p>&nbsp;<\/p>\n<table class=\"cs9CFAC74A\" style=\"border-collapse: collapse;\" border=\"0\" width=\"394\" cellspacing=\"0\" cellpadding=\"0\">\n<tbody>\n<tr style=\"height: 12pt;\">\n<td class=\"csC208963A\" valign=\"bottom\" nowrap=\"nowrap\">\n<p class=\"cs95E872D0\"><span class=\"cs97EF4E27\">\u00a0<\/span><\/p>\n<\/td>\n<td class=\"cs5397F900\" valign=\"bottom\" nowrap=\"nowrap\">\n<p class=\"cs2E86D3A6\"><span class=\"cs97EF4E27\">\u00a0<\/span><\/p>\n<\/td>\n<\/tr>\n<tr style=\"height: 12pt;\">\n<td class=\"cs567C5E2F\" colspan=\"2\" nowrap=\"nowrap\">\n<p class=\"cs2E86D3A6\"><span class=\"cs9E3C48E3\">\u00a0Necta Zenith Espresso + FB nedves cukros &#8211; MAGYAR<\/span><\/p>\n<\/td>\n<\/tr>\n<tr style=\"height: 12pt;\">\n<td class=\"cs439BC674\" nowrap=\"nowrap\">\n<p class=\"cs95E872D0\"><span class=\"cs97EF4E27\">\u00a0<\/span><\/p>\n<\/td>\n<td class=\"csCFAC7D\" valign=\"bottom\" nowrap=\"nowrap\">\n<p class=\"cs2E86D3A6\"><span class=\"cs97EF4E27\">\u00a0<\/span><\/p>\n<\/td>\n<\/tr>\n<tr style=\"height: 12pt;\">\n<td class=\"csAE355C0E\" valign=\"bottom\" nowrap=\"nowrap\">\n<p class=\"cs95E872D0\"><span class=\"cs97EF4E27\">Bauliche Merkmale<\/span><\/p>\n<\/td>\n<td class=\"cs62FA654C\" valign=\"bottom\" nowrap=\"nowrap\">\n<p class=\"cs2E86D3A6\"><span class=\"cs97EF4E27\">\u00a0<\/span><\/p>\n<\/td>\n<\/tr>\n<tr style=\"height: 12pt;\">\n<td class=\"cs298864A3\" nowrap=\"nowrap\">\n<p class=\"cs95E872D0\"><span class=\"cs97EF4E27\">Abmessungen (B x H x T)<\/span><\/p>\n<\/td>\n<td class=\"csA1B2EDDD\" valign=\"bottom\" nowrap=\"nowrap\">\n<p class=\"cs2E86D3A6\"><span class=\"cs97EF4E27\">85 x 183 x 78 cm<\/span><\/p>\n<\/td>\n<\/tr>\n<tr style=\"height: 12pt;\">\n<td class=\"cs298864A3\" valign=\"bottom\" nowrap=\"nowrap\">\n<p class=\"cs95E872D0\"><span class=\"cs97EF4E27\">Gewicht<\/span><\/p>\n<\/td>\n<td class=\"csA1B2EDDD\" valign=\"bottom\" nowrap=\"nowrap\">\n<p class=\"cs2E86D3A6\"><span class=\"cs97EF4E27\">225 kg<\/span><\/p>\n<\/td>\n<\/tr>\n<tr style=\"height: 12pt;\">\n<td class=\"cs439BC674\" valign=\"bottom\" nowrap=\"nowrap\">\n<p class=\"cs95E872D0\"><span class=\"cs97EF4E27\">\u00a0<\/span><\/p>\n<\/td>\n<td class=\"csCFAC7D\" valign=\"bottom\" nowrap=\"nowrap\">\n<p class=\"cs2E86D3A6\"><span class=\"cs97EF4E27\">\u00a0<\/span><\/p>\n<\/td>\n<\/tr>\n<tr style=\"height: 12pt;\">\n<td class=\"csAE355C0E\" valign=\"bottom\" nowrap=\"nowrap\">\n<p class=\"cs95E872D0\"><span class=\"cs97EF4E27\">Elektronische Merkmale<\/span><\/p>\n<\/td>\n<td class=\"cs62FA654C\" valign=\"bottom\" nowrap=\"nowrap\">\n<p class=\"cs2E86D3A6\"><span class=\"cs97EF4E27\">\u00a0<\/span><\/p>\n<\/td>\n<\/tr>\n<tr style=\"height: 12pt;\">\n<td class=\"cs298864A3\" valign=\"bottom\" nowrap=\"nowrap\">\n<p class=\"cs95E872D0\"><span class=\"cs97EF4E27\">Stromversorgung<\/span><\/p>\n<\/td>\n<td class=\"csA1B2EDDD\" valign=\"bottom\" nowrap=\"nowrap\">\n<p class=\"cs2E86D3A6\"><span class=\"cs97EF4E27\">230 V \/ 50 Hz<\/span><\/p>\n<\/td>\n<\/tr>\n<tr style=\"height: 12pt;\">\n<td class=\"cs298864A3\" valign=\"bottom\" nowrap=\"nowrap\">\n<p class=\"cs95E872D0\"><span class=\"cs97EF4E27\">Energieverbrauch<\/span><\/p>\n<\/td>\n<td class=\"csA1B2EDDD\" valign=\"bottom\" nowrap=\"nowrap\">\n<p class=\"cs2E86D3A6\"><span class=\"cs97EF4E27\">350 W<\/span><\/p>\n<\/td>\n<\/tr>\n<tr style=\"height: 12pt;\">\n<td class=\"cs439BC674\" valign=\"bottom\" nowrap=\"nowrap\">\n<p class=\"cs95E872D0\"><span class=\"cs97EF4E27\">\u00a0<\/span><\/p>\n<\/td>\n<td class=\"csCFAC7D\" valign=\"bottom\" nowrap=\"nowrap\">\n<p class=\"cs2E86D3A6\"><span class=\"cs97EF4E27\">\u00a0<\/span><\/p>\n<\/td>\n<\/tr>\n<tr style=\"height: 12pt;\">\n<td class=\"csAE355C0E\" valign=\"bottom\" nowrap=\"nowrap\">\n<p class=\"cs95E872D0\"><span class=\"cs97EF4E27\">Wasseranschluss<\/span><\/p>\n<\/td>\n<td class=\"cs62FA654C\" valign=\"bottom\" nowrap=\"nowrap\">\n<p class=\"cs2E86D3A6\"><span class=\"cs97EF4E27\">\u00a0<\/span><\/p>\n<\/td>\n<\/tr>\n<tr style=\"height: 12pt;\">\n<td class=\"cs298864A3\" valign=\"bottom\" nowrap=\"nowrap\">\n<p class=\"cs95E872D0\"><span class=\"cs97EF4E27\">Wasseranschluss<\/span><\/p>\n<\/td>\n<td class=\"csA1B2EDDD\" valign=\"bottom\" nowrap=\"nowrap\">\n<p class=\"cs2E86D3A6\"><span class=\"cs97EF4E27\">&#8211;<\/span><\/p>\n<\/td>\n<\/tr>\n<tr style=\"height: 12pt;\">\n<td class=\"cs439BC674\" valign=\"bottom\" nowrap=\"nowrap\">\n<p class=\"cs95E872D0\"><span class=\"cs97EF4E27\">Wasseranschluss<\/span><\/p>\n<\/td>\n<td class=\"csCFAC7D\" valign=\"bottom\" nowrap=\"nowrap\">\n<p class=\"cs2E86D3A6\"><span class=\"cs97EF4E27\">&#8211;<\/span><\/p>\n<\/td>\n<\/tr>\n<tr style=\"height: 12pt;\">\n<td class=\"cs298864A3\" valign=\"bottom\" nowrap=\"nowrap\">\n<p class=\"cs95E872D0\"><span class=\"cs97EF4E27\">\u00a0<\/span><\/p>\n<\/td>\n<td class=\"csA1B2EDDD\" valign=\"bottom\">\n<p class=\"cs2E86D3A6\"><span class=\"cs97EF4E27\">\u00a0<\/span><\/p>\n<\/td>\n<\/tr>\n<tr style=\"height: 12pt;\">\n<td class=\"cs298864A3\" valign=\"bottom\" nowrap=\"nowrap\">\n<p class=\"cs95E872D0\"><span class=\"cs97EF4E27\">Separater Wassertank<\/span><\/p>\n<\/td>\n<td class=\"csA1B2EDDD\" valign=\"bottom\" nowrap=\"nowrap\">\n<p class=\"cs2E86D3A6\"><span class=\"cs97EF4E27\">&#8211;<\/span><\/p>\n<\/td>\n<\/tr>\n<tr style=\"height: 12pt;\">\n<td class=\"cs439BC674\" valign=\"bottom\" nowrap=\"nowrap\">\n<p class=\"cs95E872D0\"><span class=\"cs97EF4E27\">\u00a0<\/span><\/p>\n<\/td>\n<td class=\"csCFAC7D\" valign=\"bottom\" nowrap=\"nowrap\">\n<p class=\"cs2E86D3A6\"><span class=\"cs97EF4E27\">\u00a0<\/span><\/p>\n<\/td>\n<\/tr>\n<tr style=\"height: 12pt;\">\n<td class=\"csAE355C0E\" valign=\"bottom\" nowrap=\"nowrap\">\n<p class=\"cs95E872D0\"><span class=\"cs97EF4E27\">Weitere Merkmale<\/span><\/p>\n<\/td>\n<td class=\"cs62FA654C\" valign=\"bottom\" nowrap=\"nowrap\">\n<p class=\"cs2E86D3A6\"><span class=\"cs97EF4E27\">\u00a0<\/span><\/p>\n<\/td>\n<\/tr>\n<tr style=\"height: 12pt;\">\n<td class=\"cs298864A3\" valign=\"bottom\" nowrap=\"nowrap\">\n<p class=\"cs95E872D0\"><span class=\"cs97EF4E27\">Becher (70\u201371 mm)<\/span><\/p>\n<\/td>\n<td class=\"csA1B2EDDD\" valign=\"bottom\" nowrap=\"nowrap\">\n<p class=\"cs2E86D3A6\"><span class=\"cs97EF4E27\">&#8211;<\/span><\/p>\n<\/td>\n<\/tr>\n<tr style=\"height: 12pt;\">\n<td class=\"cs298864A3\" valign=\"bottom\" nowrap=\"nowrap\">\n<p class=\"cs95E872D0\"><span class=\"cs97EF4E27\">Mixer<\/span><\/p>\n<\/td>\n<td class=\"csA1B2EDDD\" valign=\"bottom\" nowrap=\"nowrap\">\n<p class=\"cs2E86D3A6\"><span class=\"cs97EF4E27\">&#8211;<\/span><\/p>\n<\/td>\n<\/tr>\n<tr style=\"height: 12pt;\">\n<td class=\"cs298864A3\" valign=\"bottom\" nowrap=\"nowrap\">\n<p class=\"cs95E872D0\"><span class=\"cs97EF4E27\">Kaffeebohnenbeh\u00e4lter<\/span><\/p>\n<\/td>\n<td class=\"csA1B2EDDD\" valign=\"bottom\" nowrap=\"nowrap\">\n<p class=\"cs2E86D3A6\"><span class=\"cs97EF4E27\">&#8211;<\/span><\/p>\n<\/td>\n<\/tr>\n<tr style=\"height: 12pt;\">\n<td class=\"cs298864A3\" valign=\"bottom\" nowrap=\"nowrap\">\n<p class=\"cs95E872D0\"><span class=\"cs97EF4E27\">Instant-Beh\u00e4lter<\/span><\/p>\n<\/td>\n<td class=\"csA1B2EDDD\" valign=\"bottom\" nowrap=\"nowrap\">\n<p class=\"cs2E86D3A6\"><span class=\"cs97EF4E27\">&#8211;<\/span><\/p>\n<\/td>\n<\/tr>\n<tr style=\"height: 12pt;\">\n<td class=\"cs298864A3\" valign=\"bottom\" nowrap=\"nowrap\">\n<p class=\"cs95E872D0\"><span class=\"cs97EF4E27\">Zuckerbeh\u00e4lter<\/span><\/p>\n<\/td>\n<td class=\"csA1B2EDDD\" valign=\"bottom\" nowrap=\"nowrap\">\n<p class=\"cs2E86D3A6\"><span class=\"cs97EF4E27\">&#8211;<\/span><\/p>\n<\/td>\n<\/tr>\n<\/tbody>\n<\/table>\n<p class=\"cs2478469\"><span class=\"csBB6B59F5\">\u00a0<\/span><\/p>","protected":false},"excerpt":{"rendered":"<p>&nbsp; \u00a0 \u00a0 \u00a0Necta Zenith Espresso + FB nedves cukros &#8211; MAGYAR \u00a0 \u00a0 Struktur\u00e1lis jellemz\u0151k \u00a0 M\u00e9retek (Sz x Ma x M\u00e9) 85 x 183 x 78 cm S\u00faly 225 kg \u00a0 \u00a0 Elektronikus jellemz\u0151k \u00a0 T\u00e1pegys\u00e9g 230 V \/ 50 Hz Energiafogyaszt\u00e1s 350 W \u00a0 \u00a0 V\u00edzcsatlakoz\u00e1s \u00a0 V\u00edzcsatlakoz\u00e1s &#8211; V\u00edzell\u00e1t\u00e1s &#8211; \u00a0 &#8230; <a title=\"Necta Zenith Espresso+FB\" class=\"read-more\" href=\"https:\/\/vendingoutlet.org\/de\/termek\/necta-zenith-espressofb\/\" aria-label=\"Mehr Informationen \u00fcber Necta Zenith Espresso+FB\">Weiterlesen<\/a><\/p>","protected":false},"featured_media":27766,"template":"","meta":{"_acf_changed":false,"content-type":""},"location":[],"product_brand":[],"product_cat":[39],"product_tag":[],"class_list":{"0":"post-26321","1":"product","2":"type-product","3":"status-publish","4":"has-post-thumbnail","6":"product_cat-kave-automatak","8":"first","9":"outofstock","10":"shipping-taxable","11":"product-type-simple"},"acf":[],"yoast_head":"<!-- This site is optimized with the Yoast SEO plugin v27.4 - https:\/\/yoast.com\/product\/yoast-seo-wordpress\/ -->\n<title>Necta Zenith Espresso+FB - Vendingoutlet<\/title>\n<meta name=\"robots\" content=\"index, follow, max-snippet:-1, max-image-preview:large, max-video-preview:-1\" \/>\n<link rel=\"canonical\" href=\"https:\/\/vendingoutlet.org\/de\/produkt\/necta-zenith-espressofb\/\" \/>\n<meta property=\"og:locale\" content=\"de_DE\" \/>\n<meta property=\"og:type\" content=\"article\" \/>\n<meta property=\"og:title\" content=\"Necta Zenith Espresso+FB - Vendingoutlet\" \/>\n<meta property=\"og:description\" content=\"&nbsp; \u00a0 \u00a0 \u00a0Necta Zenith Espresso + FB nedves cukros &#8211; MAGYAR \u00a0 \u00a0 Struktur\u00e1lis jellemz\u0151k \u00a0 M\u00e9retek (Sz x Ma x M\u00e9) 85 x 183 x 78 cm S\u00faly 225 kg \u00a0 \u00a0 Elektronikus jellemz\u0151k \u00a0 T\u00e1pegys\u00e9g 230 V \/ 50 Hz Energiafogyaszt\u00e1s 350 W \u00a0 \u00a0 V\u00edzcsatlakoz\u00e1s \u00a0 V\u00edzcsatlakoz\u00e1s &#8211; V\u00edzell\u00e1t\u00e1s &#8211; \u00a0 ... Weiterlesen\" \/>\n<meta property=\"og:url\" content=\"https:\/\/vendingoutlet.org\/de\/produkt\/necta-zenith-espressofb\/\" \/>\n<meta property=\"og:site_name\" content=\"Vendingoutlet\" \/>\n<meta property=\"article:modified_time\" content=\"2025-01-30T13:24:29+00:00\" \/>\n<meta property=\"og:image\" content=\"https:\/\/vendingoutlet.org\/wp-content\/uploads\/2024\/06\/Necta_Zenith_ES-1024x1024.png\" \/>\n\t<meta property=\"og:image:width\" content=\"1024\" \/>\n\t<meta property=\"og:image:height\" content=\"1024\" \/>\n\t<meta property=\"og:image:type\" content=\"image\/png\" \/>\n<meta name=\"twitter:card\" content=\"summary_large_image\" \/>\n<script type=\"application\/ld+json\" class=\"yoast-schema-graph\">{\"@context\":\"https:\\\/\\\/schema.org\",\"@graph\":[{\"@type\":\"WebPage\",\"@id\":\"https:\\\/\\\/vendingoutlet.org\\\/termek\\\/necta-zenith-espressofb\\\/\",\"url\":\"https:\\\/\\\/vendingoutlet.org\\\/termek\\\/necta-zenith-espressofb\\\/\",\"name\":\"Necta Zenith Espresso+FB - Vendingoutlet\",\"isPartOf\":{\"@id\":\"https:\\\/\\\/vendingoutlet.org\\\/#website\"},\"primaryImageOfPage\":{\"@id\":\"https:\\\/\\\/vendingoutlet.org\\\/termek\\\/necta-zenith-espressofb\\\/#primaryimage\"},\"image\":{\"@id\":\"https:\\\/\\\/vendingoutlet.org\\\/termek\\\/necta-zenith-espressofb\\\/#primaryimage\"},\"thumbnailUrl\":\"https:\\\/\\\/vendingoutlet.org\\\/wp-content\\\/uploads\\\/2024\\\/06\\\/Necta_Zenith_ES.png\",\"datePublished\":\"2024-06-13T13:35:47+00:00\",\"dateModified\":\"2025-01-30T13:24:29+00:00\",\"breadcrumb\":{\"@id\":\"https:\\\/\\\/vendingoutlet.org\\\/termek\\\/necta-zenith-espressofb\\\/#breadcrumb\"},\"inLanguage\":\"de\",\"potentialAction\":[{\"@type\":\"ReadAction\",\"target\":[\"https:\\\/\\\/vendingoutlet.org\\\/termek\\\/necta-zenith-espressofb\\\/\"]}]},{\"@type\":\"ImageObject\",\"inLanguage\":\"de\",\"@id\":\"https:\\\/\\\/vendingoutlet.org\\\/termek\\\/necta-zenith-espressofb\\\/#primaryimage\",\"url\":\"https:\\\/\\\/vendingoutlet.org\\\/wp-content\\\/uploads\\\/2024\\\/06\\\/Necta_Zenith_ES.png\",\"contentUrl\":\"https:\\\/\\\/vendingoutlet.org\\\/wp-content\\\/uploads\\\/2024\\\/06\\\/Necta_Zenith_ES.png\",\"width\":2980,\"height\":2980},{\"@type\":\"BreadcrumbList\",\"@id\":\"https:\\\/\\\/vendingoutlet.org\\\/termek\\\/necta-zenith-espressofb\\\/#breadcrumb\",\"itemListElement\":[{\"@type\":\"ListItem\",\"position\":1,\"name\":\"Kezd\u0151lap\",\"item\":\"https:\\\/\\\/vendingoutlet.org\\\/\"},{\"@type\":\"ListItem\",\"position\":2,\"name\":\"Term\u00e9kek\",\"item\":\"https:\\\/\\\/vendingoutlet.org\\\/shop\\\/\"},{\"@type\":\"ListItem\",\"position\":3,\"name\":\"Necta Zenith Espresso+FB\"}]},{\"@type\":\"WebSite\",\"@id\":\"https:\\\/\\\/vendingoutlet.org\\\/#website\",\"url\":\"https:\\\/\\\/vendingoutlet.org\\\/\",\"name\":\"Vendingoutlet\",\"description\":\"Haszn\u00e1lt \u00e1rus\u00edt\u00f3 automat\u00e1k \u00e9rt\u00e9kes\u00edt\u00e9se\",\"publisher\":{\"@id\":\"https:\\\/\\\/vendingoutlet.org\\\/#organization\"},\"potentialAction\":[{\"@type\":\"SearchAction\",\"target\":{\"@type\":\"EntryPoint\",\"urlTemplate\":\"https:\\\/\\\/vendingoutlet.org\\\/?s={search_term_string}\"},\"query-input\":{\"@type\":\"PropertyValueSpecification\",\"valueRequired\":true,\"valueName\":\"search_term_string\"}}],\"inLanguage\":\"de\"},{\"@type\":\"Organization\",\"@id\":\"https:\\\/\\\/vendingoutlet.org\\\/#organization\",\"name\":\"Vendingoutlet\",\"url\":\"https:\\\/\\\/vendingoutlet.org\\\/\",\"logo\":{\"@type\":\"ImageObject\",\"inLanguage\":\"de\",\"@id\":\"https:\\\/\\\/vendingoutlet.org\\\/#\\\/schema\\\/logo\\\/image\\\/\",\"url\":\"https:\\\/\\\/vendingoutlet.org\\\/wp-content\\\/uploads\\\/2023\\\/04\\\/loho-blue.svg\",\"contentUrl\":\"https:\\\/\\\/vendingoutlet.org\\\/wp-content\\\/uploads\\\/2023\\\/04\\\/loho-blue.svg\",\"width\":349,\"height\":77,\"caption\":\"Vendingoutlet\"},\"image\":{\"@id\":\"https:\\\/\\\/vendingoutlet.org\\\/#\\\/schema\\\/logo\\\/image\\\/\"}}]}<\/script>\n<!-- \/ Yoast SEO plugin. -->","yoast_head_json":{"title":"Necta Zenith Espresso+FB - Vendingoutlet","robots":{"index":"index","follow":"follow","max-snippet":"max-snippet:-1","max-image-preview":"max-image-preview:large","max-video-preview":"max-video-preview:-1"},"canonical":"https:\/\/vendingoutlet.org\/de\/produkt\/necta-zenith-espressofb\/","og_locale":"de_DE","og_type":"article","og_title":"Necta Zenith Espresso+FB - Vendingoutlet","og_description":"&nbsp; \u00a0 \u00a0 \u00a0Necta Zenith Espresso + FB nedves cukros &#8211; MAGYAR \u00a0 \u00a0 Struktur\u00e1lis jellemz\u0151k \u00a0 M\u00e9retek (Sz x Ma x M\u00e9) 85 x 183 x 78 cm S\u00faly 225 kg \u00a0 \u00a0 Elektronikus jellemz\u0151k \u00a0 T\u00e1pegys\u00e9g 230 V \/ 50 Hz Energiafogyaszt\u00e1s 350 W \u00a0 \u00a0 V\u00edzcsatlakoz\u00e1s \u00a0 V\u00edzcsatlakoz\u00e1s &#8211; V\u00edzell\u00e1t\u00e1s &#8211; \u00a0 ... Weiterlesen","og_url":"https:\/\/vendingoutlet.org\/de\/produkt\/necta-zenith-espressofb\/","og_site_name":"Vendingoutlet","article_modified_time":"2025-01-30T13:24:29+00:00","og_image":[{"width":1024,"height":1024,"url":"https:\/\/vendingoutlet.org\/wp-content\/uploads\/2024\/06\/Necta_Zenith_ES-1024x1024.png","type":"image\/png"}],"twitter_card":"summary_large_image","schema":{"@context":"https:\/\/schema.org","@graph":[{"@type":"WebPage","@id":"https:\/\/vendingoutlet.org\/termek\/necta-zenith-espressofb\/","url":"https:\/\/vendingoutlet.org\/termek\/necta-zenith-espressofb\/","name":"Necta Zenith Espresso+FB - Vendingoutlet","isPartOf":{"@id":"https:\/\/vendingoutlet.org\/#website"},"primaryImageOfPage":{"@id":"https:\/\/vendingoutlet.org\/termek\/necta-zenith-espressofb\/#primaryimage"},"image":{"@id":"https:\/\/vendingoutlet.org\/termek\/necta-zenith-espressofb\/#primaryimage"},"thumbnailUrl":"https:\/\/vendingoutlet.org\/wp-content\/uploads\/2024\/06\/Necta_Zenith_ES.png","datePublished":"2024-06-13T13:35:47+00:00","dateModified":"2025-01-30T13:24:29+00:00","breadcrumb":{"@id":"https:\/\/vendingoutlet.org\/termek\/necta-zenith-espressofb\/#breadcrumb"},"inLanguage":"de","potentialAction":[{"@type":"ReadAction","target":["https:\/\/vendingoutlet.org\/termek\/necta-zenith-espressofb\/"]}]},{"@type":"ImageObject","inLanguage":"de","@id":"https:\/\/vendingoutlet.org\/termek\/necta-zenith-espressofb\/#primaryimage","url":"https:\/\/vendingoutlet.org\/wp-content\/uploads\/2024\/06\/Necta_Zenith_ES.png","contentUrl":"https:\/\/vendingoutlet.org\/wp-content\/uploads\/2024\/06\/Necta_Zenith_ES.png","width":2980,"height":2980},{"@type":"BreadcrumbList","@id":"https:\/\/vendingoutlet.org\/termek\/necta-zenith-espressofb\/#breadcrumb","itemListElement":[{"@type":"ListItem","position":1,"name":"Kezd\u0151lap","item":"https:\/\/vendingoutlet.org\/"},{"@type":"ListItem","position":2,"name":"Term\u00e9kek","item":"https:\/\/vendingoutlet.org\/shop\/"},{"@type":"ListItem","position":3,"name":"Necta Zenith Espresso+FB"}]},{"@type":"WebSite","@id":"https:\/\/vendingoutlet.org\/#website","url":"https:\/\/vendingoutlet.org\/","name":"Vendingoutlet","description":"Haszn\u00e1lt \u00e1rus\u00edt\u00f3 automat\u00e1k \u00e9rt\u00e9kes\u00edt\u00e9se","publisher":{"@id":"https:\/\/vendingoutlet.org\/#organization"},"potentialAction":[{"@type":"SearchAction","target":{"@type":"EntryPoint","urlTemplate":"https:\/\/vendingoutlet.org\/?s={search_term_string}"},"query-input":{"@type":"PropertyValueSpecification","valueRequired":true,"valueName":"search_term_string"}}],"inLanguage":"de"},{"@type":"Organization","@id":"https:\/\/vendingoutlet.org\/#organization","name":"Vendingoutlet","url":"https:\/\/vendingoutlet.org\/","logo":{"@type":"ImageObject","inLanguage":"de","@id":"https:\/\/vendingoutlet.org\/#\/schema\/logo\/image\/","url":"https:\/\/vendingoutlet.org\/wp-content\/uploads\/2023\/04\/loho-blue.svg","contentUrl":"https:\/\/vendingoutlet.org\/wp-content\/uploads\/2023\/04\/loho-blue.svg","width":349,"height":77,"caption":"Vendingoutlet"},"image":{"@id":"https:\/\/vendingoutlet.org\/#\/schema\/logo\/image\/"}}]}},"locations":[],"_links":{"self":[{"href":"https:\/\/vendingoutlet.org\/de\/wp-json\/wp\/v2\/product\/26321","targetHints":{"allow":["GET"]}}],"collection":[{"href":"https:\/\/vendingoutlet.org\/de\/wp-json\/wp\/v2\/product"}],"about":[{"href":"https:\/\/vendingoutlet.org\/de\/wp-json\/wp\/v2\/types\/product"}],"wp:featuredmedia":[{"embeddable":true,"href":"https:\/\/vendingoutlet.org\/de\/wp-json\/wp\/v2\/media\/27766"}],"wp:attachment":[{"href":"https:\/\/vendingoutlet.org\/de\/wp-json\/wp\/v2\/media?parent=26321"}],"wp:term":[{"taxonomy":"location","embeddable":true,"href":"https:\/\/vendingoutlet.org\/de\/wp-json\/wp\/v2\/location?post=26321"},{"taxonomy":"product_brand","embeddable":true,"href":"https:\/\/vendingoutlet.org\/de\/wp-json\/wp\/v2\/product_brand?post=26321"},{"taxonomy":"product_cat","embeddable":true,"href":"https:\/\/vendingoutlet.org\/de\/wp-json\/wp\/v2\/product_cat?post=26321"},{"taxonomy":"product_tag","embeddable":true,"href":"https:\/\/vendingoutlet.org\/de\/wp-json\/wp\/v2\/product_tag?post=26321"}],"curies":[{"name":"wp","href":"https:\/\/api.w.org\/{rel}","templated":true}]}}