{"id":26199,"date":"2024-06-13T14:05:51","date_gmt":"2024-06-13T12:05:51","guid":{"rendered":"https:\/\/vendingoutlet.org\/?post_type=product&#038;p=26199"},"modified":"2025-03-13T10:53:40","modified_gmt":"2025-03-13T09:53:40","slug":"saeco-atlante-500-evo-espresso","status":"publish","type":"product","link":"https:\/\/vendingoutlet.org\/de\/termek\/saeco-atlante-500-evo-espresso\/","title":{"rendered":"Saeco Atlante 500 EVO Espresso"},"content":{"rendered":"<table class=\"cs9CFAC74A\" border=\"0\" cellspacing=\"0\" cellpadding=\"0\" width=\"464\" style=\"border-collapse:collapse\">\n<tr style=\"height:15pt\">\n<td class=\"cs7B438C2E\" valign=\"bottom\" nowrap>\n<p class=\"cs95E872D0\"><span class=\"cs97EF4E27\">\u00a0<\/span><\/p>\n<\/td>\n<td class=\"cs18D7C780\" valign=\"bottom\" nowrap>\n<p class=\"cs2E86D3A6\"><span class=\"cs97EF4E27\">\u00a0<\/span><\/p>\n<\/td>\n<\/tr>\n<tr style=\"height:15pt\">\n<td class=\"cs4A48C4BF\" colspan=\"2\" nowrap>\n<p class=\"cs2E86D3A6\"><span class=\"cs9E3C48E3\">Saeco Atlante 500 EVO ES- MAGYAR<\/span><\/p>\n<\/td>\n<\/tr>\n<tr style=\"height:15pt\">\n<td class=\"csE54EA8DC\" nowrap>\n<p class=\"cs95E872D0\"><span class=\"cs97EF4E27\">\u00a0<\/span><\/p>\n<\/td>\n<td class=\"csB113673D\" valign=\"bottom\" nowrap>\n<p class=\"cs2E86D3A6\"><span class=\"cs97EF4E27\">\u00a0<\/span><\/p>\n<\/td>\n<\/tr>\n<tr style=\"height:15pt\">\n<td class=\"cs3D11E37A\" valign=\"bottom\" nowrap>\n<p class=\"cs95E872D0\"><span class=\"cs97EF4E27\">Bauliche Merkmale<\/span><\/p>\n<\/td>\n<td class=\"cs1D25AF0C\" valign=\"bottom\" nowrap>\n<p class=\"cs2E86D3A6\"><span class=\"cs97EF4E27\">\u00a0<\/span><\/p>\n<\/td>\n<\/tr>\n<tr style=\"height:15pt\">\n<td class=\"cs57C287A2\" nowrap>\n<p class=\"cs95E872D0\"><span class=\"cs97EF4E27\">M\u00e9retek (Sz\u00e9 x Ma x M\u00e9)<\/span><\/p>\n<\/td>\n<td class=\"cs982D878\" valign=\"bottom\" nowrap>\n<p class=\"cs2E86D3A6\"><span class=\"cs97EF4E27\">65 x 183 x 81 cm<\/span><\/p>\n<\/td>\n<\/tr>\n<tr style=\"height:15pt\">\n<td class=\"cs57C287A2\" valign=\"bottom\" nowrap>\n<p class=\"cs95E872D0\"><span class=\"cs97EF4E27\">Gewicht<\/span><\/p>\n<\/td>\n<td class=\"cs982D878\" valign=\"bottom\" nowrap>\n<p class=\"cs2E86D3A6\"><span class=\"cs97EF4E27\">160 kg<\/span><\/p>\n<\/td>\n<\/tr>\n<tr style=\"height:15pt\">\n<td class=\"csE54EA8DC\" valign=\"bottom\" nowrap>\n<p class=\"cs95E872D0\"><span class=\"cs97EF4E27\">\u00a0<\/span><\/p>\n<\/td>\n<td class=\"csB113673D\" valign=\"bottom\" nowrap>\n<p class=\"cs2E86D3A6\"><span class=\"cs97EF4E27\">\u00a0<\/span><\/p>\n<\/td>\n<\/tr>\n<tr style=\"height:15pt\">\n<td class=\"cs3D11E37A\" valign=\"bottom\" nowrap>\n<p class=\"cs95E872D0\"><span class=\"cs97EF4E27\">Elektronische Merkmale<\/span><\/p>\n<\/td>\n<td class=\"cs1D25AF0C\" valign=\"bottom\" nowrap>\n<p class=\"cs2E86D3A6\"><span class=\"cs97EF4E27\">\u00a0<\/span><\/p>\n<\/td>\n<\/tr>\n<tr style=\"height:15pt\">\n<td class=\"cs57C287A2\" valign=\"bottom\" nowrap>\n<p class=\"cs95E872D0\"><span class=\"cs97EF4E27\">Stromversorgung<\/span><\/p>\n<\/td>\n<td class=\"cs982D878\" valign=\"bottom\" nowrap>\n<p class=\"cs2E86D3A6\"><span class=\"cs97EF4E27\">230 V \/ 50 Hz<\/span><\/p>\n<\/td>\n<\/tr>\n<tr style=\"height:15pt\">\n<td class=\"cs57C287A2\" valign=\"bottom\" nowrap>\n<p class=\"cs95E872D0\"><span class=\"cs97EF4E27\">Energieverbrauch<\/span><\/p>\n<\/td>\n<td class=\"cs982D878\" valign=\"bottom\" nowrap>\n<p class=\"cs2E86D3A6\"><span class=\"cs97EF4E27\">1700 W<\/span><\/p>\n<\/td>\n<\/tr>\n<tr style=\"height:15pt\">\n<td class=\"csE54EA8DC\" valign=\"bottom\" nowrap>\n<p class=\"cs95E872D0\"><span class=\"cs97EF4E27\">\u00a0<\/span><\/p>\n<\/td>\n<td class=\"csB113673D\" valign=\"bottom\" nowrap>\n<p class=\"cs2E86D3A6\"><span class=\"cs97EF4E27\">\u00a0<\/span><\/p>\n<\/td>\n<\/tr>\n<tr style=\"height:15pt\">\n<td class=\"cs3D11E37A\" valign=\"bottom\" nowrap>\n<p class=\"cs95E872D0\"><span class=\"cs97EF4E27\">Wasseranschluss<\/span><\/p>\n<\/td>\n<td class=\"cs1D25AF0C\" valign=\"bottom\" nowrap>\n<p class=\"cs2E86D3A6\"><span class=\"cs97EF4E27\">\u00a0<\/span><\/p>\n<\/td>\n<\/tr>\n<tr style=\"height:15pt\">\n<td class=\"cs57C287A2\" valign=\"bottom\" nowrap>\n<p class=\"cs95E872D0\"><span class=\"cs97EF4E27\">Wasseranschluss<\/span><\/p>\n<\/td>\n<td class=\"cs982D878\" valign=\"bottom\" nowrap>\n<p class=\"cs2E86D3A6\"><span class=\"cs97EF4E27\">3\/4 &#8221; (1-8 bar)<\/span><\/p>\n<\/td>\n<\/tr>\n<tr style=\"height:15pt\">\n<td class=\"csE54EA8DC\" valign=\"bottom\" nowrap>\n<p class=\"cs95E872D0\"><span class=\"cs97EF4E27\">Wasseranschluss<\/span><\/p>\n<\/td>\n<td class=\"csB113673D\" valign=\"bottom\" nowrap>\n<p class=\"cs2E86D3A6\"><span class=\"cs97EF4E27\">Standard: Wasseranschluss<\/span><\/p>\n<\/td>\n<\/tr>\n<tr style=\"height:23.25pt\">\n<td class=\"cs57C287A2\" valign=\"bottom\" nowrap>\n<p class=\"cs95E872D0\"><span class=\"cs97EF4E27\">\u00a0<\/span><\/p>\n<\/td>\n<td class=\"cs982D878\" valign=\"bottom\">\n<p class=\"cs2E86D3A6\"><span class=\"cs97EF4E27\">Opcion\u00e1lis: k\u00fcl\u00f6n\u00e1ll\u00f3 v\u00edztart\u00e1ly k\u00e9szlet<\/span><\/p>\n<\/td>\n<\/tr>\n<tr style=\"height:15pt\">\n<td class=\"cs57C287A2\" valign=\"bottom\" nowrap>\n<p class=\"cs95E872D0\"><span class=\"cs97EF4E27\">Separater Wassertank<\/span><\/p>\n<\/td>\n<td class=\"cs982D878\" valign=\"bottom\" nowrap>\n<p class=\"cs2E86D3A6\"><span class=\"cs97EF4E27\">1-2 tart\u00e1ly (20 l)<\/span><\/p>\n<\/td>\n<\/tr>\n<tr style=\"height:15pt\">\n<td class=\"csE54EA8DC\" valign=\"bottom\" nowrap>\n<p class=\"cs95E872D0\"><span class=\"cs97EF4E27\">\u00a0<\/span><\/p>\n<\/td>\n<td class=\"csB113673D\" valign=\"bottom\" nowrap>\n<p class=\"cs2E86D3A6\"><span class=\"cs97EF4E27\">\u00a0<\/span><\/p>\n<\/td>\n<\/tr>\n<tr style=\"height:15pt\">\n<td class=\"cs3D11E37A\" valign=\"bottom\" nowrap>\n<p class=\"cs95E872D0\"><span class=\"cs97EF4E27\">Weitere Merkmale<\/span><\/p>\n<\/td>\n<td class=\"cs1D25AF0C\" valign=\"bottom\" nowrap>\n<p class=\"cs2E86D3A6\"><span class=\"cs97EF4E27\">\u00a0<\/span><\/p>\n<\/td>\n<\/tr>\n<tr style=\"height:15pt\">\n<td class=\"cs57C287A2\" valign=\"bottom\" nowrap>\n<p class=\"cs95E872D0\"><span class=\"cs97EF4E27\">Cs\u00e9sz\u00e9k (73-74 mm)<\/span><\/p>\n<\/td>\n<td class=\"cs982D878\" valign=\"bottom\" nowrap>\n<p class=\"cs2E86D3A6\"><span class=\"cs97EF4E27\">700<\/span><\/p>\n<\/td>\n<\/tr>\n<tr style=\"height:15pt\">\n<td class=\"cs57C287A2\" valign=\"bottom\" nowrap>\n<p class=\"cs95E872D0\"><span class=\"cs97EF4E27\">Mixer<\/span><\/p>\n<\/td>\n<td class=\"cs982D878\" valign=\"bottom\" nowrap>\n<p class=\"cs2E86D3A6\"><span class=\"cs97EF4E27\">550<\/span><\/p>\n<\/td>\n<\/tr>\n<tr style=\"height:15pt\">\n<td class=\"cs57C287A2\" valign=\"bottom\" nowrap>\n<p class=\"cs95E872D0\"><span class=\"cs97EF4E27\">Kaffeebohnenbeh\u00e4lter<\/span><\/p>\n<\/td>\n<td class=\"cs982D878\" valign=\"bottom\" nowrap>\n<p class=\"cs2E86D3A6\"><span class=\"cs97EF4E27\">1<\/span><\/p>\n<\/td>\n<\/tr>\n<tr style=\"height:15pt\">\n<td class=\"cs57C287A2\" valign=\"bottom\" nowrap>\n<p class=\"cs95E872D0\"><span class=\"cs97EF4E27\">Instant-Beh\u00e4lter<\/span><\/p>\n<\/td>\n<td class=\"cs982D878\" valign=\"bottom\" nowrap>\n<p class=\"cs2E86D3A6\"><span class=\"cs97EF4E27\">5<\/span><\/p>\n<\/td>\n<\/tr>\n<tr style=\"height:15.75pt\">\n<td class=\"cs57C287A2\" valign=\"bottom\" nowrap>\n<p class=\"cs95E872D0\"><span class=\"cs97EF4E27\">Zuckerbeh\u00e4lter<\/span><\/p>\n<\/td>\n<td class=\"cs982D878\" valign=\"bottom\" nowrap>\n<p class=\"cs2E86D3A6\"><span class=\"cs97EF4E27\">1<\/span><\/p>\n<\/td>\n<\/tr>\n<\/table>\n<p class=\"cs2478469\"><span class=\"csBB6B59F5\">\u00a0<\/span><\/p>","protected":false},"excerpt":{"rendered":"<p>\u00a0 \u00a0 Saeco Atlante 500 EVO ES- MAGYAR \u00a0 \u00a0 Struktur\u00e1lis jellemz\u0151k \u00a0 M\u00e9retek (Sz\u00e9 x Ma x M\u00e9) 65 x 183 x 81 cm S\u00faly 160 kg \u00a0 \u00a0 Elektronikus jellemz\u0151k \u00a0 T\u00e1pegys\u00e9g 230 V \/ 50 Hz Energiafogyaszt\u00e1s 1700 W \u00a0 \u00a0 V\u00edzcsatlakoz\u00e1s \u00a0 V\u00edzcsatlakoz\u00e1s 3\/4 &#8221; (1-8 bar) V\u00edzell\u00e1t\u00e1s Szabv\u00e1ny: v\u00edzell\u00e1t\u00e1s \u00a0 &#8230; <a title=\"Saeco Atlante 500 EVO Espresso\" class=\"read-more\" href=\"https:\/\/vendingoutlet.org\/de\/termek\/saeco-atlante-500-evo-espresso\/\" aria-label=\"Mehr Informationen \u00fcber Saeco Atlante 500 EVO Espresso\">Weiterlesen<\/a><\/p>","protected":false},"featured_media":0,"template":"","meta":{"_acf_changed":false,"content-type":""},"location":[],"product_brand":[],"product_cat":[39],"product_tag":[],"class_list":{"0":"post-26199","1":"product","2":"type-product","3":"status-publish","5":"product_cat-kave-automatak","7":"first","8":"outofstock","9":"shipping-taxable","10":"product-type-simple"},"acf":[],"yoast_head":"<!-- This site is optimized with the Yoast SEO plugin v27.4 - https:\/\/yoast.com\/product\/yoast-seo-wordpress\/ -->\n<title>Saeco Atlante 500 EVO Espresso - Vendingoutlet<\/title>\n<meta name=\"robots\" content=\"index, follow, max-snippet:-1, max-image-preview:large, max-video-preview:-1\" \/>\n<link rel=\"canonical\" href=\"https:\/\/vendingoutlet.org\/de\/produkt\/saeco-atlante-500-evo-espresso\/\" \/>\n<meta property=\"og:locale\" content=\"de_DE\" \/>\n<meta property=\"og:type\" content=\"article\" \/>\n<meta property=\"og:title\" content=\"Saeco Atlante 500 EVO Espresso - Vendingoutlet\" \/>\n<meta property=\"og:description\" content=\"\u00a0 \u00a0 Saeco Atlante 500 EVO ES- MAGYAR \u00a0 \u00a0 Struktur\u00e1lis jellemz\u0151k \u00a0 M\u00e9retek (Sz\u00e9 x Ma x M\u00e9) 65 x 183 x 81 cm S\u00faly 160 kg \u00a0 \u00a0 Elektronikus jellemz\u0151k \u00a0 T\u00e1pegys\u00e9g 230 V \/ 50 Hz Energiafogyaszt\u00e1s 1700 W \u00a0 \u00a0 V\u00edzcsatlakoz\u00e1s \u00a0 V\u00edzcsatlakoz\u00e1s 3\/4 &#8221; (1-8 bar) V\u00edzell\u00e1t\u00e1s Szabv\u00e1ny: v\u00edzell\u00e1t\u00e1s \u00a0 ... Weiterlesen\" \/>\n<meta property=\"og:url\" content=\"https:\/\/vendingoutlet.org\/de\/produkt\/saeco-atlante-500-evo-espresso\/\" \/>\n<meta property=\"og:site_name\" content=\"Vendingoutlet\" \/>\n<meta property=\"article:modified_time\" content=\"2025-03-13T09:53:40+00:00\" \/>\n<meta name=\"twitter:card\" content=\"summary_large_image\" \/>\n<script type=\"application\/ld+json\" class=\"yoast-schema-graph\">{\"@context\":\"https:\\\/\\\/schema.org\",\"@graph\":[{\"@type\":\"WebPage\",\"@id\":\"https:\\\/\\\/vendingoutlet.org\\\/termek\\\/saeco-atlante-500-evo-espresso\\\/\",\"url\":\"https:\\\/\\\/vendingoutlet.org\\\/termek\\\/saeco-atlante-500-evo-espresso\\\/\",\"name\":\"Saeco Atlante 500 EVO Espresso - Vendingoutlet\",\"isPartOf\":{\"@id\":\"https:\\\/\\\/vendingoutlet.org\\\/#website\"},\"datePublished\":\"2024-06-13T12:05:51+00:00\",\"dateModified\":\"2025-03-13T09:53:40+00:00\",\"breadcrumb\":{\"@id\":\"https:\\\/\\\/vendingoutlet.org\\\/termek\\\/saeco-atlante-500-evo-espresso\\\/#breadcrumb\"},\"inLanguage\":\"de\",\"potentialAction\":[{\"@type\":\"ReadAction\",\"target\":[\"https:\\\/\\\/vendingoutlet.org\\\/termek\\\/saeco-atlante-500-evo-espresso\\\/\"]}]},{\"@type\":\"BreadcrumbList\",\"@id\":\"https:\\\/\\\/vendingoutlet.org\\\/termek\\\/saeco-atlante-500-evo-espresso\\\/#breadcrumb\",\"itemListElement\":[{\"@type\":\"ListItem\",\"position\":1,\"name\":\"Kezd\u0151lap\",\"item\":\"https:\\\/\\\/vendingoutlet.org\\\/\"},{\"@type\":\"ListItem\",\"position\":2,\"name\":\"Term\u00e9kek\",\"item\":\"https:\\\/\\\/vendingoutlet.org\\\/shop\\\/\"},{\"@type\":\"ListItem\",\"position\":3,\"name\":\"Saeco Atlante 500 EVO Espresso\"}]},{\"@type\":\"WebSite\",\"@id\":\"https:\\\/\\\/vendingoutlet.org\\\/#website\",\"url\":\"https:\\\/\\\/vendingoutlet.org\\\/\",\"name\":\"Vendingoutlet\",\"description\":\"Haszn\u00e1lt \u00e1rus\u00edt\u00f3 automat\u00e1k \u00e9rt\u00e9kes\u00edt\u00e9se\",\"publisher\":{\"@id\":\"https:\\\/\\\/vendingoutlet.org\\\/#organization\"},\"potentialAction\":[{\"@type\":\"SearchAction\",\"target\":{\"@type\":\"EntryPoint\",\"urlTemplate\":\"https:\\\/\\\/vendingoutlet.org\\\/?s={search_term_string}\"},\"query-input\":{\"@type\":\"PropertyValueSpecification\",\"valueRequired\":true,\"valueName\":\"search_term_string\"}}],\"inLanguage\":\"de\"},{\"@type\":\"Organization\",\"@id\":\"https:\\\/\\\/vendingoutlet.org\\\/#organization\",\"name\":\"Vendingoutlet\",\"url\":\"https:\\\/\\\/vendingoutlet.org\\\/\",\"logo\":{\"@type\":\"ImageObject\",\"inLanguage\":\"de\",\"@id\":\"https:\\\/\\\/vendingoutlet.org\\\/#\\\/schema\\\/logo\\\/image\\\/\",\"url\":\"https:\\\/\\\/vendingoutlet.org\\\/wp-content\\\/uploads\\\/2023\\\/04\\\/loho-blue.svg\",\"contentUrl\":\"https:\\\/\\\/vendingoutlet.org\\\/wp-content\\\/uploads\\\/2023\\\/04\\\/loho-blue.svg\",\"width\":349,\"height\":77,\"caption\":\"Vendingoutlet\"},\"image\":{\"@id\":\"https:\\\/\\\/vendingoutlet.org\\\/#\\\/schema\\\/logo\\\/image\\\/\"}}]}<\/script>\n<!-- \/ Yoast SEO plugin. -->","yoast_head_json":{"title":"Saeco Atlante 500 EVO Espresso - Vendingoutlet","robots":{"index":"index","follow":"follow","max-snippet":"max-snippet:-1","max-image-preview":"max-image-preview:large","max-video-preview":"max-video-preview:-1"},"canonical":"https:\/\/vendingoutlet.org\/de\/produkt\/saeco-atlante-500-evo-espresso\/","og_locale":"de_DE","og_type":"article","og_title":"Saeco Atlante 500 EVO Espresso - Vendingoutlet","og_description":"\u00a0 \u00a0 Saeco Atlante 500 EVO ES- MAGYAR \u00a0 \u00a0 Struktur\u00e1lis jellemz\u0151k \u00a0 M\u00e9retek (Sz\u00e9 x Ma x M\u00e9) 65 x 183 x 81 cm S\u00faly 160 kg \u00a0 \u00a0 Elektronikus jellemz\u0151k \u00a0 T\u00e1pegys\u00e9g 230 V \/ 50 Hz Energiafogyaszt\u00e1s 1700 W \u00a0 \u00a0 V\u00edzcsatlakoz\u00e1s \u00a0 V\u00edzcsatlakoz\u00e1s 3\/4 &#8221; (1-8 bar) V\u00edzell\u00e1t\u00e1s Szabv\u00e1ny: v\u00edzell\u00e1t\u00e1s \u00a0 ... Weiterlesen","og_url":"https:\/\/vendingoutlet.org\/de\/produkt\/saeco-atlante-500-evo-espresso\/","og_site_name":"Vendingoutlet","article_modified_time":"2025-03-13T09:53:40+00:00","twitter_card":"summary_large_image","schema":{"@context":"https:\/\/schema.org","@graph":[{"@type":"WebPage","@id":"https:\/\/vendingoutlet.org\/termek\/saeco-atlante-500-evo-espresso\/","url":"https:\/\/vendingoutlet.org\/termek\/saeco-atlante-500-evo-espresso\/","name":"Saeco Atlante 500 EVO Espresso - Vendingoutlet","isPartOf":{"@id":"https:\/\/vendingoutlet.org\/#website"},"datePublished":"2024-06-13T12:05:51+00:00","dateModified":"2025-03-13T09:53:40+00:00","breadcrumb":{"@id":"https:\/\/vendingoutlet.org\/termek\/saeco-atlante-500-evo-espresso\/#breadcrumb"},"inLanguage":"de","potentialAction":[{"@type":"ReadAction","target":["https:\/\/vendingoutlet.org\/termek\/saeco-atlante-500-evo-espresso\/"]}]},{"@type":"BreadcrumbList","@id":"https:\/\/vendingoutlet.org\/termek\/saeco-atlante-500-evo-espresso\/#breadcrumb","itemListElement":[{"@type":"ListItem","position":1,"name":"Kezd\u0151lap","item":"https:\/\/vendingoutlet.org\/"},{"@type":"ListItem","position":2,"name":"Term\u00e9kek","item":"https:\/\/vendingoutlet.org\/shop\/"},{"@type":"ListItem","position":3,"name":"Saeco Atlante 500 EVO Espresso"}]},{"@type":"WebSite","@id":"https:\/\/vendingoutlet.org\/#website","url":"https:\/\/vendingoutlet.org\/","name":"Vendingoutlet","description":"Haszn\u00e1lt \u00e1rus\u00edt\u00f3 automat\u00e1k \u00e9rt\u00e9kes\u00edt\u00e9se","publisher":{"@id":"https:\/\/vendingoutlet.org\/#organization"},"potentialAction":[{"@type":"SearchAction","target":{"@type":"EntryPoint","urlTemplate":"https:\/\/vendingoutlet.org\/?s={search_term_string}"},"query-input":{"@type":"PropertyValueSpecification","valueRequired":true,"valueName":"search_term_string"}}],"inLanguage":"de"},{"@type":"Organization","@id":"https:\/\/vendingoutlet.org\/#organization","name":"Vendingoutlet","url":"https:\/\/vendingoutlet.org\/","logo":{"@type":"ImageObject","inLanguage":"de","@id":"https:\/\/vendingoutlet.org\/#\/schema\/logo\/image\/","url":"https:\/\/vendingoutlet.org\/wp-content\/uploads\/2023\/04\/loho-blue.svg","contentUrl":"https:\/\/vendingoutlet.org\/wp-content\/uploads\/2023\/04\/loho-blue.svg","width":349,"height":77,"caption":"Vendingoutlet"},"image":{"@id":"https:\/\/vendingoutlet.org\/#\/schema\/logo\/image\/"}}]}},"locations":[],"_links":{"self":[{"href":"https:\/\/vendingoutlet.org\/de\/wp-json\/wp\/v2\/product\/26199","targetHints":{"allow":["GET"]}}],"collection":[{"href":"https:\/\/vendingoutlet.org\/de\/wp-json\/wp\/v2\/product"}],"about":[{"href":"https:\/\/vendingoutlet.org\/de\/wp-json\/wp\/v2\/types\/product"}],"wp:attachment":[{"href":"https:\/\/vendingoutlet.org\/de\/wp-json\/wp\/v2\/media?parent=26199"}],"wp:term":[{"taxonomy":"location","embeddable":true,"href":"https:\/\/vendingoutlet.org\/de\/wp-json\/wp\/v2\/location?post=26199"},{"taxonomy":"product_brand","embeddable":true,"href":"https:\/\/vendingoutlet.org\/de\/wp-json\/wp\/v2\/product_brand?post=26199"},{"taxonomy":"product_cat","embeddable":true,"href":"https:\/\/vendingoutlet.org\/de\/wp-json\/wp\/v2\/product_cat?post=26199"},{"taxonomy":"product_tag","embeddable":true,"href":"https:\/\/vendingoutlet.org\/de\/wp-json\/wp\/v2\/product_tag?post=26199"}],"curies":[{"name":"wp","href":"https:\/\/api.w.org\/{rel}","templated":true}]}}