{"id":23879,"date":"2024-05-06T10:37:22","date_gmt":"2024-05-06T08:37:22","guid":{"rendered":"https:\/\/vendingoutlet.org\/?post_type=product&#038;p=23879"},"modified":"2026-04-14T15:10:45","modified_gmt":"2026-04-14T13:10:45","slug":"rhea-xs-cino-grande-espresso-variflex-fozoegyseg","status":"publish","type":"product","link":"https:\/\/vendingoutlet.org\/de\/termek\/rhea-xs-cino-grande-espresso-variflex-fozoegyseg\/","title":{"rendered":"Rhea XS Cino Grande Espresso \u2013 Variflex Br\u00fchgruppe"},"content":{"rendered":"<table class=\"cs2D2816FE\" border=\"0\" cellspacing=\"0\" cellpadding=\"0\" style=\"border-collapse:collapse\">\n<tr>\n<td class=\"cs8E6E8B30\" valign=\"top\">\n<p class=\"cs95E872D0\"><span class=\"cs1B16EEB5\">Breite<\/span><\/p>\n<\/td>\n<td class=\"cs8E6E8B30\" valign=\"top\">\n<p class=\"cs95E872D0\"><span class=\"csBB6B59F5\">42cm<\/span><\/p>\n<\/td>\n<\/tr>\n<tr>\n<td class=\"cs8E6E8B30\" valign=\"top\">\n<p class=\"cs95E872D0\"><span class=\"csBB6B59F5\">Tiefe<\/span><\/p>\n<\/td>\n<td class=\"cs8E6E8B30\" valign=\"top\">\n<p class=\"cs95E872D0\"><span class=\"csBB6B59F5\">59cm<\/span><\/p>\n<\/td>\n<\/tr>\n<tr>\n<td class=\"cs8E6E8B30\" valign=\"top\">\n<p class=\"cs95E872D0\"><span class=\"csBB6B59F5\">H\u00f6he<\/span><\/p>\n<\/td>\n<td class=\"cs8E6E8B30\" valign=\"top\">\n<p class=\"cs95E872D0\"><span class=\"csBB6B59F5\">62cm<\/span><\/p>\n<\/td>\n<\/tr>\n<tr>\n<td class=\"cs8E6E8B30\" valign=\"top\">\n<p class=\"cs95E872D0\"><span class=\"csBB6B59F5\">Gewicht<\/span><\/p>\n<\/td>\n<td class=\"cs8E6E8B30\" valign=\"top\">\n<p class=\"cs95E872D0\"><span class=\"csBB6B59F5\">40kg<\/span><\/p>\n<\/td>\n<\/tr>\n<tr>\n<td class=\"cs8E6E8B30\" valign=\"top\">\n<p class=\"cs95E872D0\"><span class=\"csBB6B59F5\">Spannung<\/span><\/p>\n<\/td>\n<td class=\"cs8E6E8B30\" valign=\"top\">\n<p class=\"cs95E872D0\"><span class=\"csBB6B59F5\">230V<\/span><\/p>\n<\/td>\n<\/tr>\n<tr>\n<td class=\"cs8E6E8B30\" valign=\"top\">\n<p class=\"cs95E872D0\"><span class=\"csBB6B59F5\">Maximaler Stromverbrauch<\/span><\/p>\n<\/td>\n<td class=\"cs8E6E8B30\" valign=\"top\">\n<p class=\"cs95E872D0\"><span class=\"csBB6B59F5\">1200W<\/span><\/p>\n<\/td>\n<\/tr>\n<tr>\n<td class=\"cs8E6E8B30\" valign=\"top\">\n<p class=\"cs95E872D0\"><span class=\"csBB6B59F5\">Wasseranschluss<\/span><\/p>\n<\/td>\n<td class=\"cs8E6E8B30\" valign=\"top\">\n<p class=\"cs95E872D0\"><span class=\"csBB6B59F5\">Anschluss an Wasserleitung<\/span><\/p>\n<\/td>\n<\/tr>\n<tr>\n<td class=\"cs8E6E8B30\" valign=\"top\">\n<p class=\"cs95E872D0\"><span class=\"csBB6B59F5\">Anzahl der Instant-Beh\u00e4lter<\/span><\/p>\n<\/td>\n<td class=\"cs8E6E8B30\" valign=\"top\">\n<p class=\"cs95E872D0\"><span class=\"csBB6B59F5\">3<\/span><\/p>\n<\/td>\n<\/tr>\n<tr>\n<td class=\"cs8E6E8B30\" valign=\"top\">\n<p class=\"cs95E872D0\"><span class=\"csBB6B59F5\">Zuckerspender<\/span><\/p>\n<\/td>\n<td class=\"cs8E6E8B30\" valign=\"top\">\n<p class=\"cs95E872D0\"><span class=\"csBB6B59F5\">0<\/span><\/p>\n<\/td>\n<\/tr>\n<\/table>\n<p class=\"cs95E872D0\"><span class=\"csBB6B59F5\">\u00a0<\/span><\/p>","protected":false},"excerpt":{"rendered":"<p>Sz\u00e9less\u00e9g 42cm M\u00e9lys\u00e9g 59cm Magass\u00e1g 62cm S\u00faly 40kg Fesz\u00fclts\u00e9g 230V Maxim\u00e1lis energiafogyaszt\u00e1s 1200W V\u00edzcsatlakoz\u00e1s k\u00fcls\u0151 Instant tart\u00e1lyok sz\u00e1ma 3 Cukortart\u00e1ly 0 \u00a0<\/p>","protected":false},"featured_media":26328,"template":"","meta":{"_acf_changed":false,"content-type":""},"location":[],"product_brand":[],"product_cat":[38],"product_tag":[],"class_list":{"0":"post-23879","1":"product","2":"type-product","3":"status-publish","4":"has-post-thumbnail","6":"product_cat-irodai-es-professzionalis-kavegepek","8":"first","9":"outofstock","10":"shipping-taxable","11":"product-type-simple"},"acf":[],"yoast_head":"<!-- This site is optimized with the Yoast SEO plugin v27.4 - https:\/\/yoast.com\/product\/yoast-seo-wordpress\/ -->\n<title>Rhea XS Cino Grande Espresso-Variflex F\u0151z\u0151egys\u00e9g - Vendingoutlet<\/title>\n<meta name=\"robots\" content=\"index, follow, max-snippet:-1, max-image-preview:large, max-video-preview:-1\" \/>\n<link rel=\"canonical\" href=\"https:\/\/vendingoutlet.org\/de\/produkt\/rhea-xs-cino-grande-espresso-variflex-fozoegyseg\/\" \/>\n<meta property=\"og:locale\" content=\"de_DE\" \/>\n<meta property=\"og:type\" content=\"article\" \/>\n<meta property=\"og:title\" content=\"Rhea XS Cino Grande Espresso-Variflex F\u0151z\u0151egys\u00e9g - Vendingoutlet\" \/>\n<meta property=\"og:description\" content=\"Sz\u00e9less\u00e9g 42cm M\u00e9lys\u00e9g 59cm Magass\u00e1g 62cm S\u00faly 40kg Fesz\u00fclts\u00e9g 230V Maxim\u00e1lis energiafogyaszt\u00e1s 1200W V\u00edzcsatlakoz\u00e1s k\u00fcls\u0151 Instant tart\u00e1lyok sz\u00e1ma 3 Cukortart\u00e1ly 0 \u00a0\" \/>\n<meta property=\"og:url\" content=\"https:\/\/vendingoutlet.org\/de\/produkt\/rhea-xs-cino-grande-espresso-variflex-fozoegyseg\/\" \/>\n<meta property=\"og:site_name\" content=\"Vendingoutlet\" \/>\n<meta property=\"article:modified_time\" content=\"2026-04-14T13:10:45+00:00\" \/>\n<meta property=\"og:image\" content=\"https:\/\/vendingoutlet.org\/wp-content\/uploads\/2024\/04\/Xs-Grande-Variflex-scaled.jpg\" \/>\n\t<meta property=\"og:image:width\" content=\"2560\" \/>\n\t<meta property=\"og:image:height\" content=\"2560\" \/>\n\t<meta property=\"og:image:type\" content=\"image\/jpeg\" \/>\n<meta name=\"twitter:card\" content=\"summary_large_image\" \/>\n<script type=\"application\/ld+json\" class=\"yoast-schema-graph\">{\"@context\":\"https:\\\/\\\/schema.org\",\"@graph\":[{\"@type\":\"WebPage\",\"@id\":\"https:\\\/\\\/vendingoutlet.org\\\/termek\\\/rhea-xs-cino-grande-espresso-variflex-fozoegyseg\\\/\",\"url\":\"https:\\\/\\\/vendingoutlet.org\\\/termek\\\/rhea-xs-cino-grande-espresso-variflex-fozoegyseg\\\/\",\"name\":\"Rhea XS Cino Grande Espresso-Variflex F\u0151z\u0151egys\u00e9g - Vendingoutlet\",\"isPartOf\":{\"@id\":\"https:\\\/\\\/vendingoutlet.org\\\/#website\"},\"primaryImageOfPage\":{\"@id\":\"https:\\\/\\\/vendingoutlet.org\\\/termek\\\/rhea-xs-cino-grande-espresso-variflex-fozoegyseg\\\/#primaryimage\"},\"image\":{\"@id\":\"https:\\\/\\\/vendingoutlet.org\\\/termek\\\/rhea-xs-cino-grande-espresso-variflex-fozoegyseg\\\/#primaryimage\"},\"thumbnailUrl\":\"https:\\\/\\\/vendingoutlet.org\\\/wp-content\\\/uploads\\\/2024\\\/04\\\/Xs-Grande-Variflex-scaled.jpg\",\"datePublished\":\"2024-05-06T08:37:22+00:00\",\"dateModified\":\"2026-04-14T13:10:45+00:00\",\"breadcrumb\":{\"@id\":\"https:\\\/\\\/vendingoutlet.org\\\/termek\\\/rhea-xs-cino-grande-espresso-variflex-fozoegyseg\\\/#breadcrumb\"},\"inLanguage\":\"de\",\"potentialAction\":[{\"@type\":\"ReadAction\",\"target\":[\"https:\\\/\\\/vendingoutlet.org\\\/termek\\\/rhea-xs-cino-grande-espresso-variflex-fozoegyseg\\\/\"]}]},{\"@type\":\"ImageObject\",\"inLanguage\":\"de\",\"@id\":\"https:\\\/\\\/vendingoutlet.org\\\/termek\\\/rhea-xs-cino-grande-espresso-variflex-fozoegyseg\\\/#primaryimage\",\"url\":\"https:\\\/\\\/vendingoutlet.org\\\/wp-content\\\/uploads\\\/2024\\\/04\\\/Xs-Grande-Variflex-scaled.jpg\",\"contentUrl\":\"https:\\\/\\\/vendingoutlet.org\\\/wp-content\\\/uploads\\\/2024\\\/04\\\/Xs-Grande-Variflex-scaled.jpg\",\"width\":2560,\"height\":2560},{\"@type\":\"BreadcrumbList\",\"@id\":\"https:\\\/\\\/vendingoutlet.org\\\/termek\\\/rhea-xs-cino-grande-espresso-variflex-fozoegyseg\\\/#breadcrumb\",\"itemListElement\":[{\"@type\":\"ListItem\",\"position\":1,\"name\":\"Kezd\u0151lap\",\"item\":\"https:\\\/\\\/vendingoutlet.org\\\/\"},{\"@type\":\"ListItem\",\"position\":2,\"name\":\"Term\u00e9kek\",\"item\":\"https:\\\/\\\/vendingoutlet.org\\\/shop\\\/\"},{\"@type\":\"ListItem\",\"position\":3,\"name\":\"Rhea XS Cino Grande Espresso-Variflex F\u0151z\u0151egys\u00e9g\"}]},{\"@type\":\"WebSite\",\"@id\":\"https:\\\/\\\/vendingoutlet.org\\\/#website\",\"url\":\"https:\\\/\\\/vendingoutlet.org\\\/\",\"name\":\"Vendingoutlet\",\"description\":\"Haszn\u00e1lt \u00e1rus\u00edt\u00f3 automat\u00e1k \u00e9rt\u00e9kes\u00edt\u00e9se\",\"publisher\":{\"@id\":\"https:\\\/\\\/vendingoutlet.org\\\/#organization\"},\"potentialAction\":[{\"@type\":\"SearchAction\",\"target\":{\"@type\":\"EntryPoint\",\"urlTemplate\":\"https:\\\/\\\/vendingoutlet.org\\\/?s={search_term_string}\"},\"query-input\":{\"@type\":\"PropertyValueSpecification\",\"valueRequired\":true,\"valueName\":\"search_term_string\"}}],\"inLanguage\":\"de\"},{\"@type\":\"Organization\",\"@id\":\"https:\\\/\\\/vendingoutlet.org\\\/#organization\",\"name\":\"Vendingoutlet\",\"url\":\"https:\\\/\\\/vendingoutlet.org\\\/\",\"logo\":{\"@type\":\"ImageObject\",\"inLanguage\":\"de\",\"@id\":\"https:\\\/\\\/vendingoutlet.org\\\/#\\\/schema\\\/logo\\\/image\\\/\",\"url\":\"https:\\\/\\\/vendingoutlet.org\\\/wp-content\\\/uploads\\\/2023\\\/04\\\/loho-blue.svg\",\"contentUrl\":\"https:\\\/\\\/vendingoutlet.org\\\/wp-content\\\/uploads\\\/2023\\\/04\\\/loho-blue.svg\",\"width\":349,\"height\":77,\"caption\":\"Vendingoutlet\"},\"image\":{\"@id\":\"https:\\\/\\\/vendingoutlet.org\\\/#\\\/schema\\\/logo\\\/image\\\/\"}}]}<\/script>\n<!-- \/ Yoast SEO plugin. -->","yoast_head_json":{"title":"Rhea XS Cino Grande Espresso-Variflex F\u0151z\u0151egys\u00e9g - Vendingoutlet","robots":{"index":"index","follow":"follow","max-snippet":"max-snippet:-1","max-image-preview":"max-image-preview:large","max-video-preview":"max-video-preview:-1"},"canonical":"https:\/\/vendingoutlet.org\/de\/produkt\/rhea-xs-cino-grande-espresso-variflex-fozoegyseg\/","og_locale":"de_DE","og_type":"article","og_title":"Rhea XS Cino Grande Espresso-Variflex F\u0151z\u0151egys\u00e9g - Vendingoutlet","og_description":"Sz\u00e9less\u00e9g 42cm M\u00e9lys\u00e9g 59cm Magass\u00e1g 62cm S\u00faly 40kg Fesz\u00fclts\u00e9g 230V Maxim\u00e1lis energiafogyaszt\u00e1s 1200W V\u00edzcsatlakoz\u00e1s k\u00fcls\u0151 Instant tart\u00e1lyok sz\u00e1ma 3 Cukortart\u00e1ly 0 \u00a0","og_url":"https:\/\/vendingoutlet.org\/de\/produkt\/rhea-xs-cino-grande-espresso-variflex-fozoegyseg\/","og_site_name":"Vendingoutlet","article_modified_time":"2026-04-14T13:10:45+00:00","og_image":[{"width":2560,"height":2560,"url":"https:\/\/vendingoutlet.org\/wp-content\/uploads\/2024\/04\/Xs-Grande-Variflex-scaled.jpg","type":"image\/jpeg"}],"twitter_card":"summary_large_image","schema":{"@context":"https:\/\/schema.org","@graph":[{"@type":"WebPage","@id":"https:\/\/vendingoutlet.org\/termek\/rhea-xs-cino-grande-espresso-variflex-fozoegyseg\/","url":"https:\/\/vendingoutlet.org\/termek\/rhea-xs-cino-grande-espresso-variflex-fozoegyseg\/","name":"Rhea XS Cino Grande Espresso-Variflex F\u0151z\u0151egys\u00e9g - Vendingoutlet","isPartOf":{"@id":"https:\/\/vendingoutlet.org\/#website"},"primaryImageOfPage":{"@id":"https:\/\/vendingoutlet.org\/termek\/rhea-xs-cino-grande-espresso-variflex-fozoegyseg\/#primaryimage"},"image":{"@id":"https:\/\/vendingoutlet.org\/termek\/rhea-xs-cino-grande-espresso-variflex-fozoegyseg\/#primaryimage"},"thumbnailUrl":"https:\/\/vendingoutlet.org\/wp-content\/uploads\/2024\/04\/Xs-Grande-Variflex-scaled.jpg","datePublished":"2024-05-06T08:37:22+00:00","dateModified":"2026-04-14T13:10:45+00:00","breadcrumb":{"@id":"https:\/\/vendingoutlet.org\/termek\/rhea-xs-cino-grande-espresso-variflex-fozoegyseg\/#breadcrumb"},"inLanguage":"de","potentialAction":[{"@type":"ReadAction","target":["https:\/\/vendingoutlet.org\/termek\/rhea-xs-cino-grande-espresso-variflex-fozoegyseg\/"]}]},{"@type":"ImageObject","inLanguage":"de","@id":"https:\/\/vendingoutlet.org\/termek\/rhea-xs-cino-grande-espresso-variflex-fozoegyseg\/#primaryimage","url":"https:\/\/vendingoutlet.org\/wp-content\/uploads\/2024\/04\/Xs-Grande-Variflex-scaled.jpg","contentUrl":"https:\/\/vendingoutlet.org\/wp-content\/uploads\/2024\/04\/Xs-Grande-Variflex-scaled.jpg","width":2560,"height":2560},{"@type":"BreadcrumbList","@id":"https:\/\/vendingoutlet.org\/termek\/rhea-xs-cino-grande-espresso-variflex-fozoegyseg\/#breadcrumb","itemListElement":[{"@type":"ListItem","position":1,"name":"Kezd\u0151lap","item":"https:\/\/vendingoutlet.org\/"},{"@type":"ListItem","position":2,"name":"Term\u00e9kek","item":"https:\/\/vendingoutlet.org\/shop\/"},{"@type":"ListItem","position":3,"name":"Rhea XS Cino Grande Espresso-Variflex F\u0151z\u0151egys\u00e9g"}]},{"@type":"WebSite","@id":"https:\/\/vendingoutlet.org\/#website","url":"https:\/\/vendingoutlet.org\/","name":"Vendingoutlet","description":"Haszn\u00e1lt \u00e1rus\u00edt\u00f3 automat\u00e1k \u00e9rt\u00e9kes\u00edt\u00e9se","publisher":{"@id":"https:\/\/vendingoutlet.org\/#organization"},"potentialAction":[{"@type":"SearchAction","target":{"@type":"EntryPoint","urlTemplate":"https:\/\/vendingoutlet.org\/?s={search_term_string}"},"query-input":{"@type":"PropertyValueSpecification","valueRequired":true,"valueName":"search_term_string"}}],"inLanguage":"de"},{"@type":"Organization","@id":"https:\/\/vendingoutlet.org\/#organization","name":"Vendingoutlet","url":"https:\/\/vendingoutlet.org\/","logo":{"@type":"ImageObject","inLanguage":"de","@id":"https:\/\/vendingoutlet.org\/#\/schema\/logo\/image\/","url":"https:\/\/vendingoutlet.org\/wp-content\/uploads\/2023\/04\/loho-blue.svg","contentUrl":"https:\/\/vendingoutlet.org\/wp-content\/uploads\/2023\/04\/loho-blue.svg","width":349,"height":77,"caption":"Vendingoutlet"},"image":{"@id":"https:\/\/vendingoutlet.org\/#\/schema\/logo\/image\/"}}]}},"locations":[],"_links":{"self":[{"href":"https:\/\/vendingoutlet.org\/de\/wp-json\/wp\/v2\/product\/23879","targetHints":{"allow":["GET"]}}],"collection":[{"href":"https:\/\/vendingoutlet.org\/de\/wp-json\/wp\/v2\/product"}],"about":[{"href":"https:\/\/vendingoutlet.org\/de\/wp-json\/wp\/v2\/types\/product"}],"wp:featuredmedia":[{"embeddable":true,"href":"https:\/\/vendingoutlet.org\/de\/wp-json\/wp\/v2\/media\/26328"}],"wp:attachment":[{"href":"https:\/\/vendingoutlet.org\/de\/wp-json\/wp\/v2\/media?parent=23879"}],"wp:term":[{"taxonomy":"location","embeddable":true,"href":"https:\/\/vendingoutlet.org\/de\/wp-json\/wp\/v2\/location?post=23879"},{"taxonomy":"product_brand","embeddable":true,"href":"https:\/\/vendingoutlet.org\/de\/wp-json\/wp\/v2\/product_brand?post=23879"},{"taxonomy":"product_cat","embeddable":true,"href":"https:\/\/vendingoutlet.org\/de\/wp-json\/wp\/v2\/product_cat?post=23879"},{"taxonomy":"product_tag","embeddable":true,"href":"https:\/\/vendingoutlet.org\/de\/wp-json\/wp\/v2\/product_tag?post=23879"}],"curies":[{"name":"wp","href":"https:\/\/api.w.org\/{rel}","templated":true}]}}