{"id":23509,"date":"2023-07-26T10:04:20","date_gmt":"2023-07-26T08:04:20","guid":{"rendered":"https:\/\/vendingoutlet.org\/?post_type=product&#038;p=23509"},"modified":"2026-04-14T15:10:00","modified_gmt":"2026-04-14T13:10:00","slug":"vendo-g-drink-gf6","status":"publish","type":"product","link":"https:\/\/vendingoutlet.org\/de\/termek\/vendo-g-drink-gf6\/","title":{"rendered":"Vendo G-Drink GF6"},"content":{"rendered":"<table class=\"cs9CFAC74A\" border=\"0\" cellspacing=\"0\" cellpadding=\"0\" width=\"394\" style=\"border-collapse:collapse\">\n<tr style=\"height:15pt\">\n<td class=\"csC208963A\" valign=\"bottom\" nowrap>\n<p class=\"cs95E872D0\"><span class=\"cs97EF4E27\">\u00a0<\/span><\/p>\n<\/td>\n<td class=\"cs5397F900\" valign=\"bottom\" nowrap>\n<p class=\"cs2E86D3A6\"><span class=\"cs97EF4E27\">\u00a0<\/span><\/p>\n<\/td>\n<\/tr>\n<tr style=\"height:15pt\">\n<td class=\"cs567C5E2F\" colspan=\"2\" nowrap>\n<p class=\"cs2E86D3A6\"><span class=\"cs9E3C48E3\">Vendo G-Drink GF6 &#8211; MAGYAR<\/span><\/p>\n<\/td>\n<\/tr>\n<tr style=\"height:15pt\">\n<td class=\"cs439BC674\" nowrap>\n<p class=\"cs95E872D0\"><span class=\"cs97EF4E27\">\u00a0<\/span><\/p>\n<\/td>\n<td class=\"csCFAC7D\" valign=\"bottom\" nowrap>\n<p class=\"cs2E86D3A6\"><span class=\"cs97EF4E27\">\u00a0<\/span><\/p>\n<\/td>\n<\/tr>\n<tr style=\"height:15pt\">\n<td class=\"csAE355C0E\" valign=\"bottom\" nowrap>\n<p class=\"cs95E872D0\"><span class=\"cs97EF4E27\">Bauliche Merkmale<\/span><\/p>\n<\/td>\n<td class=\"cs62FA654C\" valign=\"bottom\" nowrap>\n<p class=\"cs2E86D3A6\"><span class=\"cs97EF4E27\">\u00a0<\/span><\/p>\n<\/td>\n<\/tr>\n<tr style=\"height:15pt\">\n<td class=\"cs298864A3\" nowrap>\n<p class=\"cs95E872D0\"><span class=\"cs97EF4E27\">Abmessungen (B x H x T)<\/span><\/p>\n<\/td>\n<td class=\"csA1B2EDDD\" valign=\"bottom\" nowrap>\n<p class=\"cs2E86D3A6\"><span class=\"cs97EF4E27\">94 x 183 x 85 cm<\/span><\/p>\n<\/td>\n<\/tr>\n<tr style=\"height:15pt\">\n<td class=\"cs298864A3\" valign=\"bottom\" nowrap>\n<p class=\"cs95E872D0\"><span class=\"cs97EF4E27\">Gewicht<\/span><\/p>\n<\/td>\n<td class=\"csA1B2EDDD\" valign=\"bottom\" nowrap>\n<p class=\"cs2E86D3A6\"><span class=\"cs97EF4E27\">290 kg<\/span><\/p>\n<\/td>\n<\/tr>\n<tr style=\"height:15pt\">\n<td class=\"cs439BC674\" valign=\"bottom\" nowrap>\n<p class=\"cs95E872D0\"><span class=\"cs97EF4E27\">\u00a0<\/span><\/p>\n<\/td>\n<td class=\"csCFAC7D\" valign=\"bottom\" nowrap>\n<p class=\"cs2E86D3A6\"><span class=\"cs97EF4E27\">\u00a0<\/span><\/p>\n<\/td>\n<\/tr>\n<tr style=\"height:15pt\">\n<td class=\"csAE355C0E\" valign=\"bottom\" nowrap>\n<p class=\"cs95E872D0\"><span class=\"cs97EF4E27\">Elektronische Merkmale<\/span><\/p>\n<\/td>\n<td class=\"cs62FA654C\" valign=\"bottom\" nowrap>\n<p class=\"cs2E86D3A6\"><span class=\"cs97EF4E27\">\u00a0<\/span><\/p>\n<\/td>\n<\/tr>\n<tr style=\"height:15pt\">\n<td class=\"cs298864A3\" valign=\"bottom\" nowrap>\n<p class=\"cs95E872D0\"><span class=\"cs97EF4E27\">Stromversorgung<\/span><\/p>\n<\/td>\n<td class=\"csA1B2EDDD\" valign=\"bottom\" nowrap>\n<p class=\"cs2E86D3A6\"><span class=\"cs97EF4E27\">230 V \/ 50 Hz<\/span><\/p>\n<\/td>\n<\/tr>\n<tr style=\"height:15pt\">\n<td class=\"cs298864A3\" valign=\"bottom\" nowrap>\n<p class=\"cs95E872D0\"><span class=\"cs97EF4E27\">Energieverbrauch<\/span><\/p>\n<\/td>\n<td class=\"csA1B2EDDD\" valign=\"bottom\" nowrap>\n<p class=\"cs2E86D3A6\"><span class=\"cs97EF4E27\">\u00a0<\/span><\/p>\n<\/td>\n<\/tr>\n<tr style=\"height:15pt\">\n<td class=\"cs439BC674\" valign=\"bottom\" nowrap>\n<p class=\"cs95E872D0\"><span class=\"cs97EF4E27\">\u00a0<\/span><\/p>\n<\/td>\n<td class=\"csCFAC7D\" valign=\"bottom\" nowrap>\n<p class=\"cs2E86D3A6\"><span class=\"cs97EF4E27\">\u00a0<\/span><\/p>\n<\/td>\n<\/tr>\n<tr style=\"height:15pt\">\n<td class=\"csAE355C0E\" valign=\"bottom\" nowrap>\n<p class=\"cs95E872D0\"><span class=\"cs97EF4E27\">Wasseranschluss<\/span><\/p>\n<\/td>\n<td class=\"cs62FA654C\" valign=\"bottom\" nowrap>\n<p class=\"cs2E86D3A6\"><span class=\"cs97EF4E27\">\u00a0<\/span><\/p>\n<\/td>\n<\/tr>\n<tr style=\"height:15pt\">\n<td class=\"cs298864A3\" valign=\"bottom\" nowrap>\n<p class=\"cs95E872D0\"><span class=\"cs97EF4E27\">Wasseranschluss<\/span><\/p>\n<\/td>\n<td class=\"csA1B2EDDD\" valign=\"bottom\" nowrap>\n<p class=\"cs2E86D3A6\"><span class=\"cs97EF4E27\">&#8211;<\/span><\/p>\n<\/td>\n<\/tr>\n<tr style=\"height:15pt\">\n<td class=\"cs439BC674\" valign=\"bottom\" nowrap>\n<p class=\"cs95E872D0\"><span class=\"cs97EF4E27\">Wasseranschluss<\/span><\/p>\n<\/td>\n<td class=\"csCFAC7D\" valign=\"bottom\" nowrap>\n<p class=\"cs2E86D3A6\"><span class=\"cs97EF4E27\">&#8211;<\/span><\/p>\n<\/td>\n<\/tr>\n<tr style=\"height:15pt\">\n<td class=\"cs298864A3\" valign=\"bottom\" nowrap>\n<p class=\"cs95E872D0\"><span class=\"cs97EF4E27\">\u00a0<\/span><\/p>\n<\/td>\n<td class=\"csA1B2EDDD\" valign=\"bottom\">\n<p class=\"cs2E86D3A6\"><span class=\"cs97EF4E27\">\u00a0<\/span><\/p>\n<\/td>\n<\/tr>\n<tr style=\"height:15pt\">\n<td class=\"cs298864A3\" valign=\"bottom\" nowrap>\n<p class=\"cs95E872D0\"><span class=\"cs97EF4E27\">Separater Wassertank<\/span><\/p>\n<\/td>\n<td class=\"csA1B2EDDD\" valign=\"bottom\" nowrap>\n<p class=\"cs2E86D3A6\"><span class=\"cs97EF4E27\">&#8211;<\/span><\/p>\n<\/td>\n<\/tr>\n<tr style=\"height:15pt\">\n<td class=\"cs439BC674\" valign=\"bottom\" nowrap>\n<p class=\"cs95E872D0\"><span class=\"cs97EF4E27\">\u00a0<\/span><\/p>\n<\/td>\n<td class=\"csCFAC7D\" valign=\"bottom\" nowrap>\n<p class=\"cs2E86D3A6\"><span class=\"cs97EF4E27\">\u00a0<\/span><\/p>\n<\/td>\n<\/tr>\n<tr style=\"height:15pt\">\n<td class=\"csAE355C0E\" valign=\"bottom\" nowrap>\n<p class=\"cs95E872D0\"><span class=\"cs97EF4E27\">Weitere Merkmale<\/span><\/p>\n<\/td>\n<td class=\"cs62FA654C\" valign=\"bottom\" nowrap>\n<p class=\"cs2E86D3A6\"><span class=\"cs97EF4E27\">\u00a0<\/span><\/p>\n<\/td>\n<\/tr>\n<tr style=\"height:15pt\">\n<td class=\"cs298864A3\" valign=\"bottom\" nowrap>\n<p class=\"cs95E872D0\"><span class=\"cs97EF4E27\">Becher (70\u201371 mm)<\/span><\/p>\n<\/td>\n<td class=\"csA1B2EDDD\" valign=\"bottom\" nowrap>\n<p class=\"cs2E86D3A6\"><span class=\"cs97EF4E27\">&#8211;<\/span><\/p>\n<\/td>\n<\/tr>\n<tr style=\"height:15pt\">\n<td class=\"cs298864A3\" valign=\"bottom\" nowrap>\n<p class=\"cs95E872D0\"><span class=\"cs97EF4E27\">Mixer<\/span><\/p>\n<\/td>\n<td class=\"csA1B2EDDD\" valign=\"bottom\" nowrap>\n<p class=\"cs2E86D3A6\"><span class=\"cs97EF4E27\">&#8211;<\/span><\/p>\n<\/td>\n<\/tr>\n<tr style=\"height:15pt\">\n<td class=\"cs298864A3\" valign=\"bottom\" nowrap>\n<p class=\"cs95E872D0\"><span class=\"cs97EF4E27\">Kaffeebohnenbeh\u00e4lter<\/span><\/p>\n<\/td>\n<td class=\"csA1B2EDDD\" valign=\"bottom\" nowrap>\n<p class=\"cs2E86D3A6\"><span class=\"cs97EF4E27\">&#8211;<\/span><\/p>\n<\/td>\n<\/tr>\n<tr style=\"height:15pt\">\n<td class=\"cs298864A3\" valign=\"bottom\" nowrap>\n<p class=\"cs95E872D0\"><span class=\"cs97EF4E27\">Instant-Beh\u00e4lter<\/span><\/p>\n<\/td>\n<td class=\"csA1B2EDDD\" valign=\"bottom\" nowrap>\n<p class=\"cs2E86D3A6\"><span class=\"cs97EF4E27\">&#8211;<\/span><\/p>\n<\/td>\n<\/tr>\n<tr style=\"height:15.75pt\">\n<td class=\"cs298864A3\" valign=\"bottom\" nowrap>\n<p class=\"cs95E872D0\"><span class=\"cs97EF4E27\">Zuckerbeh\u00e4lter<\/span><\/p>\n<\/td>\n<td class=\"csA1B2EDDD\" valign=\"bottom\" nowrap>\n<p class=\"cs2E86D3A6\"><span class=\"cs97EF4E27\">&#8211;<\/span><\/p>\n<\/td>\n<\/tr>\n<\/table>\n<p class=\"cs2478469\"><span class=\"csBB6B59F5\">\u00a0<\/span><\/p>","protected":false},"excerpt":{"rendered":"<p>\u00a0 \u00a0 Vendo G-Drink GF6 &#8211; MAGYAR \u00a0 \u00a0 Struktur\u00e1lis jellemz\u0151k \u00a0 M\u00e9retek (Sz x Ma x M\u00e9) 94 x 183 x 85 cm S\u00faly 290 kg \u00a0 \u00a0 Elektronikus jellemz\u0151k \u00a0 T\u00e1pegys\u00e9g 230 V \/ 50 Hz Energiafogyaszt\u00e1s \u00a0 \u00a0 \u00a0 V\u00edzcsatlakoz\u00e1s \u00a0 V\u00edzcsatlakoz\u00e1s &#8211; V\u00edzell\u00e1t\u00e1s &#8211; \u00a0 \u00a0 K\u00fcl\u00f6n\u00e1ll\u00f3 v\u00edztart\u00e1ly &#8211; \u00a0 \u00a0 &#8230; <a title=\"Vendo G-Drink GF6\" class=\"read-more\" href=\"https:\/\/vendingoutlet.org\/de\/termek\/vendo-g-drink-gf6\/\" aria-label=\"Mehr Informationen \u00fcber Vendo G-Drink GF6\">Weiterlesen<\/a><\/p>","protected":false},"featured_media":24864,"template":"","meta":{"_acf_changed":false,"content-type":""},"location":[],"product_brand":[],"product_cat":[41],"product_tag":[],"class_list":{"0":"post-23509","1":"product","2":"type-product","3":"status-publish","4":"has-post-thumbnail","6":"product_cat-udito-automatak","8":"first","9":"outofstock","10":"shipping-taxable","11":"product-type-simple"},"acf":[],"yoast_head":"<!-- This site is optimized with the Yoast SEO plugin v27.4 - https:\/\/yoast.com\/product\/yoast-seo-wordpress\/ -->\n<title>Vendo G-Drink GF6 - Vendingoutlet<\/title>\n<meta name=\"robots\" content=\"index, follow, max-snippet:-1, max-image-preview:large, max-video-preview:-1\" \/>\n<link rel=\"canonical\" href=\"https:\/\/vendingoutlet.org\/de\/produkt\/vendo-g-drink-gf6\/\" \/>\n<meta property=\"og:locale\" content=\"de_DE\" \/>\n<meta property=\"og:type\" content=\"article\" \/>\n<meta property=\"og:title\" content=\"Vendo G-Drink GF6 - Vendingoutlet\" \/>\n<meta property=\"og:description\" content=\"\u00a0 \u00a0 Vendo G-Drink GF6 &#8211; MAGYAR \u00a0 \u00a0 Struktur\u00e1lis jellemz\u0151k \u00a0 M\u00e9retek (Sz x Ma x M\u00e9) 94 x 183 x 85 cm S\u00faly 290 kg \u00a0 \u00a0 Elektronikus jellemz\u0151k \u00a0 T\u00e1pegys\u00e9g 230 V \/ 50 Hz Energiafogyaszt\u00e1s \u00a0 \u00a0 \u00a0 V\u00edzcsatlakoz\u00e1s \u00a0 V\u00edzcsatlakoz\u00e1s &#8211; V\u00edzell\u00e1t\u00e1s &#8211; \u00a0 \u00a0 K\u00fcl\u00f6n\u00e1ll\u00f3 v\u00edztart\u00e1ly &#8211; \u00a0 \u00a0 ... Weiterlesen\" \/>\n<meta property=\"og:url\" content=\"https:\/\/vendingoutlet.org\/de\/produkt\/vendo-g-drink-gf6\/\" \/>\n<meta property=\"og:site_name\" content=\"Vendingoutlet\" \/>\n<meta property=\"article:modified_time\" content=\"2026-04-14T13:10:00+00:00\" \/>\n<meta property=\"og:image\" content=\"https:\/\/vendingoutlet.org\/wp-content\/uploads\/2023\/08\/Vendo-G-Drink-GF6-scaled.jpg\" \/>\n\t<meta property=\"og:image:width\" content=\"2560\" \/>\n\t<meta property=\"og:image:height\" content=\"2560\" \/>\n\t<meta property=\"og:image:type\" content=\"image\/jpeg\" \/>\n<meta name=\"twitter:card\" content=\"summary_large_image\" \/>\n<script type=\"application\/ld+json\" class=\"yoast-schema-graph\">{\"@context\":\"https:\\\/\\\/schema.org\",\"@graph\":[{\"@type\":\"WebPage\",\"@id\":\"https:\\\/\\\/vendingoutlet.org\\\/termek\\\/vendo-g-drink-gf6\\\/\",\"url\":\"https:\\\/\\\/vendingoutlet.org\\\/termek\\\/vendo-g-drink-gf6\\\/\",\"name\":\"Vendo G-Drink GF6 - Vendingoutlet\",\"isPartOf\":{\"@id\":\"https:\\\/\\\/vendingoutlet.org\\\/#website\"},\"primaryImageOfPage\":{\"@id\":\"https:\\\/\\\/vendingoutlet.org\\\/termek\\\/vendo-g-drink-gf6\\\/#primaryimage\"},\"image\":{\"@id\":\"https:\\\/\\\/vendingoutlet.org\\\/termek\\\/vendo-g-drink-gf6\\\/#primaryimage\"},\"thumbnailUrl\":\"https:\\\/\\\/vendingoutlet.org\\\/wp-content\\\/uploads\\\/2023\\\/08\\\/Vendo-G-Drink-GF6-scaled.jpg\",\"datePublished\":\"2023-07-26T08:04:20+00:00\",\"dateModified\":\"2026-04-14T13:10:00+00:00\",\"breadcrumb\":{\"@id\":\"https:\\\/\\\/vendingoutlet.org\\\/termek\\\/vendo-g-drink-gf6\\\/#breadcrumb\"},\"inLanguage\":\"de\",\"potentialAction\":[{\"@type\":\"ReadAction\",\"target\":[\"https:\\\/\\\/vendingoutlet.org\\\/termek\\\/vendo-g-drink-gf6\\\/\"]}]},{\"@type\":\"ImageObject\",\"inLanguage\":\"de\",\"@id\":\"https:\\\/\\\/vendingoutlet.org\\\/termek\\\/vendo-g-drink-gf6\\\/#primaryimage\",\"url\":\"https:\\\/\\\/vendingoutlet.org\\\/wp-content\\\/uploads\\\/2023\\\/08\\\/Vendo-G-Drink-GF6-scaled.jpg\",\"contentUrl\":\"https:\\\/\\\/vendingoutlet.org\\\/wp-content\\\/uploads\\\/2023\\\/08\\\/Vendo-G-Drink-GF6-scaled.jpg\",\"width\":2560,\"height\":2560},{\"@type\":\"BreadcrumbList\",\"@id\":\"https:\\\/\\\/vendingoutlet.org\\\/termek\\\/vendo-g-drink-gf6\\\/#breadcrumb\",\"itemListElement\":[{\"@type\":\"ListItem\",\"position\":1,\"name\":\"Kezd\u0151lap\",\"item\":\"https:\\\/\\\/vendingoutlet.org\\\/\"},{\"@type\":\"ListItem\",\"position\":2,\"name\":\"Term\u00e9kek\",\"item\":\"https:\\\/\\\/vendingoutlet.org\\\/shop\\\/\"},{\"@type\":\"ListItem\",\"position\":3,\"name\":\"Vendo G-Drink GF6\"}]},{\"@type\":\"WebSite\",\"@id\":\"https:\\\/\\\/vendingoutlet.org\\\/#website\",\"url\":\"https:\\\/\\\/vendingoutlet.org\\\/\",\"name\":\"Vendingoutlet\",\"description\":\"Haszn\u00e1lt \u00e1rus\u00edt\u00f3 automat\u00e1k \u00e9rt\u00e9kes\u00edt\u00e9se\",\"publisher\":{\"@id\":\"https:\\\/\\\/vendingoutlet.org\\\/#organization\"},\"potentialAction\":[{\"@type\":\"SearchAction\",\"target\":{\"@type\":\"EntryPoint\",\"urlTemplate\":\"https:\\\/\\\/vendingoutlet.org\\\/?s={search_term_string}\"},\"query-input\":{\"@type\":\"PropertyValueSpecification\",\"valueRequired\":true,\"valueName\":\"search_term_string\"}}],\"inLanguage\":\"de\"},{\"@type\":\"Organization\",\"@id\":\"https:\\\/\\\/vendingoutlet.org\\\/#organization\",\"name\":\"Vendingoutlet\",\"url\":\"https:\\\/\\\/vendingoutlet.org\\\/\",\"logo\":{\"@type\":\"ImageObject\",\"inLanguage\":\"de\",\"@id\":\"https:\\\/\\\/vendingoutlet.org\\\/#\\\/schema\\\/logo\\\/image\\\/\",\"url\":\"https:\\\/\\\/vendingoutlet.org\\\/wp-content\\\/uploads\\\/2023\\\/04\\\/loho-blue.svg\",\"contentUrl\":\"https:\\\/\\\/vendingoutlet.org\\\/wp-content\\\/uploads\\\/2023\\\/04\\\/loho-blue.svg\",\"width\":349,\"height\":77,\"caption\":\"Vendingoutlet\"},\"image\":{\"@id\":\"https:\\\/\\\/vendingoutlet.org\\\/#\\\/schema\\\/logo\\\/image\\\/\"}}]}<\/script>\n<!-- \/ Yoast SEO plugin. -->","yoast_head_json":{"title":"Vendo G-Drink GF6 - Vendingoutlet","robots":{"index":"index","follow":"follow","max-snippet":"max-snippet:-1","max-image-preview":"max-image-preview:large","max-video-preview":"max-video-preview:-1"},"canonical":"https:\/\/vendingoutlet.org\/de\/produkt\/vendo-g-drink-gf6\/","og_locale":"de_DE","og_type":"article","og_title":"Vendo G-Drink GF6 - Vendingoutlet","og_description":"\u00a0 \u00a0 Vendo G-Drink GF6 &#8211; MAGYAR \u00a0 \u00a0 Struktur\u00e1lis jellemz\u0151k \u00a0 M\u00e9retek (Sz x Ma x M\u00e9) 94 x 183 x 85 cm S\u00faly 290 kg \u00a0 \u00a0 Elektronikus jellemz\u0151k \u00a0 T\u00e1pegys\u00e9g 230 V \/ 50 Hz Energiafogyaszt\u00e1s \u00a0 \u00a0 \u00a0 V\u00edzcsatlakoz\u00e1s \u00a0 V\u00edzcsatlakoz\u00e1s &#8211; V\u00edzell\u00e1t\u00e1s &#8211; \u00a0 \u00a0 K\u00fcl\u00f6n\u00e1ll\u00f3 v\u00edztart\u00e1ly &#8211; \u00a0 \u00a0 ... Weiterlesen","og_url":"https:\/\/vendingoutlet.org\/de\/produkt\/vendo-g-drink-gf6\/","og_site_name":"Vendingoutlet","article_modified_time":"2026-04-14T13:10:00+00:00","og_image":[{"width":2560,"height":2560,"url":"https:\/\/vendingoutlet.org\/wp-content\/uploads\/2023\/08\/Vendo-G-Drink-GF6-scaled.jpg","type":"image\/jpeg"}],"twitter_card":"summary_large_image","schema":{"@context":"https:\/\/schema.org","@graph":[{"@type":"WebPage","@id":"https:\/\/vendingoutlet.org\/termek\/vendo-g-drink-gf6\/","url":"https:\/\/vendingoutlet.org\/termek\/vendo-g-drink-gf6\/","name":"Vendo G-Drink GF6 - Vendingoutlet","isPartOf":{"@id":"https:\/\/vendingoutlet.org\/#website"},"primaryImageOfPage":{"@id":"https:\/\/vendingoutlet.org\/termek\/vendo-g-drink-gf6\/#primaryimage"},"image":{"@id":"https:\/\/vendingoutlet.org\/termek\/vendo-g-drink-gf6\/#primaryimage"},"thumbnailUrl":"https:\/\/vendingoutlet.org\/wp-content\/uploads\/2023\/08\/Vendo-G-Drink-GF6-scaled.jpg","datePublished":"2023-07-26T08:04:20+00:00","dateModified":"2026-04-14T13:10:00+00:00","breadcrumb":{"@id":"https:\/\/vendingoutlet.org\/termek\/vendo-g-drink-gf6\/#breadcrumb"},"inLanguage":"de","potentialAction":[{"@type":"ReadAction","target":["https:\/\/vendingoutlet.org\/termek\/vendo-g-drink-gf6\/"]}]},{"@type":"ImageObject","inLanguage":"de","@id":"https:\/\/vendingoutlet.org\/termek\/vendo-g-drink-gf6\/#primaryimage","url":"https:\/\/vendingoutlet.org\/wp-content\/uploads\/2023\/08\/Vendo-G-Drink-GF6-scaled.jpg","contentUrl":"https:\/\/vendingoutlet.org\/wp-content\/uploads\/2023\/08\/Vendo-G-Drink-GF6-scaled.jpg","width":2560,"height":2560},{"@type":"BreadcrumbList","@id":"https:\/\/vendingoutlet.org\/termek\/vendo-g-drink-gf6\/#breadcrumb","itemListElement":[{"@type":"ListItem","position":1,"name":"Kezd\u0151lap","item":"https:\/\/vendingoutlet.org\/"},{"@type":"ListItem","position":2,"name":"Term\u00e9kek","item":"https:\/\/vendingoutlet.org\/shop\/"},{"@type":"ListItem","position":3,"name":"Vendo G-Drink GF6"}]},{"@type":"WebSite","@id":"https:\/\/vendingoutlet.org\/#website","url":"https:\/\/vendingoutlet.org\/","name":"Vendingoutlet","description":"Haszn\u00e1lt \u00e1rus\u00edt\u00f3 automat\u00e1k \u00e9rt\u00e9kes\u00edt\u00e9se","publisher":{"@id":"https:\/\/vendingoutlet.org\/#organization"},"potentialAction":[{"@type":"SearchAction","target":{"@type":"EntryPoint","urlTemplate":"https:\/\/vendingoutlet.org\/?s={search_term_string}"},"query-input":{"@type":"PropertyValueSpecification","valueRequired":true,"valueName":"search_term_string"}}],"inLanguage":"de"},{"@type":"Organization","@id":"https:\/\/vendingoutlet.org\/#organization","name":"Vendingoutlet","url":"https:\/\/vendingoutlet.org\/","logo":{"@type":"ImageObject","inLanguage":"de","@id":"https:\/\/vendingoutlet.org\/#\/schema\/logo\/image\/","url":"https:\/\/vendingoutlet.org\/wp-content\/uploads\/2023\/04\/loho-blue.svg","contentUrl":"https:\/\/vendingoutlet.org\/wp-content\/uploads\/2023\/04\/loho-blue.svg","width":349,"height":77,"caption":"Vendingoutlet"},"image":{"@id":"https:\/\/vendingoutlet.org\/#\/schema\/logo\/image\/"}}]}},"locations":[],"_links":{"self":[{"href":"https:\/\/vendingoutlet.org\/de\/wp-json\/wp\/v2\/product\/23509","targetHints":{"allow":["GET"]}}],"collection":[{"href":"https:\/\/vendingoutlet.org\/de\/wp-json\/wp\/v2\/product"}],"about":[{"href":"https:\/\/vendingoutlet.org\/de\/wp-json\/wp\/v2\/types\/product"}],"wp:featuredmedia":[{"embeddable":true,"href":"https:\/\/vendingoutlet.org\/de\/wp-json\/wp\/v2\/media\/24864"}],"wp:attachment":[{"href":"https:\/\/vendingoutlet.org\/de\/wp-json\/wp\/v2\/media?parent=23509"}],"wp:term":[{"taxonomy":"location","embeddable":true,"href":"https:\/\/vendingoutlet.org\/de\/wp-json\/wp\/v2\/location?post=23509"},{"taxonomy":"product_brand","embeddable":true,"href":"https:\/\/vendingoutlet.org\/de\/wp-json\/wp\/v2\/product_brand?post=23509"},{"taxonomy":"product_cat","embeddable":true,"href":"https:\/\/vendingoutlet.org\/de\/wp-json\/wp\/v2\/product_cat?post=23509"},{"taxonomy":"product_tag","embeddable":true,"href":"https:\/\/vendingoutlet.org\/de\/wp-json\/wp\/v2\/product_tag?post=23509"}],"curies":[{"name":"wp","href":"https:\/\/api.w.org\/{rel}","templated":true}]}}