{"id":29084,"date":"2026-03-04T09:47:12","date_gmt":"2026-03-04T08:47:12","guid":{"rendered":"https:\/\/vendingoutlet.org\/?page_id=29084"},"modified":"2026-03-04T10:36:16","modified_gmt":"2026-03-04T09:36:16","slug":"sirha-sikeres-jelentkezes","status":"publish","type":"page","link":"https:\/\/vendingoutlet.org\/de\/sirha-sikeres-jelentkezes\/","title":{"rendered":"Sirha sikeres jelentkez\u00e9s"},"content":{"rendered":"<div data-elementor-type=\"wp-page\" data-elementor-id=\"29084\" class=\"elementor elementor-29084\" data-elementor-post-type=\"page\">\n\t\t\t\t\t\t<section class=\"elementor-section elementor-top-section elementor-element elementor-element-57bee09 elementor-section-boxed elementor-section-height-default elementor-section-height-default\" data-id=\"57bee09\" data-element_type=\"section\" data-e-type=\"section\">\n\t\t\t\t\t\t<div class=\"elementor-container elementor-column-gap-default\">\n\t\t\t\t\t<div class=\"elementor-column elementor-col-100 elementor-top-column elementor-element elementor-element-e3cea26\" data-id=\"e3cea26\" data-element_type=\"column\" data-e-type=\"column\">\n\t\t\t<div class=\"elementor-widget-wrap elementor-element-populated\">\n\t\t\t\t\t\t<div class=\"elementor-element elementor-element-2a1aa13 elementor-widget elementor-widget-image\" data-id=\"2a1aa13\" data-element_type=\"widget\" data-e-type=\"widget\" data-widget_type=\"image.default\">\n\t\t\t\t<div class=\"elementor-widget-container\">\n\t\t\t\t\t\t\t\t\t\t\t\t\t\t\t<img fetchpriority=\"high\" decoding=\"async\" width=\"636\" height=\"305\" src=\"https:\/\/vendingoutlet.org\/wp-content\/uploads\/2026\/03\/palotaygroupvertical.png\" class=\"attachment-large size-large wp-image-29078\" alt=\"\" srcset=\"https:\/\/vendingoutlet.org\/wp-content\/uploads\/2026\/03\/palotaygroupvertical.png 636w, https:\/\/vendingoutlet.org\/wp-content\/uploads\/2026\/03\/palotaygroupvertical-300x144.png 300w, https:\/\/vendingoutlet.org\/wp-content\/uploads\/2026\/03\/palotaygroupvertical-18x9.png 18w, https:\/\/vendingoutlet.org\/wp-content\/uploads\/2026\/03\/palotaygroupvertical-600x288.png 600w\" sizes=\"(max-width: 636px) 100vw, 636px\" \/>\t\t\t\t\t\t\t\t\t\t\t\t\t\t\t<\/div>\n\t\t\t\t<\/div>\n\t\t\t\t\t<\/div>\n\t\t<\/div>\n\t\t\t\t\t<\/div>\n\t\t<\/section>\n\t\t\t\t<section class=\"elementor-section elementor-top-section elementor-element elementor-element-72568de elementor-section-boxed elementor-section-height-default elementor-section-height-default\" data-id=\"72568de\" data-element_type=\"section\" data-e-type=\"section\">\n\t\t\t\t\t\t<div class=\"elementor-container elementor-column-gap-default\">\n\t\t\t\t\t<div class=\"elementor-column elementor-col-100 elementor-top-column elementor-element elementor-element-26e4f60\" data-id=\"26e4f60\" data-element_type=\"column\" data-e-type=\"column\">\n\t\t\t<div class=\"elementor-widget-wrap elementor-element-populated\">\n\t\t\t\t\t\t<div class=\"elementor-element elementor-element-6b61f48 elementor-widget elementor-widget-heading\" data-id=\"6b61f48\" data-element_type=\"widget\" data-e-type=\"widget\" data-widget_type=\"heading.default\">\n\t\t\t\t<div class=\"elementor-widget-container\">\n\t\t\t\t\t<h2 class=\"elementor-heading-title elementor-size-default\">SIKERES \u0170RLAP BEK\u00dcLD\u00c9S<\/h2>\t\t\t\t<\/div>\n\t\t\t\t<\/div>\n\t\t\t\t\t<\/div>\n\t\t<\/div>\n\t\t\t\t\t<\/div>\n\t\t<\/section>\n\t\t\t\t<section class=\"elementor-section elementor-top-section elementor-element elementor-element-8694023 elementor-section-boxed elementor-section-height-default elementor-section-height-default\" data-id=\"8694023\" data-element_type=\"section\" data-e-type=\"section\">\n\t\t\t\t\t\t<div class=\"elementor-container elementor-column-gap-default\">\n\t\t\t\t\t<div class=\"elementor-column elementor-col-100 elementor-top-column elementor-element elementor-element-960b3b2\" data-id=\"960b3b2\" data-element_type=\"column\" data-e-type=\"column\">\n\t\t\t<div class=\"elementor-widget-wrap elementor-element-populated\">\n\t\t\t\t\t\t<div class=\"elementor-element elementor-element-ab2b58b elementor-widget elementor-widget-heading\" data-id=\"ab2b58b\" data-element_type=\"widget\" data-e-type=\"widget\" data-widget_type=\"heading.default\">\n\t\t\t\t<div class=\"elementor-widget-container\">\n\t\t\t\t\t<h2 class=\"elementor-heading-title elementor-size-default\">Fedezd fel term\u00e9keinket \u00e9s szolg\u00e1ltat\u00e1sainkat!<\/h2>\t\t\t\t<\/div>\n\t\t\t\t<\/div>\n\t\t\t\t\t<\/div>\n\t\t<\/div>\n\t\t\t\t\t<\/div>\n\t\t<\/section>\n\t\t\t\t<section class=\"elementor-section elementor-top-section elementor-element elementor-element-a785f5f elementor-section-boxed elementor-section-height-default elementor-section-height-default\" data-id=\"a785f5f\" data-element_type=\"section\" data-e-type=\"section\" data-settings=\"{&quot;background_background&quot;:&quot;classic&quot;}\">\n\t\t\t\t\t\t<div class=\"elementor-container elementor-column-gap-default\">\n\t\t\t\t\t<div class=\"elementor-column elementor-col-100 elementor-top-column elementor-element elementor-element-ab52803\" data-id=\"ab52803\" data-element_type=\"column\" data-e-type=\"column\">\n\t\t\t<div class=\"elementor-widget-wrap elementor-element-populated\">\n\t\t\t\t\t\t<div class=\"elementor-element elementor-element-9332ba4 elementor-widget elementor-widget-image\" data-id=\"9332ba4\" data-element_type=\"widget\" data-e-type=\"widget\" data-widget_type=\"image.default\">\n\t\t\t\t<div class=\"elementor-widget-container\">\n\t\t\t\t\t\t\t\t\t\t\t\t\t\t\t\t<a href=\"\/de\/\">\n\t\t\t\t\t\t\t<img decoding=\"async\" width=\"222\" height=\"49\" src=\"https:\/\/vendingoutlet.org\/wp-content\/uploads\/2023\/04\/vendingoutlet-logo-white.svg\" class=\"attachment-large size-large wp-image-78\" alt=\"\" \/>\t\t\t\t\t\t\t\t<\/a>\n\t\t\t\t\t\t\t\t\t\t\t\t\t\t\t<\/div>\n\t\t\t\t<\/div>\n\t\t\t\t\t<\/div>\n\t\t<\/div>\n\t\t\t\t\t<\/div>\n\t\t<\/section>\n\t\t\t\t<section class=\"elementor-section elementor-top-section elementor-element elementor-element-6152836 elementor-section-boxed elementor-section-height-default elementor-section-height-default\" data-id=\"6152836\" data-element_type=\"section\" data-e-type=\"section\">\n\t\t\t\t\t\t<div class=\"elementor-container elementor-column-gap-default\">\n\t\t\t\t\t<div class=\"elementor-column elementor-col-100 elementor-top-column elementor-element elementor-element-d131a02\" data-id=\"d131a02\" data-element_type=\"column\" data-e-type=\"column\">\n\t\t\t<div class=\"elementor-widget-wrap elementor-element-populated\">\n\t\t\t\t\t\t<div class=\"elementor-element elementor-element-64128de elementor-widget elementor-widget-image\" data-id=\"64128de\" data-element_type=\"widget\" data-e-type=\"widget\" data-widget_type=\"image.default\">\n\t\t\t\t<div class=\"elementor-widget-container\">\n\t\t\t\t\t\t\t\t\t\t\t\t\t\t\t\t<a href=\"https:\/\/robotmarkt.eu\/\">\n\t\t\t\t\t\t\t<img decoding=\"async\" width=\"699\" height=\"195\" src=\"https:\/\/vendingoutlet.org\/wp-content\/uploads\/2026\/02\/RM_TP_2.png\" class=\"attachment-large size-large wp-image-28942\" alt=\"\" srcset=\"https:\/\/vendingoutlet.org\/wp-content\/uploads\/2026\/02\/RM_TP_2.png 699w, https:\/\/vendingoutlet.org\/wp-content\/uploads\/2026\/02\/RM_TP_2-300x84.png 300w, https:\/\/vendingoutlet.org\/wp-content\/uploads\/2026\/02\/RM_TP_2-18x5.png 18w, https:\/\/vendingoutlet.org\/wp-content\/uploads\/2026\/02\/RM_TP_2-600x167.png 600w\" sizes=\"(max-width: 699px) 100vw, 699px\" \/>\t\t\t\t\t\t\t\t<\/a>\n\t\t\t\t\t\t\t\t\t\t\t\t\t\t\t<\/div>\n\t\t\t\t<\/div>\n\t\t\t\t\t<\/div>\n\t\t<\/div>\n\t\t\t\t\t<\/div>\n\t\t<\/section>\n\t\t\t\t<section class=\"elementor-section elementor-top-section elementor-element elementor-element-a56c330 elementor-section-boxed elementor-section-height-default elementor-section-height-default\" data-id=\"a56c330\" data-element_type=\"section\" data-e-type=\"section\">\n\t\t\t\t\t\t<div class=\"elementor-container elementor-column-gap-default\">\n\t\t\t\t\t<div class=\"elementor-column elementor-col-100 elementor-top-column elementor-element elementor-element-1da9672\" data-id=\"1da9672\" data-element_type=\"column\" data-e-type=\"column\">\n\t\t\t<div class=\"elementor-widget-wrap elementor-element-populated\">\n\t\t\t\t\t\t<div class=\"elementor-element elementor-element-64b3ec2 elementor-widget elementor-widget-image\" data-id=\"64b3ec2\" data-element_type=\"widget\" data-e-type=\"widget\" data-widget_type=\"image.default\">\n\t\t\t\t<div class=\"elementor-widget-container\">\n\t\t\t\t\t\t\t\t\t\t\t\t\t\t\t\t<a href=\"https:\/\/sodaplus.hu\/\">\n\t\t\t\t\t\t\t<img loading=\"lazy\" decoding=\"async\" width=\"936\" height=\"596\" src=\"https:\/\/vendingoutlet.org\/wp-content\/uploads\/2026\/02\/sodaplus-logo-sarok-v3.webp\" class=\"attachment-large size-large wp-image-28941\" alt=\"\" srcset=\"https:\/\/vendingoutlet.org\/wp-content\/uploads\/2026\/02\/sodaplus-logo-sarok-v3.webp 936w, https:\/\/vendingoutlet.org\/wp-content\/uploads\/2026\/02\/sodaplus-logo-sarok-v3-300x191.webp 300w, https:\/\/vendingoutlet.org\/wp-content\/uploads\/2026\/02\/sodaplus-logo-sarok-v3-768x489.webp 768w, https:\/\/vendingoutlet.org\/wp-content\/uploads\/2026\/02\/sodaplus-logo-sarok-v3-18x12.webp 18w, https:\/\/vendingoutlet.org\/wp-content\/uploads\/2026\/02\/sodaplus-logo-sarok-v3-600x382.webp 600w\" sizes=\"(max-width: 936px) 100vw, 936px\" \/>\t\t\t\t\t\t\t\t<\/a>\n\t\t\t\t\t\t\t\t\t\t\t\t\t\t\t<\/div>\n\t\t\t\t<\/div>\n\t\t\t\t\t<\/div>\n\t\t<\/div>\n\t\t\t\t\t<\/div>\n\t\t<\/section>\n\t\t\t\t<\/div>","protected":false},"excerpt":{"rendered":"<p>SIKERES \u0170RLAP BEK\u00dcLD\u00c9S Fedezd fel term\u00e9keinket \u00e9s szolg\u00e1ltat\u00e1sainkat!<\/p>","protected":false},"author":2,"featured_media":0,"parent":0,"menu_order":0,"comment_status":"closed","ping_status":"closed","template":"elementor_canvas","meta":{"_acf_changed":false,"content-type":"","footnotes":""},"class_list":["post-29084","page","type-page","status-publish"],"acf":[],"yoast_head":"<!-- This site is optimized with the Yoast SEO plugin v27.4 - https:\/\/yoast.com\/product\/yoast-seo-wordpress\/ -->\n<title>Sirha sikeres jelentkez\u00e9s - Vendingoutlet<\/title>\n<meta name=\"robots\" content=\"index, follow, max-snippet:-1, max-image-preview:large, max-video-preview:-1\" \/>\n<link rel=\"canonical\" href=\"https:\/\/vendingoutlet.org\/de\/sirha-sikeres-jelentkezes\/\" \/>\n<meta property=\"og:locale\" content=\"de_DE\" \/>\n<meta property=\"og:type\" content=\"article\" \/>\n<meta property=\"og:title\" content=\"Sirha sikeres jelentkez\u00e9s - Vendingoutlet\" \/>\n<meta property=\"og:description\" content=\"SIKERES \u0170RLAP BEK\u00dcLD\u00c9S Fedezd fel term\u00e9keinket \u00e9s szolg\u00e1ltat\u00e1sainkat!\" \/>\n<meta property=\"og:url\" content=\"https:\/\/vendingoutlet.org\/de\/sirha-sikeres-jelentkezes\/\" \/>\n<meta property=\"og:site_name\" content=\"Vendingoutlet\" \/>\n<meta property=\"article:modified_time\" content=\"2026-03-04T09:36:16+00:00\" \/>\n<meta property=\"og:image\" content=\"https:\/\/vendingoutlet.org\/wp-content\/uploads\/2026\/03\/palotaygroupvertical.png\" \/>\n\t<meta property=\"og:image:width\" content=\"636\" \/>\n\t<meta property=\"og:image:height\" content=\"305\" \/>\n\t<meta property=\"og:image:type\" content=\"image\/png\" \/>\n<meta name=\"twitter:card\" content=\"summary_large_image\" \/>\n<script type=\"application\/ld+json\" class=\"yoast-schema-graph\">{\"@context\":\"https:\\\/\\\/schema.org\",\"@graph\":[{\"@type\":\"WebPage\",\"@id\":\"https:\\\/\\\/vendingoutlet.org\\\/sirha-sikeres-jelentkezes\\\/\",\"url\":\"https:\\\/\\\/vendingoutlet.org\\\/sirha-sikeres-jelentkezes\\\/\",\"name\":\"Sirha sikeres jelentkez\u00e9s - Vendingoutlet\",\"isPartOf\":{\"@id\":\"https:\\\/\\\/vendingoutlet.org\\\/#website\"},\"primaryImageOfPage\":{\"@id\":\"https:\\\/\\\/vendingoutlet.org\\\/sirha-sikeres-jelentkezes\\\/#primaryimage\"},\"image\":{\"@id\":\"https:\\\/\\\/vendingoutlet.org\\\/sirha-sikeres-jelentkezes\\\/#primaryimage\"},\"thumbnailUrl\":\"https:\\\/\\\/vendingoutlet.org\\\/wp-content\\\/uploads\\\/2026\\\/03\\\/palotaygroupvertical.png\",\"datePublished\":\"2026-03-04T08:47:12+00:00\",\"dateModified\":\"2026-03-04T09:36:16+00:00\",\"breadcrumb\":{\"@id\":\"https:\\\/\\\/vendingoutlet.org\\\/sirha-sikeres-jelentkezes\\\/#breadcrumb\"},\"inLanguage\":\"de\",\"potentialAction\":[{\"@type\":\"ReadAction\",\"target\":[\"https:\\\/\\\/vendingoutlet.org\\\/sirha-sikeres-jelentkezes\\\/\"]}]},{\"@type\":\"ImageObject\",\"inLanguage\":\"de\",\"@id\":\"https:\\\/\\\/vendingoutlet.org\\\/sirha-sikeres-jelentkezes\\\/#primaryimage\",\"url\":\"https:\\\/\\\/vendingoutlet.org\\\/wp-content\\\/uploads\\\/2026\\\/03\\\/palotaygroupvertical.png\",\"contentUrl\":\"https:\\\/\\\/vendingoutlet.org\\\/wp-content\\\/uploads\\\/2026\\\/03\\\/palotaygroupvertical.png\"},{\"@type\":\"BreadcrumbList\",\"@id\":\"https:\\\/\\\/vendingoutlet.org\\\/sirha-sikeres-jelentkezes\\\/#breadcrumb\",\"itemListElement\":[{\"@type\":\"ListItem\",\"position\":1,\"name\":\"Kezd\u0151lap\",\"item\":\"https:\\\/\\\/vendingoutlet.org\\\/\"},{\"@type\":\"ListItem\",\"position\":2,\"name\":\"Sirha sikeres jelentkez\u00e9s\"}]},{\"@type\":\"WebSite\",\"@id\":\"https:\\\/\\\/vendingoutlet.org\\\/#website\",\"url\":\"https:\\\/\\\/vendingoutlet.org\\\/\",\"name\":\"Vendingoutlet\",\"description\":\"Haszn\u00e1lt \u00e1rus\u00edt\u00f3 automat\u00e1k \u00e9rt\u00e9kes\u00edt\u00e9se\",\"publisher\":{\"@id\":\"https:\\\/\\\/vendingoutlet.org\\\/#organization\"},\"potentialAction\":[{\"@type\":\"SearchAction\",\"target\":{\"@type\":\"EntryPoint\",\"urlTemplate\":\"https:\\\/\\\/vendingoutlet.org\\\/?s={search_term_string}\"},\"query-input\":{\"@type\":\"PropertyValueSpecification\",\"valueRequired\":true,\"valueName\":\"search_term_string\"}}],\"inLanguage\":\"de\"},{\"@type\":\"Organization\",\"@id\":\"https:\\\/\\\/vendingoutlet.org\\\/#organization\",\"name\":\"Vendingoutlet\",\"url\":\"https:\\\/\\\/vendingoutlet.org\\\/\",\"logo\":{\"@type\":\"ImageObject\",\"inLanguage\":\"de\",\"@id\":\"https:\\\/\\\/vendingoutlet.org\\\/#\\\/schema\\\/logo\\\/image\\\/\",\"url\":\"https:\\\/\\\/vendingoutlet.org\\\/wp-content\\\/uploads\\\/2023\\\/04\\\/loho-blue.svg\",\"contentUrl\":\"https:\\\/\\\/vendingoutlet.org\\\/wp-content\\\/uploads\\\/2023\\\/04\\\/loho-blue.svg\",\"width\":349,\"height\":77,\"caption\":\"Vendingoutlet\"},\"image\":{\"@id\":\"https:\\\/\\\/vendingoutlet.org\\\/#\\\/schema\\\/logo\\\/image\\\/\"}}]}<\/script>\n<!-- \/ Yoast SEO plugin. -->","yoast_head_json":{"title":"Sirha sikeres jelentkez\u00e9s - Vendingoutlet","robots":{"index":"index","follow":"follow","max-snippet":"max-snippet:-1","max-image-preview":"max-image-preview:large","max-video-preview":"max-video-preview:-1"},"canonical":"https:\/\/vendingoutlet.org\/de\/sirha-sikeres-jelentkezes\/","og_locale":"de_DE","og_type":"article","og_title":"Sirha sikeres jelentkez\u00e9s - Vendingoutlet","og_description":"SIKERES \u0170RLAP BEK\u00dcLD\u00c9S Fedezd fel term\u00e9keinket \u00e9s szolg\u00e1ltat\u00e1sainkat!","og_url":"https:\/\/vendingoutlet.org\/de\/sirha-sikeres-jelentkezes\/","og_site_name":"Vendingoutlet","article_modified_time":"2026-03-04T09:36:16+00:00","og_image":[{"width":636,"height":305,"url":"https:\/\/vendingoutlet.org\/wp-content\/uploads\/2026\/03\/palotaygroupvertical.png","type":"image\/png"}],"twitter_card":"summary_large_image","schema":{"@context":"https:\/\/schema.org","@graph":[{"@type":"WebPage","@id":"https:\/\/vendingoutlet.org\/sirha-sikeres-jelentkezes\/","url":"https:\/\/vendingoutlet.org\/sirha-sikeres-jelentkezes\/","name":"Sirha sikeres jelentkez\u00e9s - Vendingoutlet","isPartOf":{"@id":"https:\/\/vendingoutlet.org\/#website"},"primaryImageOfPage":{"@id":"https:\/\/vendingoutlet.org\/sirha-sikeres-jelentkezes\/#primaryimage"},"image":{"@id":"https:\/\/vendingoutlet.org\/sirha-sikeres-jelentkezes\/#primaryimage"},"thumbnailUrl":"https:\/\/vendingoutlet.org\/wp-content\/uploads\/2026\/03\/palotaygroupvertical.png","datePublished":"2026-03-04T08:47:12+00:00","dateModified":"2026-03-04T09:36:16+00:00","breadcrumb":{"@id":"https:\/\/vendingoutlet.org\/sirha-sikeres-jelentkezes\/#breadcrumb"},"inLanguage":"de","potentialAction":[{"@type":"ReadAction","target":["https:\/\/vendingoutlet.org\/sirha-sikeres-jelentkezes\/"]}]},{"@type":"ImageObject","inLanguage":"de","@id":"https:\/\/vendingoutlet.org\/sirha-sikeres-jelentkezes\/#primaryimage","url":"https:\/\/vendingoutlet.org\/wp-content\/uploads\/2026\/03\/palotaygroupvertical.png","contentUrl":"https:\/\/vendingoutlet.org\/wp-content\/uploads\/2026\/03\/palotaygroupvertical.png"},{"@type":"BreadcrumbList","@id":"https:\/\/vendingoutlet.org\/sirha-sikeres-jelentkezes\/#breadcrumb","itemListElement":[{"@type":"ListItem","position":1,"name":"Kezd\u0151lap","item":"https:\/\/vendingoutlet.org\/"},{"@type":"ListItem","position":2,"name":"Sirha sikeres jelentkez\u00e9s"}]},{"@type":"WebSite","@id":"https:\/\/vendingoutlet.org\/#website","url":"https:\/\/vendingoutlet.org\/","name":"Vendingoutlet","description":"Haszn\u00e1lt \u00e1rus\u00edt\u00f3 automat\u00e1k \u00e9rt\u00e9kes\u00edt\u00e9se","publisher":{"@id":"https:\/\/vendingoutlet.org\/#organization"},"potentialAction":[{"@type":"SearchAction","target":{"@type":"EntryPoint","urlTemplate":"https:\/\/vendingoutlet.org\/?s={search_term_string}"},"query-input":{"@type":"PropertyValueSpecification","valueRequired":true,"valueName":"search_term_string"}}],"inLanguage":"de"},{"@type":"Organization","@id":"https:\/\/vendingoutlet.org\/#organization","name":"Vendingoutlet","url":"https:\/\/vendingoutlet.org\/","logo":{"@type":"ImageObject","inLanguage":"de","@id":"https:\/\/vendingoutlet.org\/#\/schema\/logo\/image\/","url":"https:\/\/vendingoutlet.org\/wp-content\/uploads\/2023\/04\/loho-blue.svg","contentUrl":"https:\/\/vendingoutlet.org\/wp-content\/uploads\/2023\/04\/loho-blue.svg","width":349,"height":77,"caption":"Vendingoutlet"},"image":{"@id":"https:\/\/vendingoutlet.org\/#\/schema\/logo\/image\/"}}]}},"_links":{"self":[{"href":"https:\/\/vendingoutlet.org\/de\/wp-json\/wp\/v2\/pages\/29084","targetHints":{"allow":["GET"]}}],"collection":[{"href":"https:\/\/vendingoutlet.org\/de\/wp-json\/wp\/v2\/pages"}],"about":[{"href":"https:\/\/vendingoutlet.org\/de\/wp-json\/wp\/v2\/types\/page"}],"author":[{"embeddable":true,"href":"https:\/\/vendingoutlet.org\/de\/wp-json\/wp\/v2\/users\/2"}],"replies":[{"embeddable":true,"href":"https:\/\/vendingoutlet.org\/de\/wp-json\/wp\/v2\/comments?post=29084"}],"version-history":[{"count":16,"href":"https:\/\/vendingoutlet.org\/de\/wp-json\/wp\/v2\/pages\/29084\/revisions"}],"predecessor-version":[{"id":29110,"href":"https:\/\/vendingoutlet.org\/de\/wp-json\/wp\/v2\/pages\/29084\/revisions\/29110"}],"wp:attachment":[{"href":"https:\/\/vendingoutlet.org\/de\/wp-json\/wp\/v2\/media?parent=29084"}],"curies":[{"name":"wp","href":"https:\/\/api.w.org\/{rel}","templated":true}]}}