{"id":29076,"date":"2026-03-04T09:43:52","date_gmt":"2026-03-04T08:43:52","guid":{"rendered":"https:\/\/vendingoutlet.org\/?page_id=29076"},"modified":"2026-03-04T10:10:40","modified_gmt":"2026-03-04T09:10:40","slug":"sirha-nyeremenyjatek","status":"publish","type":"page","link":"https:\/\/vendingoutlet.org\/de\/sirha-nyeremenyjatek\/","title":{"rendered":"Sirha nyerem\u00e9nyjatek"},"content":{"rendered":"\t\t<div data-elementor-type=\"wp-page\" data-elementor-id=\"29076\" class=\"elementor elementor-29076\" data-elementor-post-type=\"page\">\n\t\t\t\t\t\t<section class=\"elementor-section elementor-top-section elementor-element elementor-element-9bfebc8 elementor-section-boxed elementor-section-height-default elementor-section-height-default\" data-id=\"9bfebc8\" data-element_type=\"section\" data-e-type=\"section\">\n\t\t\t\t\t\t<div class=\"elementor-container elementor-column-gap-default\">\n\t\t\t\t\t<div class=\"elementor-column elementor-col-100 elementor-top-column elementor-element elementor-element-83fb07b\" data-id=\"83fb07b\" data-element_type=\"column\" data-e-type=\"column\">\n\t\t\t<div class=\"elementor-widget-wrap elementor-element-populated\">\n\t\t\t\t\t\t<div class=\"elementor-element elementor-element-ded76aa elementor-widget elementor-widget-image\" data-id=\"ded76aa\" data-element_type=\"widget\" data-e-type=\"widget\" data-widget_type=\"image.default\">\n\t\t\t\t<div class=\"elementor-widget-container\">\n\t\t\t\t\t\t\t\t\t\t\t\t\t\t\t<img fetchpriority=\"high\" decoding=\"async\" width=\"636\" height=\"305\" src=\"https:\/\/vendingoutlet.org\/wp-content\/uploads\/2026\/03\/palotaygroupvertical.png\" class=\"attachment-large size-large wp-image-29078\" alt=\"\" srcset=\"https:\/\/vendingoutlet.org\/wp-content\/uploads\/2026\/03\/palotaygroupvertical.png 636w, https:\/\/vendingoutlet.org\/wp-content\/uploads\/2026\/03\/palotaygroupvertical-300x144.png 300w, https:\/\/vendingoutlet.org\/wp-content\/uploads\/2026\/03\/palotaygroupvertical-18x9.png 18w, https:\/\/vendingoutlet.org\/wp-content\/uploads\/2026\/03\/palotaygroupvertical-600x288.png 600w\" sizes=\"(max-width: 636px) 100vw, 636px\" \/>\t\t\t\t\t\t\t\t\t\t\t\t\t\t\t<\/div>\n\t\t\t\t<\/div>\n\t\t\t\t\t<\/div>\n\t\t<\/div>\n\t\t\t\t\t<\/div>\n\t\t<\/section>\n\t\t\t\t<section class=\"elementor-section elementor-top-section elementor-element elementor-element-63ee26c elementor-section-boxed elementor-section-height-default elementor-section-height-default\" data-id=\"63ee26c\" data-element_type=\"section\" data-e-type=\"section\">\n\t\t\t\t\t\t<div class=\"elementor-container elementor-column-gap-default\">\n\t\t\t\t\t<div class=\"elementor-column elementor-col-100 elementor-top-column elementor-element elementor-element-cc7b161\" data-id=\"cc7b161\" data-element_type=\"column\" data-e-type=\"column\">\n\t\t\t<div class=\"elementor-widget-wrap elementor-element-populated\">\n\t\t\t\t\t\t<div class=\"elementor-element elementor-element-6f582af elementor-widget elementor-widget-heading\" data-id=\"6f582af\" data-element_type=\"widget\" data-e-type=\"widget\" data-widget_type=\"heading.default\">\n\t\t\t\t<div class=\"elementor-widget-container\">\n\t\t\t\t\t<h2 class=\"elementor-heading-title elementor-size-default\">Ingyenes j\u00e1t\u00e9k, \u00e9rt\u00e9kes nyerem\u00e9nyek!<\/h2>\t\t\t\t<\/div>\n\t\t\t\t<\/div>\n\t\t\t\t<div class=\"elementor-element elementor-element-7c2631c elementor-button-align-stretch elementor-widget elementor-widget-form\" data-id=\"7c2631c\" data-element_type=\"widget\" data-e-type=\"widget\" data-settings=\"{&quot;step_next_label&quot;:&quot;K\\u00f6vetkez\\u0151&quot;,&quot;step_previous_label&quot;:&quot;El\\u0151z\\u0151&quot;,&quot;button_width&quot;:&quot;100&quot;,&quot;step_type&quot;:&quot;number_text&quot;,&quot;step_icon_shape&quot;:&quot;circle&quot;}\" data-widget_type=\"form.default\">\n\t\t\t\t<div class=\"elementor-widget-container\">\n\t\t\t\t\t\t\t<form class=\"elementor-form\" method=\"post\" name=\"Nyerem\u00e9nyj\u00e1t\u00e9k\" aria-label=\"Nyerem\u00e9nyj\u00e1t\u00e9k\">\n\t\t\t<input type=\"hidden\" name=\"post_id\" value=\"29076\"\/>\n\t\t\t<input type=\"hidden\" name=\"form_id\" value=\"7c2631c\"\/>\n\t\t\t<input type=\"hidden\" name=\"referer_title\" value=\"Vendingoutlet\" \/>\n\n\t\t\t\n\t\t\t<div class=\"elementor-form-fields-wrapper elementor-labels-above\">\n\t\t\t\t\t\t\t\t<div class=\"elementor-field-type-text elementor-field-group elementor-column elementor-field-group-name elementor-col-100\">\n\t\t\t\t\t\t\t\t\t\t\t\t<label for=\"form-field-name\" class=\"elementor-field-label\">\n\t\t\t\t\t\t\t\tN\u00e9v\t\t\t\t\t\t\t<\/label>\n\t\t\t\t\t\t\t\t\t\t\t\t\t\t<input size=\"1\" type=\"text\" name=\"form_fields[name]\" id=\"form-field-name\" class=\"elementor-field elementor-size-sm  elementor-field-textual\" placeholder=\"N\u00e9v\">\n\t\t\t\t\t\t\t\t\t\t\t<\/div>\n\t\t\t\t\t\t\t\t<div class=\"elementor-field-type-email elementor-field-group elementor-column elementor-field-group-email elementor-col-100 elementor-field-required\">\n\t\t\t\t\t\t\t\t\t\t\t\t<label for=\"form-field-email\" class=\"elementor-field-label\">\n\t\t\t\t\t\t\t\tEmail\t\t\t\t\t\t\t<\/label>\n\t\t\t\t\t\t\t\t\t\t\t\t\t\t<input size=\"1\" type=\"email\" name=\"form_fields[email]\" id=\"form-field-email\" class=\"elementor-field elementor-size-sm  elementor-field-textual\" placeholder=\"Email\" required=\"required\">\n\t\t\t\t\t\t\t\t\t\t\t<\/div>\n\t\t\t\t\t\t\t\t<div class=\"elementor-field-type-tel elementor-field-group elementor-column elementor-field-group-field_68af589 elementor-col-100 elementor-field-required\">\n\t\t\t\t\t\t\t\t\t\t\t\t<label for=\"form-field-field_68af589\" class=\"elementor-field-label\">\n\t\t\t\t\t\t\t\tTelefonsz\u00e1m\t\t\t\t\t\t\t<\/label>\n\t\t\t\t\t\t\t\t<input size=\"1\" type=\"tel\" name=\"form_fields[field_68af589]\" id=\"form-field-field_68af589\" class=\"elementor-field elementor-size-sm  elementor-field-textual\" placeholder=\"Telefonsz\u00e1m\" required=\"required\" pattern=\"[0-9()#&amp;+*-=.]+\" title=\"Only numbers and phone characters (#, -, *, etc) are accepted.\">\n\n\t\t\t\t\t\t<\/div>\n\t\t\t\t\t\t\t\t<div class=\"elementor-field-type-acceptance elementor-field-group elementor-column elementor-field-group-field_d9e4b58 elementor-col-100 elementor-field-required\">\n\t\t\t\t\t\t\t<div class=\"elementor-field-subgroup\">\n\t\t\t<span class=\"elementor-field-option\">\n\t\t\t\t<input type=\"checkbox\" name=\"form_fields[field_d9e4b58]\" id=\"form-field-field_d9e4b58\" class=\"elementor-field elementor-size-sm  elementor-acceptance-field\" required=\"required\">\n\t\t\t\t<label for=\"form-field-field_d9e4b58\"><span style=\"font-size:13px;font-weight:500;\">\tKijelentem,  hogy elfogadom az    <a style=\"color:#8CC43C\"  href=\"https:\/\/vendingoutlet.org\/adatkezelesi-tajekoztato-2\">Adatv\u00e9delmi t\u00e1j\u00e9koztat\u00f3t <\/a><\/span><span style=\"font-size:13px;font-weight:500;\"> \u00e9s a    <a style=\"color:#8CC43C\"  href=\"https:\/\/vendingoutlet.org\/wp-content\/uploads\/2026\/03\/NYEREMENYJATEK-SZABALYZAT.pdf\">Nyerem\u00e9nyj\u00e1t\u00e9k szab\u00e1lyzat\u00e1t <\/a><\/span><span style=\"font-size:13px;font-weight:500;\"><\/label>\t\t\t<\/span>\n\t\t<\/div>\n\t\t\t\t\t\t<\/div>\n\t\t\t\t\t\t\t\t<div class=\"elementor-field-group elementor-column elementor-field-type-submit elementor-col-100 e-form__buttons\">\n\t\t\t\t\t<button class=\"elementor-button elementor-size-sm\" type=\"submit\">\n\t\t\t\t\t\t<span class=\"elementor-button-content-wrapper\">\n\t\t\t\t\t\t\t\t\t\t\t\t\t\t\t\t\t\t\t\t\t\t<span class=\"elementor-button-text\">K\u00fcld\u00e9s<\/span>\n\t\t\t\t\t\t\t\t\t\t\t\t\t<\/span>\n\t\t\t\t\t<\/button>\n\t\t\t\t<\/div>\n\t\t\t<\/div>\n\t\t<\/form>\n\t\t\t\t\t\t<\/div>\n\t\t\t\t<\/div>\n\t\t\t\t\t<\/div>\n\t\t<\/div>\n\t\t\t\t\t<\/div>\n\t\t<\/section>\n\t\t\t\t<\/div>\n\t\t","protected":false},"excerpt":{"rendered":"<p>Ingyenes j\u00e1t\u00e9k, \u00e9rt\u00e9kes nyerem\u00e9nyek!<\/p>","protected":false},"author":2,"featured_media":0,"parent":0,"menu_order":0,"comment_status":"closed","ping_status":"closed","template":"elementor_canvas","meta":{"_acf_changed":false,"content-type":"","footnotes":""},"class_list":["post-29076","page","type-page","status-publish"],"acf":[],"yoast_head":"<!-- This site is optimized with the Yoast SEO plugin v27.4 - https:\/\/yoast.com\/product\/yoast-seo-wordpress\/ -->\n<title>Sirha nyerem\u00e9nyjatek - Vendingoutlet<\/title>\n<meta name=\"robots\" content=\"index, follow, max-snippet:-1, max-image-preview:large, max-video-preview:-1\" \/>\n<link rel=\"canonical\" href=\"https:\/\/vendingoutlet.org\/de\/sirha-nyeremenyjatek\/\" \/>\n<meta property=\"og:locale\" content=\"de_DE\" \/>\n<meta property=\"og:type\" content=\"article\" \/>\n<meta property=\"og:title\" content=\"Sirha nyerem\u00e9nyjatek - Vendingoutlet\" \/>\n<meta property=\"og:description\" content=\"Ingyenes j\u00e1t\u00e9k, \u00e9rt\u00e9kes nyerem\u00e9nyek!\" \/>\n<meta property=\"og:url\" content=\"https:\/\/vendingoutlet.org\/de\/sirha-nyeremenyjatek\/\" \/>\n<meta property=\"og:site_name\" content=\"Vendingoutlet\" \/>\n<meta property=\"article:modified_time\" content=\"2026-03-04T09:10:40+00:00\" \/>\n<meta property=\"og:image\" content=\"https:\/\/vendingoutlet.org\/wp-content\/uploads\/2026\/03\/palotaygroupvertical.png\" \/>\n\t<meta property=\"og:image:width\" content=\"636\" \/>\n\t<meta property=\"og:image:height\" content=\"305\" \/>\n\t<meta property=\"og:image:type\" content=\"image\/png\" \/>\n<meta name=\"twitter:card\" content=\"summary_large_image\" \/>\n<script type=\"application\/ld+json\" class=\"yoast-schema-graph\">{\"@context\":\"https:\\\/\\\/schema.org\",\"@graph\":[{\"@type\":\"WebPage\",\"@id\":\"https:\\\/\\\/vendingoutlet.org\\\/sirha-nyeremenyjatek\\\/\",\"url\":\"https:\\\/\\\/vendingoutlet.org\\\/sirha-nyeremenyjatek\\\/\",\"name\":\"Sirha nyerem\u00e9nyjatek - Vendingoutlet\",\"isPartOf\":{\"@id\":\"https:\\\/\\\/vendingoutlet.org\\\/#website\"},\"primaryImageOfPage\":{\"@id\":\"https:\\\/\\\/vendingoutlet.org\\\/sirha-nyeremenyjatek\\\/#primaryimage\"},\"image\":{\"@id\":\"https:\\\/\\\/vendingoutlet.org\\\/sirha-nyeremenyjatek\\\/#primaryimage\"},\"thumbnailUrl\":\"https:\\\/\\\/vendingoutlet.org\\\/wp-content\\\/uploads\\\/2026\\\/03\\\/palotaygroupvertical.png\",\"datePublished\":\"2026-03-04T08:43:52+00:00\",\"dateModified\":\"2026-03-04T09:10:40+00:00\",\"breadcrumb\":{\"@id\":\"https:\\\/\\\/vendingoutlet.org\\\/sirha-nyeremenyjatek\\\/#breadcrumb\"},\"inLanguage\":\"de\",\"potentialAction\":[{\"@type\":\"ReadAction\",\"target\":[\"https:\\\/\\\/vendingoutlet.org\\\/sirha-nyeremenyjatek\\\/\"]}]},{\"@type\":\"ImageObject\",\"inLanguage\":\"de\",\"@id\":\"https:\\\/\\\/vendingoutlet.org\\\/sirha-nyeremenyjatek\\\/#primaryimage\",\"url\":\"https:\\\/\\\/vendingoutlet.org\\\/wp-content\\\/uploads\\\/2026\\\/03\\\/palotaygroupvertical.png\",\"contentUrl\":\"https:\\\/\\\/vendingoutlet.org\\\/wp-content\\\/uploads\\\/2026\\\/03\\\/palotaygroupvertical.png\"},{\"@type\":\"BreadcrumbList\",\"@id\":\"https:\\\/\\\/vendingoutlet.org\\\/sirha-nyeremenyjatek\\\/#breadcrumb\",\"itemListElement\":[{\"@type\":\"ListItem\",\"position\":1,\"name\":\"Kezd\u0151lap\",\"item\":\"https:\\\/\\\/vendingoutlet.org\\\/\"},{\"@type\":\"ListItem\",\"position\":2,\"name\":\"Sirha nyerem\u00e9nyjatek\"}]},{\"@type\":\"WebSite\",\"@id\":\"https:\\\/\\\/vendingoutlet.org\\\/#website\",\"url\":\"https:\\\/\\\/vendingoutlet.org\\\/\",\"name\":\"Vendingoutlet\",\"description\":\"Haszn\u00e1lt \u00e1rus\u00edt\u00f3 automat\u00e1k \u00e9rt\u00e9kes\u00edt\u00e9se\",\"publisher\":{\"@id\":\"https:\\\/\\\/vendingoutlet.org\\\/#organization\"},\"potentialAction\":[{\"@type\":\"SearchAction\",\"target\":{\"@type\":\"EntryPoint\",\"urlTemplate\":\"https:\\\/\\\/vendingoutlet.org\\\/?s={search_term_string}\"},\"query-input\":{\"@type\":\"PropertyValueSpecification\",\"valueRequired\":true,\"valueName\":\"search_term_string\"}}],\"inLanguage\":\"de\"},{\"@type\":\"Organization\",\"@id\":\"https:\\\/\\\/vendingoutlet.org\\\/#organization\",\"name\":\"Vendingoutlet\",\"url\":\"https:\\\/\\\/vendingoutlet.org\\\/\",\"logo\":{\"@type\":\"ImageObject\",\"inLanguage\":\"de\",\"@id\":\"https:\\\/\\\/vendingoutlet.org\\\/#\\\/schema\\\/logo\\\/image\\\/\",\"url\":\"https:\\\/\\\/vendingoutlet.org\\\/wp-content\\\/uploads\\\/2023\\\/04\\\/loho-blue.svg\",\"contentUrl\":\"https:\\\/\\\/vendingoutlet.org\\\/wp-content\\\/uploads\\\/2023\\\/04\\\/loho-blue.svg\",\"width\":349,\"height\":77,\"caption\":\"Vendingoutlet\"},\"image\":{\"@id\":\"https:\\\/\\\/vendingoutlet.org\\\/#\\\/schema\\\/logo\\\/image\\\/\"}}]}<\/script>\n<!-- \/ Yoast SEO plugin. -->","yoast_head_json":{"title":"Sirha nyerem\u00e9nyjatek - Vendingoutlet","robots":{"index":"index","follow":"follow","max-snippet":"max-snippet:-1","max-image-preview":"max-image-preview:large","max-video-preview":"max-video-preview:-1"},"canonical":"https:\/\/vendingoutlet.org\/de\/sirha-nyeremenyjatek\/","og_locale":"de_DE","og_type":"article","og_title":"Sirha nyerem\u00e9nyjatek - Vendingoutlet","og_description":"Ingyenes j\u00e1t\u00e9k, \u00e9rt\u00e9kes nyerem\u00e9nyek!","og_url":"https:\/\/vendingoutlet.org\/de\/sirha-nyeremenyjatek\/","og_site_name":"Vendingoutlet","article_modified_time":"2026-03-04T09:10:40+00:00","og_image":[{"width":636,"height":305,"url":"https:\/\/vendingoutlet.org\/wp-content\/uploads\/2026\/03\/palotaygroupvertical.png","type":"image\/png"}],"twitter_card":"summary_large_image","schema":{"@context":"https:\/\/schema.org","@graph":[{"@type":"WebPage","@id":"https:\/\/vendingoutlet.org\/sirha-nyeremenyjatek\/","url":"https:\/\/vendingoutlet.org\/sirha-nyeremenyjatek\/","name":"Sirha nyerem\u00e9nyjatek - Vendingoutlet","isPartOf":{"@id":"https:\/\/vendingoutlet.org\/#website"},"primaryImageOfPage":{"@id":"https:\/\/vendingoutlet.org\/sirha-nyeremenyjatek\/#primaryimage"},"image":{"@id":"https:\/\/vendingoutlet.org\/sirha-nyeremenyjatek\/#primaryimage"},"thumbnailUrl":"https:\/\/vendingoutlet.org\/wp-content\/uploads\/2026\/03\/palotaygroupvertical.png","datePublished":"2026-03-04T08:43:52+00:00","dateModified":"2026-03-04T09:10:40+00:00","breadcrumb":{"@id":"https:\/\/vendingoutlet.org\/sirha-nyeremenyjatek\/#breadcrumb"},"inLanguage":"de","potentialAction":[{"@type":"ReadAction","target":["https:\/\/vendingoutlet.org\/sirha-nyeremenyjatek\/"]}]},{"@type":"ImageObject","inLanguage":"de","@id":"https:\/\/vendingoutlet.org\/sirha-nyeremenyjatek\/#primaryimage","url":"https:\/\/vendingoutlet.org\/wp-content\/uploads\/2026\/03\/palotaygroupvertical.png","contentUrl":"https:\/\/vendingoutlet.org\/wp-content\/uploads\/2026\/03\/palotaygroupvertical.png"},{"@type":"BreadcrumbList","@id":"https:\/\/vendingoutlet.org\/sirha-nyeremenyjatek\/#breadcrumb","itemListElement":[{"@type":"ListItem","position":1,"name":"Kezd\u0151lap","item":"https:\/\/vendingoutlet.org\/"},{"@type":"ListItem","position":2,"name":"Sirha nyerem\u00e9nyjatek"}]},{"@type":"WebSite","@id":"https:\/\/vendingoutlet.org\/#website","url":"https:\/\/vendingoutlet.org\/","name":"Vendingoutlet","description":"Haszn\u00e1lt \u00e1rus\u00edt\u00f3 automat\u00e1k \u00e9rt\u00e9kes\u00edt\u00e9se","publisher":{"@id":"https:\/\/vendingoutlet.org\/#organization"},"potentialAction":[{"@type":"SearchAction","target":{"@type":"EntryPoint","urlTemplate":"https:\/\/vendingoutlet.org\/?s={search_term_string}"},"query-input":{"@type":"PropertyValueSpecification","valueRequired":true,"valueName":"search_term_string"}}],"inLanguage":"de"},{"@type":"Organization","@id":"https:\/\/vendingoutlet.org\/#organization","name":"Vendingoutlet","url":"https:\/\/vendingoutlet.org\/","logo":{"@type":"ImageObject","inLanguage":"de","@id":"https:\/\/vendingoutlet.org\/#\/schema\/logo\/image\/","url":"https:\/\/vendingoutlet.org\/wp-content\/uploads\/2023\/04\/loho-blue.svg","contentUrl":"https:\/\/vendingoutlet.org\/wp-content\/uploads\/2023\/04\/loho-blue.svg","width":349,"height":77,"caption":"Vendingoutlet"},"image":{"@id":"https:\/\/vendingoutlet.org\/#\/schema\/logo\/image\/"}}]}},"_links":{"self":[{"href":"https:\/\/vendingoutlet.org\/de\/wp-json\/wp\/v2\/pages\/29076","targetHints":{"allow":["GET"]}}],"collection":[{"href":"https:\/\/vendingoutlet.org\/de\/wp-json\/wp\/v2\/pages"}],"about":[{"href":"https:\/\/vendingoutlet.org\/de\/wp-json\/wp\/v2\/types\/page"}],"author":[{"embeddable":true,"href":"https:\/\/vendingoutlet.org\/de\/wp-json\/wp\/v2\/users\/2"}],"replies":[{"embeddable":true,"href":"https:\/\/vendingoutlet.org\/de\/wp-json\/wp\/v2\/comments?post=29076"}],"version-history":[{"count":10,"href":"https:\/\/vendingoutlet.org\/de\/wp-json\/wp\/v2\/pages\/29076\/revisions"}],"predecessor-version":[{"id":29097,"href":"https:\/\/vendingoutlet.org\/de\/wp-json\/wp\/v2\/pages\/29076\/revisions\/29097"}],"wp:attachment":[{"href":"https:\/\/vendingoutlet.org\/de\/wp-json\/wp\/v2\/media?parent=29076"}],"curies":[{"name":"wp","href":"https:\/\/api.w.org\/{rel}","templated":true}]}}