{"id":25058,"date":"2023-09-18T08:25:37","date_gmt":"2023-09-18T06:25:37","guid":{"rendered":"https:\/\/vendingoutlet.org\/?page_id=25058"},"modified":"2023-09-18T08:39:54","modified_gmt":"2023-09-18T06:39:54","slug":"latogatas","status":"publish","type":"page","link":"https:\/\/vendingoutlet.org\/de\/latogatas\/","title":{"rendered":"Besuch unseres Unternehmens"},"content":{"rendered":"<p><strong>Besuche<\/strong><\/p>\n\n\n\n<p><strong>Sehr geehrte(r) Kunde<\/strong><br><br>Besuche unseres Unternehmens oder der Automaten nur nach vorheriger Absprache!<br><br>Wenn Sie ohne vorherige Absprache kommen, freuen wir uns sehr, Sie willkommen zu hei\u00dfen, doch in diesem Fall m\u00fcssen Sie m\u00f6glicherweise warten.<br><br>Wenn ein Service erforderlich ist, ist dieser nur w\u00e4hrend der Gesch\u00e4ftszeiten von Montag bis Freitag zwischen 8:00 und 16:00 Uhr verf\u00fcgbar.<br><br>F\u00fcr unsere Kunden stehen wir im Bereich Automatenaufstellung, -hebung sowie Be- und Entladung von Automaten zwischen 8:00 und 15:00 Uhr zur Verf\u00fcgung.<br><br><\/p>","protected":false},"excerpt":{"rendered":"<p>L\u00e1togat\u00e1sok Tisztelt (leend\u0151) V\u00e1s\u00e1rl\u00f3! C\u00e9g\u00fcnket illetve az automat\u00e1kat megtekinteni, el\u0151zetes egyeztet\u00e9s alapj\u00e1n lehets\u00e9ges! Amennyiben el\u0151zetes egyeztet\u00e9s n\u00e9lk\u00fcl \u00e9rkezn\u00e9nek, nagyon sz\u00edvesen tudjuk fogadni \u00d6n\u00f6ket, de ez esetben, esetleges v\u00e1rakoz\u00e1si id\u0151vel kell sz\u00e1molni. Amennyiben szerviz szolg\u00e1ltat\u00e1sokat is ig\u00e9nyelnek, abban az esetben csak munkaid\u0151ben lehets\u00e9ges h\u00e9tf\u0151t\u0151l cs\u00fct\u00f6rt\u00f6kig 8:00 &#8211; 16:00 \u00f3ra k\u00f6z\u00f6tt, illetve p\u00e9nteken 8:00 &#8211; 13:30 \u00f3ra &#8230; <a title=\"Besuch unseres Unternehmens\" class=\"read-more\" href=\"https:\/\/vendingoutlet.org\/de\/latogatas\/\" aria-label=\"Mehr Informationen \u00fcber L\u00e1togat\u00e1s\">Weiterlesen<\/a><\/p>","protected":false},"author":2,"featured_media":0,"parent":0,"menu_order":0,"comment_status":"closed","ping_status":"closed","template":"","meta":{"_acf_changed":false,"content-type":"","footnotes":""},"class_list":["post-25058","page","type-page","status-publish"],"acf":[],"yoast_head":"<!-- This site is optimized with the Yoast SEO plugin v27.4 - https:\/\/yoast.com\/product\/yoast-seo-wordpress\/ -->\n<title>L\u00e1togat\u00e1s - Vendingoutlet<\/title>\n<meta name=\"robots\" content=\"index, follow, max-snippet:-1, max-image-preview:large, max-video-preview:-1\" \/>\n<link rel=\"canonical\" href=\"https:\/\/vendingoutlet.org\/de\/latogatas\/\" \/>\n<meta property=\"og:locale\" content=\"de_DE\" \/>\n<meta property=\"og:type\" content=\"article\" \/>\n<meta property=\"og:title\" content=\"L\u00e1togat\u00e1s - Vendingoutlet\" \/>\n<meta property=\"og:description\" content=\"L\u00e1togat\u00e1sok Tisztelt (leend\u0151) V\u00e1s\u00e1rl\u00f3! C\u00e9g\u00fcnket illetve az automat\u00e1kat megtekinteni, el\u0151zetes egyeztet\u00e9s alapj\u00e1n lehets\u00e9ges! Amennyiben el\u0151zetes egyeztet\u00e9s n\u00e9lk\u00fcl \u00e9rkezn\u00e9nek, nagyon sz\u00edvesen tudjuk fogadni \u00d6n\u00f6ket, de ez esetben, esetleges v\u00e1rakoz\u00e1si id\u0151vel kell sz\u00e1molni. Amennyiben szerviz szolg\u00e1ltat\u00e1sokat is ig\u00e9nyelnek, abban az esetben csak munkaid\u0151ben lehets\u00e9ges h\u00e9tf\u0151t\u0151l cs\u00fct\u00f6rt\u00f6kig 8:00 &#8211; 16:00 \u00f3ra k\u00f6z\u00f6tt, illetve p\u00e9nteken 8:00 &#8211; 13:30 \u00f3ra ... Weiterlesen\" \/>\n<meta property=\"og:url\" content=\"https:\/\/vendingoutlet.org\/de\/latogatas\/\" \/>\n<meta property=\"og:site_name\" content=\"Vendingoutlet\" \/>\n<meta property=\"article:modified_time\" content=\"2023-09-18T06:39:54+00:00\" \/>\n<meta name=\"twitter:card\" content=\"summary_large_image\" \/>\n<script type=\"application\/ld+json\" class=\"yoast-schema-graph\">{\"@context\":\"https:\\\/\\\/schema.org\",\"@graph\":[{\"@type\":\"WebPage\",\"@id\":\"https:\\\/\\\/vendingoutlet.org\\\/latogatas\\\/\",\"url\":\"https:\\\/\\\/vendingoutlet.org\\\/latogatas\\\/\",\"name\":\"L\u00e1togat\u00e1s - Vendingoutlet\",\"isPartOf\":{\"@id\":\"https:\\\/\\\/vendingoutlet.org\\\/#website\"},\"datePublished\":\"2023-09-18T06:25:37+00:00\",\"dateModified\":\"2023-09-18T06:39:54+00:00\",\"breadcrumb\":{\"@id\":\"https:\\\/\\\/vendingoutlet.org\\\/latogatas\\\/#breadcrumb\"},\"inLanguage\":\"de\",\"potentialAction\":[{\"@type\":\"ReadAction\",\"target\":[\"https:\\\/\\\/vendingoutlet.org\\\/latogatas\\\/\"]}]},{\"@type\":\"BreadcrumbList\",\"@id\":\"https:\\\/\\\/vendingoutlet.org\\\/latogatas\\\/#breadcrumb\",\"itemListElement\":[{\"@type\":\"ListItem\",\"position\":1,\"name\":\"Kezd\u0151lap\",\"item\":\"https:\\\/\\\/vendingoutlet.org\\\/\"},{\"@type\":\"ListItem\",\"position\":2,\"name\":\"L\u00e1togat\u00e1s\"}]},{\"@type\":\"WebSite\",\"@id\":\"https:\\\/\\\/vendingoutlet.org\\\/#website\",\"url\":\"https:\\\/\\\/vendingoutlet.org\\\/\",\"name\":\"Vendingoutlet\",\"description\":\"Haszn\u00e1lt \u00e1rus\u00edt\u00f3 automat\u00e1k \u00e9rt\u00e9kes\u00edt\u00e9se\",\"publisher\":{\"@id\":\"https:\\\/\\\/vendingoutlet.org\\\/#organization\"},\"potentialAction\":[{\"@type\":\"SearchAction\",\"target\":{\"@type\":\"EntryPoint\",\"urlTemplate\":\"https:\\\/\\\/vendingoutlet.org\\\/?s={search_term_string}\"},\"query-input\":{\"@type\":\"PropertyValueSpecification\",\"valueRequired\":true,\"valueName\":\"search_term_string\"}}],\"inLanguage\":\"de\"},{\"@type\":\"Organization\",\"@id\":\"https:\\\/\\\/vendingoutlet.org\\\/#organization\",\"name\":\"Vendingoutlet\",\"url\":\"https:\\\/\\\/vendingoutlet.org\\\/\",\"logo\":{\"@type\":\"ImageObject\",\"inLanguage\":\"de\",\"@id\":\"https:\\\/\\\/vendingoutlet.org\\\/#\\\/schema\\\/logo\\\/image\\\/\",\"url\":\"https:\\\/\\\/vendingoutlet.org\\\/wp-content\\\/uploads\\\/2023\\\/04\\\/loho-blue.svg\",\"contentUrl\":\"https:\\\/\\\/vendingoutlet.org\\\/wp-content\\\/uploads\\\/2023\\\/04\\\/loho-blue.svg\",\"width\":349,\"height\":77,\"caption\":\"Vendingoutlet\"},\"image\":{\"@id\":\"https:\\\/\\\/vendingoutlet.org\\\/#\\\/schema\\\/logo\\\/image\\\/\"}}]}<\/script>\n<!-- \/ Yoast SEO plugin. -->","yoast_head_json":{"title":"L\u00e1togat\u00e1s - Vendingoutlet","robots":{"index":"index","follow":"follow","max-snippet":"max-snippet:-1","max-image-preview":"max-image-preview:large","max-video-preview":"max-video-preview:-1"},"canonical":"https:\/\/vendingoutlet.org\/de\/latogatas\/","og_locale":"de_DE","og_type":"article","og_title":"L\u00e1togat\u00e1s - Vendingoutlet","og_description":"L\u00e1togat\u00e1sok Tisztelt (leend\u0151) V\u00e1s\u00e1rl\u00f3! C\u00e9g\u00fcnket illetve az automat\u00e1kat megtekinteni, el\u0151zetes egyeztet\u00e9s alapj\u00e1n lehets\u00e9ges! Amennyiben el\u0151zetes egyeztet\u00e9s n\u00e9lk\u00fcl \u00e9rkezn\u00e9nek, nagyon sz\u00edvesen tudjuk fogadni \u00d6n\u00f6ket, de ez esetben, esetleges v\u00e1rakoz\u00e1si id\u0151vel kell sz\u00e1molni. Amennyiben szerviz szolg\u00e1ltat\u00e1sokat is ig\u00e9nyelnek, abban az esetben csak munkaid\u0151ben lehets\u00e9ges h\u00e9tf\u0151t\u0151l cs\u00fct\u00f6rt\u00f6kig 8:00 &#8211; 16:00 \u00f3ra k\u00f6z\u00f6tt, illetve p\u00e9nteken 8:00 &#8211; 13:30 \u00f3ra ... Weiterlesen","og_url":"https:\/\/vendingoutlet.org\/de\/latogatas\/","og_site_name":"Vendingoutlet","article_modified_time":"2023-09-18T06:39:54+00:00","twitter_card":"summary_large_image","schema":{"@context":"https:\/\/schema.org","@graph":[{"@type":"WebPage","@id":"https:\/\/vendingoutlet.org\/latogatas\/","url":"https:\/\/vendingoutlet.org\/latogatas\/","name":"L\u00e1togat\u00e1s - Vendingoutlet","isPartOf":{"@id":"https:\/\/vendingoutlet.org\/#website"},"datePublished":"2023-09-18T06:25:37+00:00","dateModified":"2023-09-18T06:39:54+00:00","breadcrumb":{"@id":"https:\/\/vendingoutlet.org\/latogatas\/#breadcrumb"},"inLanguage":"de","potentialAction":[{"@type":"ReadAction","target":["https:\/\/vendingoutlet.org\/latogatas\/"]}]},{"@type":"BreadcrumbList","@id":"https:\/\/vendingoutlet.org\/latogatas\/#breadcrumb","itemListElement":[{"@type":"ListItem","position":1,"name":"Kezd\u0151lap","item":"https:\/\/vendingoutlet.org\/"},{"@type":"ListItem","position":2,"name":"L\u00e1togat\u00e1s"}]},{"@type":"WebSite","@id":"https:\/\/vendingoutlet.org\/#website","url":"https:\/\/vendingoutlet.org\/","name":"Vendingoutlet","description":"Haszn\u00e1lt \u00e1rus\u00edt\u00f3 automat\u00e1k \u00e9rt\u00e9kes\u00edt\u00e9se","publisher":{"@id":"https:\/\/vendingoutlet.org\/#organization"},"potentialAction":[{"@type":"SearchAction","target":{"@type":"EntryPoint","urlTemplate":"https:\/\/vendingoutlet.org\/?s={search_term_string}"},"query-input":{"@type":"PropertyValueSpecification","valueRequired":true,"valueName":"search_term_string"}}],"inLanguage":"de"},{"@type":"Organization","@id":"https:\/\/vendingoutlet.org\/#organization","name":"Vendingoutlet","url":"https:\/\/vendingoutlet.org\/","logo":{"@type":"ImageObject","inLanguage":"de","@id":"https:\/\/vendingoutlet.org\/#\/schema\/logo\/image\/","url":"https:\/\/vendingoutlet.org\/wp-content\/uploads\/2023\/04\/loho-blue.svg","contentUrl":"https:\/\/vendingoutlet.org\/wp-content\/uploads\/2023\/04\/loho-blue.svg","width":349,"height":77,"caption":"Vendingoutlet"},"image":{"@id":"https:\/\/vendingoutlet.org\/#\/schema\/logo\/image\/"}}]}},"_links":{"self":[{"href":"https:\/\/vendingoutlet.org\/de\/wp-json\/wp\/v2\/pages\/25058","targetHints":{"allow":["GET"]}}],"collection":[{"href":"https:\/\/vendingoutlet.org\/de\/wp-json\/wp\/v2\/pages"}],"about":[{"href":"https:\/\/vendingoutlet.org\/de\/wp-json\/wp\/v2\/types\/page"}],"author":[{"embeddable":true,"href":"https:\/\/vendingoutlet.org\/de\/wp-json\/wp\/v2\/users\/2"}],"replies":[{"embeddable":true,"href":"https:\/\/vendingoutlet.org\/de\/wp-json\/wp\/v2\/comments?post=25058"}],"version-history":[{"count":0,"href":"https:\/\/vendingoutlet.org\/de\/wp-json\/wp\/v2\/pages\/25058\/revisions"}],"wp:attachment":[{"href":"https:\/\/vendingoutlet.org\/de\/wp-json\/wp\/v2\/media?parent=25058"}],"curies":[{"name":"wp","href":"https:\/\/api.w.org\/{rel}","templated":true}]}}